{"id":857,"date":"2016-09-22T10:26:41","date_gmt":"2016-09-22T10:26:41","guid":{"rendered":"http:\/\/laligue53.org\/usep\/?page_id=857"},"modified":"2018-10-01T08:13:22","modified_gmt":"2018-10-01T08:13:22","slug":"handball","status":"publish","type":"page","link":"https:\/\/laligue53.org\/usep\/documents-pedagosiques\/athletisme\/handball\/","title":{"rendered":"Handball"},"content":{"rendered":"<p><a href=\"http:\/\/laligue53.org\/usep\/wp-content\/uploads\/2016\/09\/handball-1ers-pas-vol1_001.pdf\">handball-1ers-pas-vol1_001<\/a><\/p>\n<p><a href=\"http:\/\/laligue53.org\/usep\/wp-content\/uploads\/2016\/09\/handball-1ers-pas-vol1_002.pdf\">handball-1ers-pas-vol1_002<\/a><\/p>\n<p><a href=\"http:\/\/laligue53.org\/usep\/wp-content\/uploads\/2016\/09\/handball-1ers-pas-vol1_003.pdf\">handball-1ers-pas-vol1_003<\/a><\/p>\n<p><a href=\"http:\/\/laligue53.org\/usep\/wp-content\/uploads\/2016\/09\/livret-handball-1ers-pas-vol2_001.pdf\">livret-handball-1ers-pas-vol2_001<\/a><\/p>\n<p><a href=\"http:\/\/laligue53.org\/usep\/wp-content\/uploads\/2016\/09\/livret-handball-1ers-pas-vol2_002.pdf\">livret-handball-1ers-pas-vol2_002<\/a><\/p>\n<p><a href=\"http:\/\/laligue53.org\/usep\/wp-content\/uploads\/2016\/09\/livret-handball-1ers-pas-vol2_003.pdf\">livret-handball-1ers-pas-vol2_003<\/a><\/p>\n<p><a href=\"http:\/\/laligue53.org\/usep\/wp-content\/uploads\/2016\/09\/livret-handball-1ers-pas-vol2_004.pdf\">livret-handball-1ers-pas-vol2_004<\/a><\/p>\n<blockquote class=\"wp-embedded-content\" data-secret=\"q2TN37dtOH\"><p><a href=\"http:\/\/comitehandball53.com\/2018\/09\/27\/ehf-euro-2018-du-travail-pour-les-scolaires\/\">EHF Euro 2018 : du travail pour les scolaires<\/a><\/p><\/blockquote>\n<p><iframe loading=\"lazy\" class=\"wp-embedded-content\" sandbox=\"allow-scripts\" security=\"restricted\" style=\"position: absolute; clip: rect(1px, 1px, 1px, 1px);\" src=\"http:\/\/comitehandball53.com\/2018\/09\/27\/ehf-euro-2018-du-travail-pour-les-scolaires\/embed\/#?secret=q2TN37dtOH\" data-secret=\"q2TN37dtOH\" width=\"600\" height=\"338\" title=\"\u00ab\u00a0EHF Euro 2018 : du travail pour les scolaires\u00a0\u00bb &#8212; le Comite handball 53\" frameborder=\"0\" marginwidth=\"0\" marginheight=\"0\" scrolling=\"no\"><\/iframe><\/p>\n","protected":false},"excerpt":{"rendered":"<p>handball-1ers-pas-vol1_001 handball-1ers-pas-vol1_002 handball-1ers-pas-vol1_003 livret-handball-1ers-pas-vol2_001 livret-handball-1ers-pas-vol2_002 livret-handball-1ers-pas-vol2_003 livret-handball-1ers-pas-vol2_004 EHF Euro 2018 : du travail pour les scolaires<\/p>\n<p class=\"continue-reading-button\"> <a class=\"continue-reading-link\" href=\"https:\/\/laligue53.org\/usep\/documents-pedagosiques\/athletisme\/handball\/\">Lire la suite<i class=\"crycon-right-dir\"><\/i><\/a><\/p>\n","protected":false},"author":1,"featured_media":0,"parent":362,"menu_order":0,"comment_status":"closed","ping_status":"closed","template":"","meta":{"footnotes":""},"class_list":["post-857","page","type-page","status-publish","hentry"],"yoast_head":"<!-- This site is optimized with the Yoast SEO plugin v19.6.1 - https:\/\/yoast.com\/wordpress\/plugins\/seo\/ -->\n<title>Handball - Comit\u00e9 d\u00e9partemental USEP(53) Mayenne<\/title>\n<meta name=\"robots\" content=\"index, follow, max-snippet:-1, max-image-preview:large, max-video-preview:-1\" \/>\n<link rel=\"canonical\" href=\"https:\/\/laligue53.org\/usep\/documents-pedagosiques\/athletisme\/handball\/\" \/>\n<meta property=\"og:locale\" content=\"fr_FR\" \/>\n<meta property=\"og:type\" content=\"article\" \/>\n<meta property=\"og:title\" content=\"Handball - Comit\u00e9 d\u00e9partemental USEP(53) Mayenne\" \/>\n<meta property=\"og:description\" content=\"handball-1ers-pas-vol1_001 handball-1ers-pas-vol1_002 handball-1ers-pas-vol1_003 livret-handball-1ers-pas-vol2_001 livret-handball-1ers-pas-vol2_002 livret-handball-1ers-pas-vol2_003 livret-handball-1ers-pas-vol2_004 EHF Euro 2018 : du travail pour les scolaires Lire la suite\" \/>\n<meta property=\"og:url\" content=\"https:\/\/laligue53.org\/usep\/documents-pedagosiques\/athletisme\/handball\/\" \/>\n<meta property=\"og:site_name\" content=\"Comit\u00e9 d\u00e9partemental USEP(53) Mayenne\" \/>\n<meta property=\"article:modified_time\" content=\"2018-10-01T08:13:22+00:00\" \/>\n<script type=\"application\/ld+json\" class=\"yoast-schema-graph\">{\"@context\":\"https:\/\/schema.org\",\"@graph\":[{\"@type\":\"WebPage\",\"@id\":\"https:\/\/laligue53.org\/usep\/documents-pedagosiques\/athletisme\/handball\/\",\"url\":\"https:\/\/laligue53.org\/usep\/documents-pedagosiques\/athletisme\/handball\/\",\"name\":\"Handball - Comit\u00e9 d\u00e9partemental USEP(53) Mayenne\",\"isPartOf\":{\"@id\":\"https:\/\/laligue53.org\/usep\/#website\"},\"datePublished\":\"2016-09-22T10:26:41+00:00\",\"dateModified\":\"2018-10-01T08:13:22+00:00\",\"breadcrumb\":{\"@id\":\"https:\/\/laligue53.org\/usep\/documents-pedagosiques\/athletisme\/handball\/#breadcrumb\"},\"inLanguage\":\"fr-FR\",\"potentialAction\":[{\"@type\":\"ReadAction\",\"target\":[\"https:\/\/laligue53.org\/usep\/documents-pedagosiques\/athletisme\/handball\/\"]}]},{\"@type\":\"BreadcrumbList\",\"@id\":\"https:\/\/laligue53.org\/usep\/documents-pedagosiques\/athletisme\/handball\/#breadcrumb\",\"itemListElement\":[{\"@type\":\"ListItem\",\"position\":1,\"name\":\"Accueil\",\"item\":\"https:\/\/laligue53.org\/usep\/\"},{\"@type\":\"ListItem\",\"position\":2,\"name\":\"Dynamique Sportive (documents p\u00e9dagogiques)\",\"item\":\"https:\/\/laligue53.org\/usep\/documents-pedagosiques\/\"},{\"@type\":\"ListItem\",\"position\":3,\"name\":\"Sports collectifs\",\"item\":\"https:\/\/laligue53.org\/usep\/documents-pedagosiques\/athletisme\/\"},{\"@type\":\"ListItem\",\"position\":4,\"name\":\"Handball\"}]},{\"@type\":\"WebSite\",\"@id\":\"https:\/\/laligue53.org\/usep\/#website\",\"url\":\"https:\/\/laligue53.org\/usep\/\",\"name\":\"Comit\u00e9 d\u00e9partemental USEP(53) Mayenne\",\"description\":\"USEP 53 l&#039;Union Sportive de l&#039;Enseignement du Premier degr\u00e9\",\"potentialAction\":[{\"@type\":\"SearchAction\",\"target\":{\"@type\":\"EntryPoint\",\"urlTemplate\":\"https:\/\/laligue53.org\/usep\/?s={search_term_string}\"},\"query-input\":\"required name=search_term_string\"}],\"inLanguage\":\"fr-FR\"}]}<\/script>\n<!-- \/ Yoast SEO plugin. -->","yoast_head_json":{"title":"Handball - Comit\u00e9 d\u00e9partemental USEP(53) Mayenne","robots":{"index":"index","follow":"follow","max-snippet":"max-snippet:-1","max-image-preview":"max-image-preview:large","max-video-preview":"max-video-preview:-1"},"canonical":"https:\/\/laligue53.org\/usep\/documents-pedagosiques\/athletisme\/handball\/","og_locale":"fr_FR","og_type":"article","og_title":"Handball - Comit\u00e9 d\u00e9partemental USEP(53) Mayenne","og_description":"handball-1ers-pas-vol1_001 handball-1ers-pas-vol1_002 handball-1ers-pas-vol1_003 livret-handball-1ers-pas-vol2_001 livret-handball-1ers-pas-vol2_002 livret-handball-1ers-pas-vol2_003 livret-handball-1ers-pas-vol2_004 EHF Euro 2018 : du travail pour les scolaires Lire la suite","og_url":"https:\/\/laligue53.org\/usep\/documents-pedagosiques\/athletisme\/handball\/","og_site_name":"Comit\u00e9 d\u00e9partemental USEP(53) Mayenne","article_modified_time":"2018-10-01T08:13:22+00:00","schema":{"@context":"https:\/\/schema.org","@graph":[{"@type":"WebPage","@id":"https:\/\/laligue53.org\/usep\/documents-pedagosiques\/athletisme\/handball\/","url":"https:\/\/laligue53.org\/usep\/documents-pedagosiques\/athletisme\/handball\/","name":"Handball - Comit\u00e9 d\u00e9partemental USEP(53) Mayenne","isPartOf":{"@id":"https:\/\/laligue53.org\/usep\/#website"},"datePublished":"2016-09-22T10:26:41+00:00","dateModified":"2018-10-01T08:13:22+00:00","breadcrumb":{"@id":"https:\/\/laligue53.org\/usep\/documents-pedagosiques\/athletisme\/handball\/#breadcrumb"},"inLanguage":"fr-FR","potentialAction":[{"@type":"ReadAction","target":["https:\/\/laligue53.org\/usep\/documents-pedagosiques\/athletisme\/handball\/"]}]},{"@type":"BreadcrumbList","@id":"https:\/\/laligue53.org\/usep\/documents-pedagosiques\/athletisme\/handball\/#breadcrumb","itemListElement":[{"@type":"ListItem","position":1,"name":"Accueil","item":"https:\/\/laligue53.org\/usep\/"},{"@type":"ListItem","position":2,"name":"Dynamique Sportive (documents p\u00e9dagogiques)","item":"https:\/\/laligue53.org\/usep\/documents-pedagosiques\/"},{"@type":"ListItem","position":3,"name":"Sports collectifs","item":"https:\/\/laligue53.org\/usep\/documents-pedagosiques\/athletisme\/"},{"@type":"ListItem","position":4,"name":"Handball"}]},{"@type":"WebSite","@id":"https:\/\/laligue53.org\/usep\/#website","url":"https:\/\/laligue53.org\/usep\/","name":"Comit\u00e9 d\u00e9partemental USEP(53) Mayenne","description":"USEP 53 l&#039;Union Sportive de l&#039;Enseignement du Premier degr\u00e9","potentialAction":[{"@type":"SearchAction","target":{"@type":"EntryPoint","urlTemplate":"https:\/\/laligue53.org\/usep\/?s={search_term_string}"},"query-input":"required name=search_term_string"}],"inLanguage":"fr-FR"}]}},"_links":{"self":[{"href":"https:\/\/laligue53.org\/usep\/wp-json\/wp\/v2\/pages\/857"}],"collection":[{"href":"https:\/\/laligue53.org\/usep\/wp-json\/wp\/v2\/pages"}],"about":[{"href":"https:\/\/laligue53.org\/usep\/wp-json\/wp\/v2\/types\/page"}],"author":[{"embeddable":true,"href":"https:\/\/laligue53.org\/usep\/wp-json\/wp\/v2\/users\/1"}],"replies":[{"embeddable":true,"href":"https:\/\/laligue53.org\/usep\/wp-json\/wp\/v2\/comments?post=857"}],"version-history":[{"count":4,"href":"https:\/\/laligue53.org\/usep\/wp-json\/wp\/v2\/pages\/857\/revisions"}],"predecessor-version":[{"id":1151,"href":"https:\/\/laligue53.org\/usep\/wp-json\/wp\/v2\/pages\/857\/revisions\/1151"}],"up":[{"embeddable":true,"href":"https:\/\/laligue53.org\/usep\/wp-json\/wp\/v2\/pages\/362"}],"wp:attachment":[{"href":"https:\/\/laligue53.org\/usep\/wp-json\/wp\/v2\/media?parent=857"}],"curies":[{"name":"wp","href":"https:\/\/api.w.org\/{rel}","templated":true}]}}