{"id":702,"date":"2015-12-08T23:21:06","date_gmt":"2015-12-08T23:21:06","guid":{"rendered":"http:\/\/laligue53.org\/usep\/?page_id=702"},"modified":"2016-09-20T13:12:00","modified_gmt":"2016-09-20T13:12:00","slug":"jeux-dopposition-duel","status":"publish","type":"page","link":"https:\/\/laligue53.org\/usep\/documents-pedagosiques\/jeux-dopposition-duel\/","title":{"rendered":"Jeux d&rsquo;opposition duel"},"content":{"rendered":"<blockquote class=\"wp-embedded-content\" data-secret=\"AM5n97ssdP\"><p><a href=\"https:\/\/laligue53.org\/usep\/documents-pedagosiques\/jeux-dopposition-duel\/escrime\/\">Escrime<\/a><\/p><\/blockquote>\n<p><iframe loading=\"lazy\" class=\"wp-embedded-content\" sandbox=\"allow-scripts\" security=\"restricted\" style=\"position: absolute; clip: rect(1px, 1px, 1px, 1px);\" src=\"https:\/\/laligue53.org\/usep\/documents-pedagosiques\/jeux-dopposition-duel\/escrime\/embed\/#?secret=AM5n97ssdP\" data-secret=\"AM5n97ssdP\" width=\"600\" height=\"338\" title=\"\u00ab\u00a0Escrime\u00a0\u00bb &#8212;   Comit\u00e9 d\u00e9partemental USEP(53) Mayenne\" frameborder=\"0\" marginwidth=\"0\" marginheight=\"0\" scrolling=\"no\"><\/iframe><\/p>\n","protected":false},"excerpt":{"rendered":"<p>Escrime<\/p>\n<p class=\"continue-reading-button\"> <a class=\"continue-reading-link\" href=\"https:\/\/laligue53.org\/usep\/documents-pedagosiques\/jeux-dopposition-duel\/\">Lire la suite<i class=\"crycon-right-dir\"><\/i><\/a><\/p>\n","protected":false},"author":1,"featured_media":0,"parent":315,"menu_order":0,"comment_status":"closed","ping_status":"open","template":"","meta":{"footnotes":""},"class_list":["post-702","page","type-page","status-publish","hentry"],"yoast_head":"<!-- This site is optimized with the Yoast SEO plugin v19.6.1 - https:\/\/yoast.com\/wordpress\/plugins\/seo\/ -->\n<title>Jeux d&#039;opposition duel - Comit\u00e9 d\u00e9partemental USEP(53) Mayenne<\/title>\n<meta name=\"robots\" content=\"index, follow, max-snippet:-1, max-image-preview:large, max-video-preview:-1\" \/>\n<link rel=\"canonical\" href=\"https:\/\/laligue53.org\/usep\/documents-pedagosiques\/jeux-dopposition-duel\/\" \/>\n<meta property=\"og:locale\" content=\"fr_FR\" \/>\n<meta property=\"og:type\" content=\"article\" \/>\n<meta property=\"og:title\" content=\"Jeux d&#039;opposition duel - Comit\u00e9 d\u00e9partemental USEP(53) Mayenne\" \/>\n<meta property=\"og:description\" content=\"Escrime Lire la suite\" \/>\n<meta property=\"og:url\" content=\"https:\/\/laligue53.org\/usep\/documents-pedagosiques\/jeux-dopposition-duel\/\" \/>\n<meta property=\"og:site_name\" content=\"Comit\u00e9 d\u00e9partemental USEP(53) Mayenne\" \/>\n<meta property=\"article:modified_time\" content=\"2016-09-20T13:12:00+00:00\" \/>\n<script type=\"application\/ld+json\" class=\"yoast-schema-graph\">{\"@context\":\"https:\/\/schema.org\",\"@graph\":[{\"@type\":\"WebPage\",\"@id\":\"https:\/\/laligue53.org\/usep\/documents-pedagosiques\/jeux-dopposition-duel\/\",\"url\":\"https:\/\/laligue53.org\/usep\/documents-pedagosiques\/jeux-dopposition-duel\/\",\"name\":\"Jeux d'opposition duel - Comit\u00e9 d\u00e9partemental USEP(53) Mayenne\",\"isPartOf\":{\"@id\":\"https:\/\/laligue53.org\/usep\/#website\"},\"datePublished\":\"2015-12-08T23:21:06+00:00\",\"dateModified\":\"2016-09-20T13:12:00+00:00\",\"breadcrumb\":{\"@id\":\"https:\/\/laligue53.org\/usep\/documents-pedagosiques\/jeux-dopposition-duel\/#breadcrumb\"},\"inLanguage\":\"fr-FR\",\"potentialAction\":[{\"@type\":\"ReadAction\",\"target\":[\"https:\/\/laligue53.org\/usep\/documents-pedagosiques\/jeux-dopposition-duel\/\"]}]},{\"@type\":\"BreadcrumbList\",\"@id\":\"https:\/\/laligue53.org\/usep\/documents-pedagosiques\/jeux-dopposition-duel\/#breadcrumb\",\"itemListElement\":[{\"@type\":\"ListItem\",\"position\":1,\"name\":\"Accueil\",\"item\":\"https:\/\/laligue53.org\/usep\/\"},{\"@type\":\"ListItem\",\"position\":2,\"name\":\"Dynamique Sportive (documents p\u00e9dagogiques)\",\"item\":\"https:\/\/laligue53.org\/usep\/documents-pedagosiques\/\"},{\"@type\":\"ListItem\",\"position\":3,\"name\":\"Jeux d&rsquo;opposition duel\"}]},{\"@type\":\"WebSite\",\"@id\":\"https:\/\/laligue53.org\/usep\/#website\",\"url\":\"https:\/\/laligue53.org\/usep\/\",\"name\":\"Comit\u00e9 d\u00e9partemental USEP(53) Mayenne\",\"description\":\"USEP 53 l&#039;Union Sportive de l&#039;Enseignement du Premier degr\u00e9\",\"potentialAction\":[{\"@type\":\"SearchAction\",\"target\":{\"@type\":\"EntryPoint\",\"urlTemplate\":\"https:\/\/laligue53.org\/usep\/?s={search_term_string}\"},\"query-input\":\"required name=search_term_string\"}],\"inLanguage\":\"fr-FR\"}]}<\/script>\n<!-- \/ Yoast SEO plugin. -->","yoast_head_json":{"title":"Jeux d'opposition duel - Comit\u00e9 d\u00e9partemental USEP(53) Mayenne","robots":{"index":"index","follow":"follow","max-snippet":"max-snippet:-1","max-image-preview":"max-image-preview:large","max-video-preview":"max-video-preview:-1"},"canonical":"https:\/\/laligue53.org\/usep\/documents-pedagosiques\/jeux-dopposition-duel\/","og_locale":"fr_FR","og_type":"article","og_title":"Jeux d'opposition duel - Comit\u00e9 d\u00e9partemental USEP(53) Mayenne","og_description":"Escrime Lire la suite","og_url":"https:\/\/laligue53.org\/usep\/documents-pedagosiques\/jeux-dopposition-duel\/","og_site_name":"Comit\u00e9 d\u00e9partemental USEP(53) Mayenne","article_modified_time":"2016-09-20T13:12:00+00:00","schema":{"@context":"https:\/\/schema.org","@graph":[{"@type":"WebPage","@id":"https:\/\/laligue53.org\/usep\/documents-pedagosiques\/jeux-dopposition-duel\/","url":"https:\/\/laligue53.org\/usep\/documents-pedagosiques\/jeux-dopposition-duel\/","name":"Jeux d'opposition duel - Comit\u00e9 d\u00e9partemental USEP(53) Mayenne","isPartOf":{"@id":"https:\/\/laligue53.org\/usep\/#website"},"datePublished":"2015-12-08T23:21:06+00:00","dateModified":"2016-09-20T13:12:00+00:00","breadcrumb":{"@id":"https:\/\/laligue53.org\/usep\/documents-pedagosiques\/jeux-dopposition-duel\/#breadcrumb"},"inLanguage":"fr-FR","potentialAction":[{"@type":"ReadAction","target":["https:\/\/laligue53.org\/usep\/documents-pedagosiques\/jeux-dopposition-duel\/"]}]},{"@type":"BreadcrumbList","@id":"https:\/\/laligue53.org\/usep\/documents-pedagosiques\/jeux-dopposition-duel\/#breadcrumb","itemListElement":[{"@type":"ListItem","position":1,"name":"Accueil","item":"https:\/\/laligue53.org\/usep\/"},{"@type":"ListItem","position":2,"name":"Dynamique Sportive (documents p\u00e9dagogiques)","item":"https:\/\/laligue53.org\/usep\/documents-pedagosiques\/"},{"@type":"ListItem","position":3,"name":"Jeux d&rsquo;opposition duel"}]},{"@type":"WebSite","@id":"https:\/\/laligue53.org\/usep\/#website","url":"https:\/\/laligue53.org\/usep\/","name":"Comit\u00e9 d\u00e9partemental USEP(53) Mayenne","description":"USEP 53 l&#039;Union Sportive de l&#039;Enseignement du Premier degr\u00e9","potentialAction":[{"@type":"SearchAction","target":{"@type":"EntryPoint","urlTemplate":"https:\/\/laligue53.org\/usep\/?s={search_term_string}"},"query-input":"required name=search_term_string"}],"inLanguage":"fr-FR"}]}},"_links":{"self":[{"href":"https:\/\/laligue53.org\/usep\/wp-json\/wp\/v2\/pages\/702"}],"collection":[{"href":"https:\/\/laligue53.org\/usep\/wp-json\/wp\/v2\/pages"}],"about":[{"href":"https:\/\/laligue53.org\/usep\/wp-json\/wp\/v2\/types\/page"}],"author":[{"embeddable":true,"href":"https:\/\/laligue53.org\/usep\/wp-json\/wp\/v2\/users\/1"}],"replies":[{"embeddable":true,"href":"https:\/\/laligue53.org\/usep\/wp-json\/wp\/v2\/comments?post=702"}],"version-history":[{"count":2,"href":"https:\/\/laligue53.org\/usep\/wp-json\/wp\/v2\/pages\/702\/revisions"}],"predecessor-version":[{"id":837,"href":"https:\/\/laligue53.org\/usep\/wp-json\/wp\/v2\/pages\/702\/revisions\/837"}],"up":[{"embeddable":true,"href":"https:\/\/laligue53.org\/usep\/wp-json\/wp\/v2\/pages\/315"}],"wp:attachment":[{"href":"https:\/\/laligue53.org\/usep\/wp-json\/wp\/v2\/media?parent=702"}],"curies":[{"name":"wp","href":"https:\/\/api.w.org\/{rel}","templated":true}]}}