{"id":696,"date":"2015-12-08T22:35:01","date_gmt":"2015-12-08T22:35:01","guid":{"rendered":"http:\/\/laligue53.org\/usep\/?page_id=696"},"modified":"2017-01-26T10:45:08","modified_gmt":"2017-01-26T10:45:08","slug":"sport-et-sante","status":"publish","type":"page","link":"https:\/\/laligue53.org\/usep\/dynamique-associative\/sport-et-sante\/","title":{"rendered":"Sport et Sant\u00e9"},"content":{"rendered":"<ul>\n<li><a href=\"http:\/\/www.usep-sport-sante.org\/lattitude-sante\/\" target=\"_blank\">PORTAIL \u00ab\u00a0ATTITUDE SANTE USEP\u00a0\u00bb<\/a><\/li>\n<\/ul>\n\n\t\t<style type=\"text\/css\">\n\t\t\t#gallery-1 {\n\t\t\t\tmargin: auto;\n\t\t\t}\n\t\t\t#gallery-1 .gallery-item {\n\t\t\t\tfloat: left;\n\t\t\t\tmargin-top: 10px;\n\t\t\t\ttext-align: center;\n\t\t\t\twidth: 33%;\n\t\t\t}\n\t\t\t#gallery-1 img {\n\t\t\t\tborder: 2px solid #cfcfcf;\n\t\t\t}\n\t\t\t#gallery-1 .gallery-caption {\n\t\t\t\tmargin-left: 0;\n\t\t\t}\n\t\t\t\/* see gallery_shortcode() in wp-includes\/media.php *\/\n\t\t<\/style>\n\t\t<div id='gallery-1' class='gallery galleryid-696 gallery-columns-3 gallery-size-thumbnail'><dl class='gallery-item'>\n\t\t\t<dt class='gallery-icon landscape'>\n\t\t\t\t<a href='https:\/\/laligue53.org\/usep\/documents-pedagosiques\/alimentation-du-sportif\/'><img loading=\"lazy\" decoding=\"async\" width=\"150\" height=\"150\" src=\"https:\/\/laligue53.org\/usep\/wp-content\/uploads\/2015\/01\/alimentation-du-sportif-150x150.jpg\" class=\"attachment-thumbnail size-thumbnail\" alt=\"\" srcset=\"https:\/\/laligue53.org\/usep\/wp-content\/uploads\/2015\/01\/alimentation-du-sportif-150x150.jpg 150w, https:\/\/laligue53.org\/usep\/wp-content\/uploads\/2015\/01\/alimentation-du-sportif-260x260.jpg 260w\" sizes=\"(max-width: 150px) 100vw, 150px\" \/><\/a>\n\t\t\t<\/dt><\/dl><dl class='gallery-item'>\n\t\t\t<dt class='gallery-icon landscape'>\n\t\t\t\t<a href='https:\/\/laligue53.org\/usep\/documents-pedagosiques\/conseil-alimentation\/'><img loading=\"lazy\" decoding=\"async\" width=\"150\" height=\"150\" src=\"https:\/\/laligue53.org\/usep\/wp-content\/uploads\/2015\/01\/conseil-alimentation-150x150.jpg\" class=\"attachment-thumbnail size-thumbnail\" alt=\"\" srcset=\"https:\/\/laligue53.org\/usep\/wp-content\/uploads\/2015\/01\/conseil-alimentation-150x150.jpg 150w, https:\/\/laligue53.org\/usep\/wp-content\/uploads\/2015\/01\/conseil-alimentation-260x260.jpg 260w\" sizes=\"(max-width: 150px) 100vw, 150px\" \/><\/a>\n\t\t\t<\/dt><\/dl><dl class='gallery-item'>\n\t\t\t<dt class='gallery-icon landscape'>\n\t\t\t\t<a href='https:\/\/laligue53.org\/usep\/documents-pedagosiques\/l-eau-et-la-sante\/'><img loading=\"lazy\" decoding=\"async\" width=\"150\" height=\"150\" src=\"https:\/\/laligue53.org\/usep\/wp-content\/uploads\/2015\/01\/l-eau-et-la-Sante-150x150.jpg\" class=\"attachment-thumbnail size-thumbnail\" alt=\"\" srcset=\"https:\/\/laligue53.org\/usep\/wp-content\/uploads\/2015\/01\/l-eau-et-la-Sante-150x150.jpg 150w, https:\/\/laligue53.org\/usep\/wp-content\/uploads\/2015\/01\/l-eau-et-la-Sante-260x260.jpg 260w\" sizes=\"(max-width: 150px) 100vw, 150px\" \/><\/a>\n\t\t\t<\/dt><\/dl><br style=\"clear: both\" \/><dl class='gallery-item'>\n\t\t\t<dt class='gallery-icon landscape'>\n\t\t\t\t<a href='https:\/\/laligue53.org\/usep\/documents-pedagosiques\/l-eau-et-le-corps-humain\/'><img loading=\"lazy\" decoding=\"async\" width=\"150\" height=\"150\" src=\"https:\/\/laligue53.org\/usep\/wp-content\/uploads\/2015\/01\/l-eau-et-le-corps-humain-150x150.jpg\" class=\"attachment-thumbnail size-thumbnail\" alt=\"\" srcset=\"https:\/\/laligue53.org\/usep\/wp-content\/uploads\/2015\/01\/l-eau-et-le-corps-humain-150x150.jpg 150w, https:\/\/laligue53.org\/usep\/wp-content\/uploads\/2015\/01\/l-eau-et-le-corps-humain-260x260.jpg 260w\" sizes=\"(max-width: 150px) 100vw, 150px\" \/><\/a>\n\t\t\t<\/dt><\/dl><dl class='gallery-item'>\n\t\t\t<dt class='gallery-icon landscape'>\n\t\t\t\t<a href='https:\/\/laligue53.org\/usep\/documents-pedagosiques\/l-eau-et-le-sport\/'><img loading=\"lazy\" decoding=\"async\" width=\"150\" height=\"150\" src=\"https:\/\/laligue53.org\/usep\/wp-content\/uploads\/2015\/01\/l-eau-et-le-sport-150x150.jpg\" class=\"attachment-thumbnail size-thumbnail\" alt=\"\" srcset=\"https:\/\/laligue53.org\/usep\/wp-content\/uploads\/2015\/01\/l-eau-et-le-sport-150x150.jpg 150w, https:\/\/laligue53.org\/usep\/wp-content\/uploads\/2015\/01\/l-eau-et-le-sport-260x260.jpg 260w\" sizes=\"(max-width: 150px) 100vw, 150px\" \/><\/a>\n\t\t\t<\/dt><\/dl><dl class='gallery-item'>\n\t\t\t<dt class='gallery-icon landscape'>\n\t\t\t\t<a href='https:\/\/laligue53.org\/usep\/documents-pedagosiques\/le-trajet-de-l-eau\/'><img loading=\"lazy\" decoding=\"async\" width=\"150\" height=\"150\" src=\"https:\/\/laligue53.org\/usep\/wp-content\/uploads\/2015\/01\/le-trajet-de-l-eau-150x150.jpg\" class=\"attachment-thumbnail size-thumbnail\" alt=\"\" srcset=\"https:\/\/laligue53.org\/usep\/wp-content\/uploads\/2015\/01\/le-trajet-de-l-eau-150x150.jpg 150w, https:\/\/laligue53.org\/usep\/wp-content\/uploads\/2015\/01\/le-trajet-de-l-eau-260x260.jpg 260w\" sizes=\"(max-width: 150px) 100vw, 150px\" \/><\/a>\n\t\t\t<\/dt><\/dl><br style=\"clear: both\" \/><dl class='gallery-item'>\n\t\t\t<dt class='gallery-icon portrait'>\n\t\t\t\t<a href='https:\/\/laligue53.org\/usep\/documents-pedagosiques\/sante-et-alimentation\/'><img loading=\"lazy\" decoding=\"async\" width=\"150\" height=\"150\" src=\"https:\/\/laligue53.org\/usep\/wp-content\/uploads\/2015\/01\/sante-et-alimentation-e1421923568115-150x150.jpg\" class=\"attachment-thumbnail size-thumbnail\" alt=\"\" srcset=\"https:\/\/laligue53.org\/usep\/wp-content\/uploads\/2015\/01\/sante-et-alimentation-e1421923568115-150x150.jpg 150w, https:\/\/laligue53.org\/usep\/wp-content\/uploads\/2015\/01\/sante-et-alimentation-e1421923568115-260x260.jpg 260w\" sizes=\"(max-width: 150px) 100vw, 150px\" \/><\/a>\n\t\t\t<\/dt><\/dl><dl class='gallery-item'>\n\t\t\t<dt class='gallery-icon portrait'>\n\t\t\t\t<a href='https:\/\/laligue53.org\/usep\/documents-pedagosiques\/pyramide-alimentaire\/'><img loading=\"lazy\" decoding=\"async\" width=\"150\" height=\"150\" src=\"https:\/\/laligue53.org\/usep\/wp-content\/uploads\/2015\/01\/Pyramide-alimentaire-e1421923558816-150x150.jpg\" class=\"attachment-thumbnail size-thumbnail\" alt=\"\" srcset=\"https:\/\/laligue53.org\/usep\/wp-content\/uploads\/2015\/01\/Pyramide-alimentaire-e1421923558816-150x150.jpg 150w, https:\/\/laligue53.org\/usep\/wp-content\/uploads\/2015\/01\/Pyramide-alimentaire-e1421923558816-260x260.jpg 260w\" sizes=\"(max-width: 150px) 100vw, 150px\" \/><\/a>\n\t\t\t<\/dt><\/dl><dl class='gallery-item'>\n\t\t\t<dt class='gallery-icon landscape'>\n\t\t\t\t<a href='https:\/\/laligue53.org\/usep\/documents-pedagosiques\/le-trajet-de-l-oxygene\/'><img loading=\"lazy\" decoding=\"async\" width=\"150\" height=\"150\" src=\"https:\/\/laligue53.org\/usep\/wp-content\/uploads\/2015\/01\/le-trajet-de-l-oxygene-150x150.jpg\" class=\"attachment-thumbnail size-thumbnail\" alt=\"\" srcset=\"https:\/\/laligue53.org\/usep\/wp-content\/uploads\/2015\/01\/le-trajet-de-l-oxygene-150x150.jpg 150w, https:\/\/laligue53.org\/usep\/wp-content\/uploads\/2015\/01\/le-trajet-de-l-oxygene-260x260.jpg 260w\" sizes=\"(max-width: 150px) 100vw, 150px\" \/><\/a>\n\t\t\t<\/dt><\/dl><br style=\"clear: both\" \/><dl class='gallery-item'>\n\t\t\t<dt class='gallery-icon landscape'>\n\t\t\t\t<a href='https:\/\/laligue53.org\/usep\/documents-pedagosiques\/sante-et-higiene-de-vie-du-sportif\/'><img loading=\"lazy\" decoding=\"async\" width=\"150\" height=\"150\" src=\"https:\/\/laligue53.org\/usep\/wp-content\/uploads\/2015\/01\/sante-et-higiene-de-vie-du-sportif-150x150.jpg\" class=\"attachment-thumbnail size-thumbnail\" alt=\"\" srcset=\"https:\/\/laligue53.org\/usep\/wp-content\/uploads\/2015\/01\/sante-et-higiene-de-vie-du-sportif-150x150.jpg 150w, https:\/\/laligue53.org\/usep\/wp-content\/uploads\/2015\/01\/sante-et-higiene-de-vie-du-sportif-260x260.jpg 260w\" sizes=\"(max-width: 150px) 100vw, 150px\" \/><\/a>\n\t\t\t<\/dt><\/dl><dl class='gallery-item'>\n\t\t\t<dt class='gallery-icon landscape'>\n\t\t\t\t<a href='https:\/\/laligue53.org\/usep\/documents-pedagosiques\/sante-et-sommeil\/'><img loading=\"lazy\" decoding=\"async\" width=\"150\" height=\"150\" src=\"https:\/\/laligue53.org\/usep\/wp-content\/uploads\/2015\/01\/sante-et-sommeil-150x150.jpg\" class=\"attachment-thumbnail size-thumbnail\" alt=\"\" srcset=\"https:\/\/laligue53.org\/usep\/wp-content\/uploads\/2015\/01\/sante-et-sommeil-150x150.jpg 150w, https:\/\/laligue53.org\/usep\/wp-content\/uploads\/2015\/01\/sante-et-sommeil-260x260.jpg 260w\" sizes=\"(max-width: 150px) 100vw, 150px\" \/><\/a>\n\t\t\t<\/dt><\/dl>\n\t\t\t<br style='clear: both' \/>\n\t\t<\/div>\n\n","protected":false},"excerpt":{"rendered":"<p>PORTAIL \u00ab\u00a0ATTITUDE SANTE USEP\u00a0\u00bb<\/p>\n<p class=\"continue-reading-button\"> <a class=\"continue-reading-link\" href=\"https:\/\/laligue53.org\/usep\/dynamique-associative\/sport-et-sante\/\">Lire la suite<i class=\"crycon-right-dir\"><\/i><\/a><\/p>\n","protected":false},"author":1,"featured_media":0,"parent":607,"menu_order":0,"comment_status":"closed","ping_status":"open","template":"","meta":{"footnotes":""},"class_list":["post-696","page","type-page","status-publish","hentry"],"yoast_head":"<!-- This site is optimized with the Yoast SEO plugin v19.6.1 - https:\/\/yoast.com\/wordpress\/plugins\/seo\/ -->\n<title>Sport et Sant\u00e9 - Comit\u00e9 d\u00e9partemental USEP(53) Mayenne<\/title>\n<meta name=\"robots\" content=\"index, follow, max-snippet:-1, max-image-preview:large, max-video-preview:-1\" \/>\n<link rel=\"canonical\" href=\"https:\/\/laligue53.org\/usep\/dynamique-associative\/sport-et-sante\/\" \/>\n<meta property=\"og:locale\" content=\"fr_FR\" \/>\n<meta property=\"og:type\" content=\"article\" \/>\n<meta property=\"og:title\" content=\"Sport et Sant\u00e9 - Comit\u00e9 d\u00e9partemental USEP(53) Mayenne\" \/>\n<meta property=\"og:description\" content=\"PORTAIL \u00ab\u00a0ATTITUDE SANTE USEP\u00a0\u00bb Lire la suite\" \/>\n<meta property=\"og:url\" content=\"https:\/\/laligue53.org\/usep\/dynamique-associative\/sport-et-sante\/\" \/>\n<meta property=\"og:site_name\" content=\"Comit\u00e9 d\u00e9partemental USEP(53) Mayenne\" \/>\n<meta property=\"article:modified_time\" content=\"2017-01-26T10:45:08+00:00\" \/>\n<meta property=\"og:image\" content=\"https:\/\/laligue53.org\/usep\/wp-content\/uploads\/2015\/01\/alimentation-du-sportif-150x150.jpg\" \/>\n<script type=\"application\/ld+json\" class=\"yoast-schema-graph\">{\"@context\":\"https:\/\/schema.org\",\"@graph\":[{\"@type\":\"WebPage\",\"@id\":\"https:\/\/laligue53.org\/usep\/dynamique-associative\/sport-et-sante\/\",\"url\":\"https:\/\/laligue53.org\/usep\/dynamique-associative\/sport-et-sante\/\",\"name\":\"Sport et Sant\u00e9 - Comit\u00e9 d\u00e9partemental USEP(53) Mayenne\",\"isPartOf\":{\"@id\":\"https:\/\/laligue53.org\/usep\/#website\"},\"datePublished\":\"2015-12-08T22:35:01+00:00\",\"dateModified\":\"2017-01-26T10:45:08+00:00\",\"breadcrumb\":{\"@id\":\"https:\/\/laligue53.org\/usep\/dynamique-associative\/sport-et-sante\/#breadcrumb\"},\"inLanguage\":\"fr-FR\",\"potentialAction\":[{\"@type\":\"ReadAction\",\"target\":[\"https:\/\/laligue53.org\/usep\/dynamique-associative\/sport-et-sante\/\"]}]},{\"@type\":\"BreadcrumbList\",\"@id\":\"https:\/\/laligue53.org\/usep\/dynamique-associative\/sport-et-sante\/#breadcrumb\",\"itemListElement\":[{\"@type\":\"ListItem\",\"position\":1,\"name\":\"Accueil\",\"item\":\"https:\/\/laligue53.org\/usep\/\"},{\"@type\":\"ListItem\",\"position\":2,\"name\":\"Dynamique Associative\",\"item\":\"https:\/\/laligue53.org\/usep\/dynamique-associative\/\"},{\"@type\":\"ListItem\",\"position\":3,\"name\":\"Sport et Sant\u00e9\"}]},{\"@type\":\"WebSite\",\"@id\":\"https:\/\/laligue53.org\/usep\/#website\",\"url\":\"https:\/\/laligue53.org\/usep\/\",\"name\":\"Comit\u00e9 d\u00e9partemental USEP(53) Mayenne\",\"description\":\"USEP 53 l&#039;Union Sportive de l&#039;Enseignement du Premier degr\u00e9\",\"potentialAction\":[{\"@type\":\"SearchAction\",\"target\":{\"@type\":\"EntryPoint\",\"urlTemplate\":\"https:\/\/laligue53.org\/usep\/?s={search_term_string}\"},\"query-input\":\"required name=search_term_string\"}],\"inLanguage\":\"fr-FR\"}]}<\/script>\n<!-- \/ Yoast SEO plugin. -->","yoast_head_json":{"title":"Sport et Sant\u00e9 - Comit\u00e9 d\u00e9partemental USEP(53) Mayenne","robots":{"index":"index","follow":"follow","max-snippet":"max-snippet:-1","max-image-preview":"max-image-preview:large","max-video-preview":"max-video-preview:-1"},"canonical":"https:\/\/laligue53.org\/usep\/dynamique-associative\/sport-et-sante\/","og_locale":"fr_FR","og_type":"article","og_title":"Sport et Sant\u00e9 - Comit\u00e9 d\u00e9partemental USEP(53) Mayenne","og_description":"PORTAIL \u00ab\u00a0ATTITUDE SANTE USEP\u00a0\u00bb Lire la suite","og_url":"https:\/\/laligue53.org\/usep\/dynamique-associative\/sport-et-sante\/","og_site_name":"Comit\u00e9 d\u00e9partemental USEP(53) Mayenne","article_modified_time":"2017-01-26T10:45:08+00:00","og_image":[{"url":"https:\/\/laligue53.org\/usep\/wp-content\/uploads\/2015\/01\/alimentation-du-sportif-150x150.jpg"}],"schema":{"@context":"https:\/\/schema.org","@graph":[{"@type":"WebPage","@id":"https:\/\/laligue53.org\/usep\/dynamique-associative\/sport-et-sante\/","url":"https:\/\/laligue53.org\/usep\/dynamique-associative\/sport-et-sante\/","name":"Sport et Sant\u00e9 - Comit\u00e9 d\u00e9partemental USEP(53) Mayenne","isPartOf":{"@id":"https:\/\/laligue53.org\/usep\/#website"},"datePublished":"2015-12-08T22:35:01+00:00","dateModified":"2017-01-26T10:45:08+00:00","breadcrumb":{"@id":"https:\/\/laligue53.org\/usep\/dynamique-associative\/sport-et-sante\/#breadcrumb"},"inLanguage":"fr-FR","potentialAction":[{"@type":"ReadAction","target":["https:\/\/laligue53.org\/usep\/dynamique-associative\/sport-et-sante\/"]}]},{"@type":"BreadcrumbList","@id":"https:\/\/laligue53.org\/usep\/dynamique-associative\/sport-et-sante\/#breadcrumb","itemListElement":[{"@type":"ListItem","position":1,"name":"Accueil","item":"https:\/\/laligue53.org\/usep\/"},{"@type":"ListItem","position":2,"name":"Dynamique Associative","item":"https:\/\/laligue53.org\/usep\/dynamique-associative\/"},{"@type":"ListItem","position":3,"name":"Sport et Sant\u00e9"}]},{"@type":"WebSite","@id":"https:\/\/laligue53.org\/usep\/#website","url":"https:\/\/laligue53.org\/usep\/","name":"Comit\u00e9 d\u00e9partemental USEP(53) Mayenne","description":"USEP 53 l&#039;Union Sportive de l&#039;Enseignement du Premier degr\u00e9","potentialAction":[{"@type":"SearchAction","target":{"@type":"EntryPoint","urlTemplate":"https:\/\/laligue53.org\/usep\/?s={search_term_string}"},"query-input":"required name=search_term_string"}],"inLanguage":"fr-FR"}]}},"_links":{"self":[{"href":"https:\/\/laligue53.org\/usep\/wp-json\/wp\/v2\/pages\/696"}],"collection":[{"href":"https:\/\/laligue53.org\/usep\/wp-json\/wp\/v2\/pages"}],"about":[{"href":"https:\/\/laligue53.org\/usep\/wp-json\/wp\/v2\/types\/page"}],"author":[{"embeddable":true,"href":"https:\/\/laligue53.org\/usep\/wp-json\/wp\/v2\/users\/1"}],"replies":[{"embeddable":true,"href":"https:\/\/laligue53.org\/usep\/wp-json\/wp\/v2\/comments?post=696"}],"version-history":[{"count":10,"href":"https:\/\/laligue53.org\/usep\/wp-json\/wp\/v2\/pages\/696\/revisions"}],"predecessor-version":[{"id":1059,"href":"https:\/\/laligue53.org\/usep\/wp-json\/wp\/v2\/pages\/696\/revisions\/1059"}],"up":[{"embeddable":true,"href":"https:\/\/laligue53.org\/usep\/wp-json\/wp\/v2\/pages\/607"}],"wp:attachment":[{"href":"https:\/\/laligue53.org\/usep\/wp-json\/wp\/v2\/media?parent=696"}],"curies":[{"name":"wp","href":"https:\/\/api.w.org\/{rel}","templated":true}]}}