{"id":690,"date":"2015-12-08T22:29:07","date_gmt":"2015-12-08T22:29:07","guid":{"rendered":"http:\/\/laligue53.org\/usep\/?page_id=690"},"modified":"2018-01-11T10:06:41","modified_gmt":"2018-01-11T10:06:41","slug":"le-remue-meninges-usep","status":"publish","type":"page","link":"https:\/\/laligue53.org\/usep\/dynamique-associative\/le-remue-meninges-usep\/","title":{"rendered":"Le Remue m\u00e9ninges USEP"},"content":{"rendered":"<p><a href=\"https:\/\/usep.org\/index.php\/2017\/09\/06\/remue-meninges\/\">Remue M\u00e9ninges<\/a><\/p>\n","protected":false},"excerpt":{"rendered":"<p>Remue M\u00e9ninges<\/p>\n<p class=\"continue-reading-button\"> <a class=\"continue-reading-link\" href=\"https:\/\/laligue53.org\/usep\/dynamique-associative\/le-remue-meninges-usep\/\">Lire la suite<i class=\"crycon-right-dir\"><\/i><\/a><\/p>\n","protected":false},"author":1,"featured_media":0,"parent":607,"menu_order":0,"comment_status":"closed","ping_status":"open","template":"","meta":{"footnotes":""},"class_list":["post-690","page","type-page","status-publish","hentry"],"yoast_head":"<!-- This site is optimized with the Yoast SEO plugin v19.6.1 - https:\/\/yoast.com\/wordpress\/plugins\/seo\/ -->\n<title>Le Remue m\u00e9ninges USEP - Comit\u00e9 d\u00e9partemental USEP(53) Mayenne<\/title>\n<meta name=\"robots\" content=\"index, follow, max-snippet:-1, max-image-preview:large, max-video-preview:-1\" \/>\n<link rel=\"canonical\" href=\"https:\/\/laligue53.org\/usep\/dynamique-associative\/le-remue-meninges-usep\/\" \/>\n<meta property=\"og:locale\" content=\"fr_FR\" \/>\n<meta property=\"og:type\" content=\"article\" \/>\n<meta property=\"og:title\" content=\"Le Remue m\u00e9ninges USEP - Comit\u00e9 d\u00e9partemental USEP(53) Mayenne\" \/>\n<meta property=\"og:description\" content=\"Remue M\u00e9ninges Lire la suite\" \/>\n<meta property=\"og:url\" content=\"https:\/\/laligue53.org\/usep\/dynamique-associative\/le-remue-meninges-usep\/\" \/>\n<meta property=\"og:site_name\" content=\"Comit\u00e9 d\u00e9partemental USEP(53) Mayenne\" \/>\n<meta property=\"article:modified_time\" content=\"2018-01-11T10:06:41+00:00\" \/>\n<script type=\"application\/ld+json\" class=\"yoast-schema-graph\">{\"@context\":\"https:\/\/schema.org\",\"@graph\":[{\"@type\":\"WebPage\",\"@id\":\"https:\/\/laligue53.org\/usep\/dynamique-associative\/le-remue-meninges-usep\/\",\"url\":\"https:\/\/laligue53.org\/usep\/dynamique-associative\/le-remue-meninges-usep\/\",\"name\":\"Le Remue m\u00e9ninges USEP - Comit\u00e9 d\u00e9partemental USEP(53) Mayenne\",\"isPartOf\":{\"@id\":\"https:\/\/laligue53.org\/usep\/#website\"},\"datePublished\":\"2015-12-08T22:29:07+00:00\",\"dateModified\":\"2018-01-11T10:06:41+00:00\",\"breadcrumb\":{\"@id\":\"https:\/\/laligue53.org\/usep\/dynamique-associative\/le-remue-meninges-usep\/#breadcrumb\"},\"inLanguage\":\"fr-FR\",\"potentialAction\":[{\"@type\":\"ReadAction\",\"target\":[\"https:\/\/laligue53.org\/usep\/dynamique-associative\/le-remue-meninges-usep\/\"]}]},{\"@type\":\"BreadcrumbList\",\"@id\":\"https:\/\/laligue53.org\/usep\/dynamique-associative\/le-remue-meninges-usep\/#breadcrumb\",\"itemListElement\":[{\"@type\":\"ListItem\",\"position\":1,\"name\":\"Accueil\",\"item\":\"https:\/\/laligue53.org\/usep\/\"},{\"@type\":\"ListItem\",\"position\":2,\"name\":\"Dynamique Associative\",\"item\":\"https:\/\/laligue53.org\/usep\/dynamique-associative\/\"},{\"@type\":\"ListItem\",\"position\":3,\"name\":\"Le Remue m\u00e9ninges USEP\"}]},{\"@type\":\"WebSite\",\"@id\":\"https:\/\/laligue53.org\/usep\/#website\",\"url\":\"https:\/\/laligue53.org\/usep\/\",\"name\":\"Comit\u00e9 d\u00e9partemental USEP(53) Mayenne\",\"description\":\"USEP 53 l&#039;Union Sportive de l&#039;Enseignement du Premier degr\u00e9\",\"potentialAction\":[{\"@type\":\"SearchAction\",\"target\":{\"@type\":\"EntryPoint\",\"urlTemplate\":\"https:\/\/laligue53.org\/usep\/?s={search_term_string}\"},\"query-input\":\"required name=search_term_string\"}],\"inLanguage\":\"fr-FR\"}]}<\/script>\n<!-- \/ Yoast SEO plugin. -->","yoast_head_json":{"title":"Le Remue m\u00e9ninges USEP - Comit\u00e9 d\u00e9partemental USEP(53) Mayenne","robots":{"index":"index","follow":"follow","max-snippet":"max-snippet:-1","max-image-preview":"max-image-preview:large","max-video-preview":"max-video-preview:-1"},"canonical":"https:\/\/laligue53.org\/usep\/dynamique-associative\/le-remue-meninges-usep\/","og_locale":"fr_FR","og_type":"article","og_title":"Le Remue m\u00e9ninges USEP - Comit\u00e9 d\u00e9partemental USEP(53) Mayenne","og_description":"Remue M\u00e9ninges Lire la suite","og_url":"https:\/\/laligue53.org\/usep\/dynamique-associative\/le-remue-meninges-usep\/","og_site_name":"Comit\u00e9 d\u00e9partemental USEP(53) Mayenne","article_modified_time":"2018-01-11T10:06:41+00:00","schema":{"@context":"https:\/\/schema.org","@graph":[{"@type":"WebPage","@id":"https:\/\/laligue53.org\/usep\/dynamique-associative\/le-remue-meninges-usep\/","url":"https:\/\/laligue53.org\/usep\/dynamique-associative\/le-remue-meninges-usep\/","name":"Le Remue m\u00e9ninges USEP - Comit\u00e9 d\u00e9partemental USEP(53) Mayenne","isPartOf":{"@id":"https:\/\/laligue53.org\/usep\/#website"},"datePublished":"2015-12-08T22:29:07+00:00","dateModified":"2018-01-11T10:06:41+00:00","breadcrumb":{"@id":"https:\/\/laligue53.org\/usep\/dynamique-associative\/le-remue-meninges-usep\/#breadcrumb"},"inLanguage":"fr-FR","potentialAction":[{"@type":"ReadAction","target":["https:\/\/laligue53.org\/usep\/dynamique-associative\/le-remue-meninges-usep\/"]}]},{"@type":"BreadcrumbList","@id":"https:\/\/laligue53.org\/usep\/dynamique-associative\/le-remue-meninges-usep\/#breadcrumb","itemListElement":[{"@type":"ListItem","position":1,"name":"Accueil","item":"https:\/\/laligue53.org\/usep\/"},{"@type":"ListItem","position":2,"name":"Dynamique Associative","item":"https:\/\/laligue53.org\/usep\/dynamique-associative\/"},{"@type":"ListItem","position":3,"name":"Le Remue m\u00e9ninges USEP"}]},{"@type":"WebSite","@id":"https:\/\/laligue53.org\/usep\/#website","url":"https:\/\/laligue53.org\/usep\/","name":"Comit\u00e9 d\u00e9partemental USEP(53) Mayenne","description":"USEP 53 l&#039;Union Sportive de l&#039;Enseignement du Premier degr\u00e9","potentialAction":[{"@type":"SearchAction","target":{"@type":"EntryPoint","urlTemplate":"https:\/\/laligue53.org\/usep\/?s={search_term_string}"},"query-input":"required name=search_term_string"}],"inLanguage":"fr-FR"}]}},"_links":{"self":[{"href":"https:\/\/laligue53.org\/usep\/wp-json\/wp\/v2\/pages\/690"}],"collection":[{"href":"https:\/\/laligue53.org\/usep\/wp-json\/wp\/v2\/pages"}],"about":[{"href":"https:\/\/laligue53.org\/usep\/wp-json\/wp\/v2\/types\/page"}],"author":[{"embeddable":true,"href":"https:\/\/laligue53.org\/usep\/wp-json\/wp\/v2\/users\/1"}],"replies":[{"embeddable":true,"href":"https:\/\/laligue53.org\/usep\/wp-json\/wp\/v2\/comments?post=690"}],"version-history":[{"count":5,"href":"https:\/\/laligue53.org\/usep\/wp-json\/wp\/v2\/pages\/690\/revisions"}],"predecessor-version":[{"id":1132,"href":"https:\/\/laligue53.org\/usep\/wp-json\/wp\/v2\/pages\/690\/revisions\/1132"}],"up":[{"embeddable":true,"href":"https:\/\/laligue53.org\/usep\/wp-json\/wp\/v2\/pages\/607"}],"wp:attachment":[{"href":"https:\/\/laligue53.org\/usep\/wp-json\/wp\/v2\/media?parent=690"}],"curies":[{"name":"wp","href":"https:\/\/api.w.org\/{rel}","templated":true}]}}