{"id":664,"date":"2015-12-08T21:40:02","date_gmt":"2015-12-08T21:40:02","guid":{"rendered":"http:\/\/laligue53.org\/usep\/?page_id=664"},"modified":"2016-09-20T13:12:45","modified_gmt":"2016-09-20T13:12:45","slug":"les-engins-roulants","status":"publish","type":"page","link":"https:\/\/laligue53.org\/usep\/documents-pedagosiques\/les-engins-roulants\/","title":{"rendered":"Les engins roulants"},"content":{"rendered":"<blockquote class=\"wp-embedded-content\" data-secret=\"62BQhBz8gU\"><p><a href=\"https:\/\/laligue53.org\/usep\/documents-pedagosiques\/les-engins-roulants\/engins-roulants\/\">Engins roulants<\/a><\/p><\/blockquote>\n<p><iframe loading=\"lazy\" class=\"wp-embedded-content\" sandbox=\"allow-scripts\" security=\"restricted\" style=\"position: absolute; clip: rect(1px, 1px, 1px, 1px);\" src=\"https:\/\/laligue53.org\/usep\/documents-pedagosiques\/les-engins-roulants\/engins-roulants\/embed\/#?secret=62BQhBz8gU\" data-secret=\"62BQhBz8gU\" width=\"600\" height=\"338\" title=\"\u00ab\u00a0Engins roulants\u00a0\u00bb &#8212;   Comit\u00e9 d\u00e9partemental USEP(53) Mayenne\" frameborder=\"0\" marginwidth=\"0\" marginheight=\"0\" scrolling=\"no\"><\/iframe><\/p>\n","protected":false},"excerpt":{"rendered":"<p>Engins roulants<\/p>\n<p class=\"continue-reading-button\"> <a class=\"continue-reading-link\" href=\"https:\/\/laligue53.org\/usep\/documents-pedagosiques\/les-engins-roulants\/\">Lire la suite<i class=\"crycon-right-dir\"><\/i><\/a><\/p>\n","protected":false},"author":1,"featured_media":0,"parent":315,"menu_order":0,"comment_status":"closed","ping_status":"open","template":"","meta":{"footnotes":""},"class_list":["post-664","page","type-page","status-publish","hentry"],"yoast_head":"<!-- This site is optimized with the Yoast SEO plugin v19.6.1 - https:\/\/yoast.com\/wordpress\/plugins\/seo\/ -->\n<title>Les engins roulants - Comit\u00e9 d\u00e9partemental USEP(53) Mayenne<\/title>\n<meta name=\"robots\" content=\"index, follow, max-snippet:-1, max-image-preview:large, max-video-preview:-1\" \/>\n<link rel=\"canonical\" href=\"https:\/\/laligue53.org\/usep\/documents-pedagosiques\/les-engins-roulants\/\" \/>\n<meta property=\"og:locale\" content=\"fr_FR\" \/>\n<meta property=\"og:type\" content=\"article\" \/>\n<meta property=\"og:title\" content=\"Les engins roulants - Comit\u00e9 d\u00e9partemental USEP(53) Mayenne\" \/>\n<meta property=\"og:description\" content=\"Engins roulants Lire la suite\" \/>\n<meta property=\"og:url\" content=\"https:\/\/laligue53.org\/usep\/documents-pedagosiques\/les-engins-roulants\/\" \/>\n<meta property=\"og:site_name\" content=\"Comit\u00e9 d\u00e9partemental USEP(53) Mayenne\" \/>\n<meta property=\"article:modified_time\" content=\"2016-09-20T13:12:45+00:00\" \/>\n<script type=\"application\/ld+json\" class=\"yoast-schema-graph\">{\"@context\":\"https:\/\/schema.org\",\"@graph\":[{\"@type\":\"WebPage\",\"@id\":\"https:\/\/laligue53.org\/usep\/documents-pedagosiques\/les-engins-roulants\/\",\"url\":\"https:\/\/laligue53.org\/usep\/documents-pedagosiques\/les-engins-roulants\/\",\"name\":\"Les engins roulants - Comit\u00e9 d\u00e9partemental USEP(53) Mayenne\",\"isPartOf\":{\"@id\":\"https:\/\/laligue53.org\/usep\/#website\"},\"datePublished\":\"2015-12-08T21:40:02+00:00\",\"dateModified\":\"2016-09-20T13:12:45+00:00\",\"breadcrumb\":{\"@id\":\"https:\/\/laligue53.org\/usep\/documents-pedagosiques\/les-engins-roulants\/#breadcrumb\"},\"inLanguage\":\"fr-FR\",\"potentialAction\":[{\"@type\":\"ReadAction\",\"target\":[\"https:\/\/laligue53.org\/usep\/documents-pedagosiques\/les-engins-roulants\/\"]}]},{\"@type\":\"BreadcrumbList\",\"@id\":\"https:\/\/laligue53.org\/usep\/documents-pedagosiques\/les-engins-roulants\/#breadcrumb\",\"itemListElement\":[{\"@type\":\"ListItem\",\"position\":1,\"name\":\"Accueil\",\"item\":\"https:\/\/laligue53.org\/usep\/\"},{\"@type\":\"ListItem\",\"position\":2,\"name\":\"Dynamique Sportive (documents p\u00e9dagogiques)\",\"item\":\"https:\/\/laligue53.org\/usep\/documents-pedagosiques\/\"},{\"@type\":\"ListItem\",\"position\":3,\"name\":\"Les engins roulants\"}]},{\"@type\":\"WebSite\",\"@id\":\"https:\/\/laligue53.org\/usep\/#website\",\"url\":\"https:\/\/laligue53.org\/usep\/\",\"name\":\"Comit\u00e9 d\u00e9partemental USEP(53) Mayenne\",\"description\":\"USEP 53 l&#039;Union Sportive de l&#039;Enseignement du Premier degr\u00e9\",\"potentialAction\":[{\"@type\":\"SearchAction\",\"target\":{\"@type\":\"EntryPoint\",\"urlTemplate\":\"https:\/\/laligue53.org\/usep\/?s={search_term_string}\"},\"query-input\":\"required name=search_term_string\"}],\"inLanguage\":\"fr-FR\"}]}<\/script>\n<!-- \/ Yoast SEO plugin. -->","yoast_head_json":{"title":"Les engins roulants - Comit\u00e9 d\u00e9partemental USEP(53) Mayenne","robots":{"index":"index","follow":"follow","max-snippet":"max-snippet:-1","max-image-preview":"max-image-preview:large","max-video-preview":"max-video-preview:-1"},"canonical":"https:\/\/laligue53.org\/usep\/documents-pedagosiques\/les-engins-roulants\/","og_locale":"fr_FR","og_type":"article","og_title":"Les engins roulants - Comit\u00e9 d\u00e9partemental USEP(53) Mayenne","og_description":"Engins roulants Lire la suite","og_url":"https:\/\/laligue53.org\/usep\/documents-pedagosiques\/les-engins-roulants\/","og_site_name":"Comit\u00e9 d\u00e9partemental USEP(53) Mayenne","article_modified_time":"2016-09-20T13:12:45+00:00","schema":{"@context":"https:\/\/schema.org","@graph":[{"@type":"WebPage","@id":"https:\/\/laligue53.org\/usep\/documents-pedagosiques\/les-engins-roulants\/","url":"https:\/\/laligue53.org\/usep\/documents-pedagosiques\/les-engins-roulants\/","name":"Les engins roulants - Comit\u00e9 d\u00e9partemental USEP(53) Mayenne","isPartOf":{"@id":"https:\/\/laligue53.org\/usep\/#website"},"datePublished":"2015-12-08T21:40:02+00:00","dateModified":"2016-09-20T13:12:45+00:00","breadcrumb":{"@id":"https:\/\/laligue53.org\/usep\/documents-pedagosiques\/les-engins-roulants\/#breadcrumb"},"inLanguage":"fr-FR","potentialAction":[{"@type":"ReadAction","target":["https:\/\/laligue53.org\/usep\/documents-pedagosiques\/les-engins-roulants\/"]}]},{"@type":"BreadcrumbList","@id":"https:\/\/laligue53.org\/usep\/documents-pedagosiques\/les-engins-roulants\/#breadcrumb","itemListElement":[{"@type":"ListItem","position":1,"name":"Accueil","item":"https:\/\/laligue53.org\/usep\/"},{"@type":"ListItem","position":2,"name":"Dynamique Sportive (documents p\u00e9dagogiques)","item":"https:\/\/laligue53.org\/usep\/documents-pedagosiques\/"},{"@type":"ListItem","position":3,"name":"Les engins roulants"}]},{"@type":"WebSite","@id":"https:\/\/laligue53.org\/usep\/#website","url":"https:\/\/laligue53.org\/usep\/","name":"Comit\u00e9 d\u00e9partemental USEP(53) Mayenne","description":"USEP 53 l&#039;Union Sportive de l&#039;Enseignement du Premier degr\u00e9","potentialAction":[{"@type":"SearchAction","target":{"@type":"EntryPoint","urlTemplate":"https:\/\/laligue53.org\/usep\/?s={search_term_string}"},"query-input":"required name=search_term_string"}],"inLanguage":"fr-FR"}]}},"_links":{"self":[{"href":"https:\/\/laligue53.org\/usep\/wp-json\/wp\/v2\/pages\/664"}],"collection":[{"href":"https:\/\/laligue53.org\/usep\/wp-json\/wp\/v2\/pages"}],"about":[{"href":"https:\/\/laligue53.org\/usep\/wp-json\/wp\/v2\/types\/page"}],"author":[{"embeddable":true,"href":"https:\/\/laligue53.org\/usep\/wp-json\/wp\/v2\/users\/1"}],"replies":[{"embeddable":true,"href":"https:\/\/laligue53.org\/usep\/wp-json\/wp\/v2\/comments?post=664"}],"version-history":[{"count":2,"href":"https:\/\/laligue53.org\/usep\/wp-json\/wp\/v2\/pages\/664\/revisions"}],"predecessor-version":[{"id":838,"href":"https:\/\/laligue53.org\/usep\/wp-json\/wp\/v2\/pages\/664\/revisions\/838"}],"up":[{"embeddable":true,"href":"https:\/\/laligue53.org\/usep\/wp-json\/wp\/v2\/pages\/315"}],"wp:attachment":[{"href":"https:\/\/laligue53.org\/usep\/wp-json\/wp\/v2\/media?parent=664"}],"curies":[{"name":"wp","href":"https:\/\/api.w.org\/{rel}","templated":true}]}}