{"id":662,"date":"2015-12-08T21:39:11","date_gmt":"2015-12-08T21:39:11","guid":{"rendered":"http:\/\/laligue53.org\/usep\/?page_id=662"},"modified":"2023-10-16T08:36:42","modified_gmt":"2023-10-16T08:36:42","slug":"engins-roulants","status":"publish","type":"page","link":"https:\/\/laligue53.org\/usep\/documents-pedagosiques\/les-engins-roulants\/engins-roulants\/","title":{"rendered":"Engins roulants"},"content":{"rendered":"<p><span style=\"color: #000000;\"><a style=\"color: #000000;\" href=\"http:\/\/laligue53.org\/usep\/wp-content\/uploads\/2015\/12\/engin-roulant.pdf\" target=\"_blank\" rel=\"noopener\">Dossier engins roulants (\u00e9quipe EPS Mayenne)<\/a><\/span><\/p>\n<p><a href=\"https:\/\/laligue53.org\/usep\/wp-content\/uploads\/2023\/09\/Exemples-seances-1.pdf\">Exemples de s\u00e9ances et de situation de r\u00e9f\u00e9rence<\/a><\/p>\n","protected":false},"excerpt":{"rendered":"<p>Dossier engins roulants (\u00e9quipe EPS Mayenne) Exemples de s\u00e9ances et de situation de r\u00e9f\u00e9rence<\/p>\n<p class=\"continue-reading-button\"> <a class=\"continue-reading-link\" href=\"https:\/\/laligue53.org\/usep\/documents-pedagosiques\/les-engins-roulants\/engins-roulants\/\">Lire la suite<i class=\"crycon-right-dir\"><\/i><\/a><\/p>\n","protected":false},"author":1,"featured_media":0,"parent":664,"menu_order":0,"comment_status":"closed","ping_status":"open","template":"","meta":{"footnotes":""},"class_list":["post-662","page","type-page","status-publish","hentry"],"yoast_head":"<!-- This site is optimized with the Yoast SEO plugin v19.6.1 - https:\/\/yoast.com\/wordpress\/plugins\/seo\/ -->\n<title>Engins roulants - Comit\u00e9 d\u00e9partemental USEP(53) Mayenne<\/title>\n<meta name=\"robots\" content=\"index, follow, max-snippet:-1, max-image-preview:large, max-video-preview:-1\" \/>\n<link rel=\"canonical\" href=\"https:\/\/laligue53.org\/usep\/documents-pedagosiques\/les-engins-roulants\/engins-roulants\/\" \/>\n<meta property=\"og:locale\" content=\"fr_FR\" \/>\n<meta property=\"og:type\" content=\"article\" \/>\n<meta property=\"og:title\" content=\"Engins roulants - Comit\u00e9 d\u00e9partemental USEP(53) Mayenne\" \/>\n<meta property=\"og:description\" content=\"Dossier engins roulants (\u00e9quipe EPS Mayenne) Exemples de s\u00e9ances et de situation de r\u00e9f\u00e9rence Lire la suite\" \/>\n<meta property=\"og:url\" content=\"https:\/\/laligue53.org\/usep\/documents-pedagosiques\/les-engins-roulants\/engins-roulants\/\" \/>\n<meta property=\"og:site_name\" content=\"Comit\u00e9 d\u00e9partemental USEP(53) Mayenne\" \/>\n<meta property=\"article:modified_time\" content=\"2023-10-16T08:36:42+00:00\" \/>\n<meta name=\"twitter:label1\" content=\"Dur\u00e9e de lecture estim\u00e9e\" \/>\n\t<meta name=\"twitter:data1\" content=\"1 minute\" \/>\n<script type=\"application\/ld+json\" class=\"yoast-schema-graph\">{\"@context\":\"https:\/\/schema.org\",\"@graph\":[{\"@type\":\"WebPage\",\"@id\":\"https:\/\/laligue53.org\/usep\/documents-pedagosiques\/les-engins-roulants\/engins-roulants\/\",\"url\":\"https:\/\/laligue53.org\/usep\/documents-pedagosiques\/les-engins-roulants\/engins-roulants\/\",\"name\":\"Engins roulants - Comit\u00e9 d\u00e9partemental USEP(53) Mayenne\",\"isPartOf\":{\"@id\":\"https:\/\/laligue53.org\/usep\/#website\"},\"datePublished\":\"2015-12-08T21:39:11+00:00\",\"dateModified\":\"2023-10-16T08:36:42+00:00\",\"breadcrumb\":{\"@id\":\"https:\/\/laligue53.org\/usep\/documents-pedagosiques\/les-engins-roulants\/engins-roulants\/#breadcrumb\"},\"inLanguage\":\"fr-FR\",\"potentialAction\":[{\"@type\":\"ReadAction\",\"target\":[\"https:\/\/laligue53.org\/usep\/documents-pedagosiques\/les-engins-roulants\/engins-roulants\/\"]}]},{\"@type\":\"BreadcrumbList\",\"@id\":\"https:\/\/laligue53.org\/usep\/documents-pedagosiques\/les-engins-roulants\/engins-roulants\/#breadcrumb\",\"itemListElement\":[{\"@type\":\"ListItem\",\"position\":1,\"name\":\"Accueil\",\"item\":\"https:\/\/laligue53.org\/usep\/\"},{\"@type\":\"ListItem\",\"position\":2,\"name\":\"Dynamique Sportive (documents p\u00e9dagogiques)\",\"item\":\"https:\/\/laligue53.org\/usep\/documents-pedagosiques\/\"},{\"@type\":\"ListItem\",\"position\":3,\"name\":\"Les engins roulants\",\"item\":\"https:\/\/laligue53.org\/usep\/documents-pedagosiques\/les-engins-roulants\/\"},{\"@type\":\"ListItem\",\"position\":4,\"name\":\"Engins roulants\"}]},{\"@type\":\"WebSite\",\"@id\":\"https:\/\/laligue53.org\/usep\/#website\",\"url\":\"https:\/\/laligue53.org\/usep\/\",\"name\":\"Comit\u00e9 d\u00e9partemental USEP(53) Mayenne\",\"description\":\"USEP 53 l&#039;Union Sportive de l&#039;Enseignement du Premier degr\u00e9\",\"potentialAction\":[{\"@type\":\"SearchAction\",\"target\":{\"@type\":\"EntryPoint\",\"urlTemplate\":\"https:\/\/laligue53.org\/usep\/?s={search_term_string}\"},\"query-input\":\"required name=search_term_string\"}],\"inLanguage\":\"fr-FR\"}]}<\/script>\n<!-- \/ Yoast SEO plugin. -->","yoast_head_json":{"title":"Engins roulants - Comit\u00e9 d\u00e9partemental USEP(53) Mayenne","robots":{"index":"index","follow":"follow","max-snippet":"max-snippet:-1","max-image-preview":"max-image-preview:large","max-video-preview":"max-video-preview:-1"},"canonical":"https:\/\/laligue53.org\/usep\/documents-pedagosiques\/les-engins-roulants\/engins-roulants\/","og_locale":"fr_FR","og_type":"article","og_title":"Engins roulants - Comit\u00e9 d\u00e9partemental USEP(53) Mayenne","og_description":"Dossier engins roulants (\u00e9quipe EPS Mayenne) Exemples de s\u00e9ances et de situation de r\u00e9f\u00e9rence Lire la suite","og_url":"https:\/\/laligue53.org\/usep\/documents-pedagosiques\/les-engins-roulants\/engins-roulants\/","og_site_name":"Comit\u00e9 d\u00e9partemental USEP(53) Mayenne","article_modified_time":"2023-10-16T08:36:42+00:00","twitter_misc":{"Dur\u00e9e de lecture estim\u00e9e":"1 minute"},"schema":{"@context":"https:\/\/schema.org","@graph":[{"@type":"WebPage","@id":"https:\/\/laligue53.org\/usep\/documents-pedagosiques\/les-engins-roulants\/engins-roulants\/","url":"https:\/\/laligue53.org\/usep\/documents-pedagosiques\/les-engins-roulants\/engins-roulants\/","name":"Engins roulants - Comit\u00e9 d\u00e9partemental USEP(53) Mayenne","isPartOf":{"@id":"https:\/\/laligue53.org\/usep\/#website"},"datePublished":"2015-12-08T21:39:11+00:00","dateModified":"2023-10-16T08:36:42+00:00","breadcrumb":{"@id":"https:\/\/laligue53.org\/usep\/documents-pedagosiques\/les-engins-roulants\/engins-roulants\/#breadcrumb"},"inLanguage":"fr-FR","potentialAction":[{"@type":"ReadAction","target":["https:\/\/laligue53.org\/usep\/documents-pedagosiques\/les-engins-roulants\/engins-roulants\/"]}]},{"@type":"BreadcrumbList","@id":"https:\/\/laligue53.org\/usep\/documents-pedagosiques\/les-engins-roulants\/engins-roulants\/#breadcrumb","itemListElement":[{"@type":"ListItem","position":1,"name":"Accueil","item":"https:\/\/laligue53.org\/usep\/"},{"@type":"ListItem","position":2,"name":"Dynamique Sportive (documents p\u00e9dagogiques)","item":"https:\/\/laligue53.org\/usep\/documents-pedagosiques\/"},{"@type":"ListItem","position":3,"name":"Les engins roulants","item":"https:\/\/laligue53.org\/usep\/documents-pedagosiques\/les-engins-roulants\/"},{"@type":"ListItem","position":4,"name":"Engins roulants"}]},{"@type":"WebSite","@id":"https:\/\/laligue53.org\/usep\/#website","url":"https:\/\/laligue53.org\/usep\/","name":"Comit\u00e9 d\u00e9partemental USEP(53) Mayenne","description":"USEP 53 l&#039;Union Sportive de l&#039;Enseignement du Premier degr\u00e9","potentialAction":[{"@type":"SearchAction","target":{"@type":"EntryPoint","urlTemplate":"https:\/\/laligue53.org\/usep\/?s={search_term_string}"},"query-input":"required name=search_term_string"}],"inLanguage":"fr-FR"}]}},"_links":{"self":[{"href":"https:\/\/laligue53.org\/usep\/wp-json\/wp\/v2\/pages\/662"}],"collection":[{"href":"https:\/\/laligue53.org\/usep\/wp-json\/wp\/v2\/pages"}],"about":[{"href":"https:\/\/laligue53.org\/usep\/wp-json\/wp\/v2\/types\/page"}],"author":[{"embeddable":true,"href":"https:\/\/laligue53.org\/usep\/wp-json\/wp\/v2\/users\/1"}],"replies":[{"embeddable":true,"href":"https:\/\/laligue53.org\/usep\/wp-json\/wp\/v2\/comments?post=662"}],"version-history":[{"count":8,"href":"https:\/\/laligue53.org\/usep\/wp-json\/wp\/v2\/pages\/662\/revisions"}],"predecessor-version":[{"id":1413,"href":"https:\/\/laligue53.org\/usep\/wp-json\/wp\/v2\/pages\/662\/revisions\/1413"}],"up":[{"embeddable":true,"href":"https:\/\/laligue53.org\/usep\/wp-json\/wp\/v2\/pages\/664"}],"wp:attachment":[{"href":"https:\/\/laligue53.org\/usep\/wp-json\/wp\/v2\/media?parent=662"}],"curies":[{"name":"wp","href":"https:\/\/api.w.org\/{rel}","templated":true}]}}