{"id":628,"date":"2015-12-08T17:06:36","date_gmt":"2015-12-08T17:06:36","guid":{"rendered":"http:\/\/laligue53.org\/usep\/?page_id=628"},"modified":"2016-11-02T15:35:31","modified_gmt":"2016-11-02T15:35:31","slug":"athetisme","status":"publish","type":"page","link":"https:\/\/laligue53.org\/usep\/documents-pedagosiques\/rencontres-athletiques\/athetisme\/","title":{"rendered":"Athl\u00e9tisme"},"content":{"rendered":"<p><span style=\"color: #000000;\"><a style=\"color: #000000;\" href=\"http:\/\/laligue53.org\/usep\/wp-content\/uploads\/2015\/12\/ateliers-athl\u00e9.pdf\" target=\"_blank\">Ateliers athl\u00e9tisme USEP<\/a><\/span><\/p>\n<p><a href=\"http:\/\/laligue53.org\/usep\/wp-content\/uploads\/2015\/12\/d\u00e9roulement-type-usep.doc\" target=\"_blank\"><span style=\"color: #000000;\">D\u00e9roulement rencontre athl\u00e9tisme USEP<\/span><\/a><\/p>\n<p><a href=\"http:\/\/laligue53.org\/usep\/wp-content\/uploads\/2016\/11\/gs.cp_-1.pdf\">Anim&rsquo;Athl\u00e9 (JEUX) : Niveau GS-CP<\/a><\/p>\n<p><a href=\"http:\/\/laligue53.org\/usep\/wp-content\/uploads\/2016\/11\/ce.pdf\">Anim&rsquo;Athl\u00e9 (JEUX): Niveau CE1-CE2<\/a><\/p>\n<p><a href=\"http:\/\/laligue53.org\/usep\/wp-content\/uploads\/2016\/11\/cm.pdf\">Anim&rsquo;Athl\u00e9 (JEUX) : Niveau CM1-CM2<\/a><\/p>\n<p>&nbsp;<\/p>\n","protected":false},"excerpt":{"rendered":"<p>Ateliers athl\u00e9tisme USEP D\u00e9roulement rencontre athl\u00e9tisme USEP Anim&rsquo;Athl\u00e9 (JEUX) : Niveau GS-CP Anim&rsquo;Athl\u00e9 (JEUX): Niveau CE1-CE2 Anim&rsquo;Athl\u00e9 (JEUX) : Niveau CM1-CM2 &nbsp;<\/p>\n<p class=\"continue-reading-button\"> <a class=\"continue-reading-link\" href=\"https:\/\/laligue53.org\/usep\/documents-pedagosiques\/rencontres-athletiques\/athetisme\/\">Lire la suite<i class=\"crycon-right-dir\"><\/i><\/a><\/p>\n","protected":false},"author":1,"featured_media":0,"parent":630,"menu_order":0,"comment_status":"closed","ping_status":"open","template":"","meta":{"footnotes":""},"class_list":["post-628","page","type-page","status-publish","hentry"],"yoast_head":"<!-- This site is optimized with the Yoast SEO plugin v19.6.1 - https:\/\/yoast.com\/wordpress\/plugins\/seo\/ -->\n<title>Athl\u00e9tisme - Comit\u00e9 d\u00e9partemental USEP(53) Mayenne<\/title>\n<meta name=\"robots\" content=\"index, follow, max-snippet:-1, max-image-preview:large, max-video-preview:-1\" \/>\n<link rel=\"canonical\" href=\"https:\/\/laligue53.org\/usep\/documents-pedagosiques\/rencontres-athletiques\/athetisme\/\" \/>\n<meta property=\"og:locale\" content=\"fr_FR\" \/>\n<meta property=\"og:type\" content=\"article\" \/>\n<meta property=\"og:title\" content=\"Athl\u00e9tisme - Comit\u00e9 d\u00e9partemental USEP(53) Mayenne\" \/>\n<meta property=\"og:description\" content=\"Ateliers athl\u00e9tisme USEP D\u00e9roulement rencontre athl\u00e9tisme USEP Anim&rsquo;Athl\u00e9 (JEUX) : Niveau GS-CP Anim&rsquo;Athl\u00e9 (JEUX): Niveau CE1-CE2 Anim&rsquo;Athl\u00e9 (JEUX) : Niveau CM1-CM2 &nbsp; Lire la suite\" \/>\n<meta property=\"og:url\" content=\"https:\/\/laligue53.org\/usep\/documents-pedagosiques\/rencontres-athletiques\/athetisme\/\" \/>\n<meta property=\"og:site_name\" content=\"Comit\u00e9 d\u00e9partemental USEP(53) Mayenne\" \/>\n<meta property=\"article:modified_time\" content=\"2016-11-02T15:35:31+00:00\" \/>\n<script type=\"application\/ld+json\" class=\"yoast-schema-graph\">{\"@context\":\"https:\/\/schema.org\",\"@graph\":[{\"@type\":\"WebPage\",\"@id\":\"https:\/\/laligue53.org\/usep\/documents-pedagosiques\/rencontres-athletiques\/athetisme\/\",\"url\":\"https:\/\/laligue53.org\/usep\/documents-pedagosiques\/rencontres-athletiques\/athetisme\/\",\"name\":\"Athl\u00e9tisme - Comit\u00e9 d\u00e9partemental USEP(53) Mayenne\",\"isPartOf\":{\"@id\":\"https:\/\/laligue53.org\/usep\/#website\"},\"datePublished\":\"2015-12-08T17:06:36+00:00\",\"dateModified\":\"2016-11-02T15:35:31+00:00\",\"breadcrumb\":{\"@id\":\"https:\/\/laligue53.org\/usep\/documents-pedagosiques\/rencontres-athletiques\/athetisme\/#breadcrumb\"},\"inLanguage\":\"fr-FR\",\"potentialAction\":[{\"@type\":\"ReadAction\",\"target\":[\"https:\/\/laligue53.org\/usep\/documents-pedagosiques\/rencontres-athletiques\/athetisme\/\"]}]},{\"@type\":\"BreadcrumbList\",\"@id\":\"https:\/\/laligue53.org\/usep\/documents-pedagosiques\/rencontres-athletiques\/athetisme\/#breadcrumb\",\"itemListElement\":[{\"@type\":\"ListItem\",\"position\":1,\"name\":\"Accueil\",\"item\":\"https:\/\/laligue53.org\/usep\/\"},{\"@type\":\"ListItem\",\"position\":2,\"name\":\"Dynamique Sportive (documents p\u00e9dagogiques)\",\"item\":\"https:\/\/laligue53.org\/usep\/documents-pedagosiques\/\"},{\"@type\":\"ListItem\",\"position\":3,\"name\":\"Rencontres athl\u00e9tiques\",\"item\":\"https:\/\/laligue53.org\/usep\/documents-pedagosiques\/rencontres-athletiques\/\"},{\"@type\":\"ListItem\",\"position\":4,\"name\":\"Athl\u00e9tisme\"}]},{\"@type\":\"WebSite\",\"@id\":\"https:\/\/laligue53.org\/usep\/#website\",\"url\":\"https:\/\/laligue53.org\/usep\/\",\"name\":\"Comit\u00e9 d\u00e9partemental USEP(53) Mayenne\",\"description\":\"USEP 53 l&#039;Union Sportive de l&#039;Enseignement du Premier degr\u00e9\",\"potentialAction\":[{\"@type\":\"SearchAction\",\"target\":{\"@type\":\"EntryPoint\",\"urlTemplate\":\"https:\/\/laligue53.org\/usep\/?s={search_term_string}\"},\"query-input\":\"required name=search_term_string\"}],\"inLanguage\":\"fr-FR\"}]}<\/script>\n<!-- \/ Yoast SEO plugin. -->","yoast_head_json":{"title":"Athl\u00e9tisme - Comit\u00e9 d\u00e9partemental USEP(53) Mayenne","robots":{"index":"index","follow":"follow","max-snippet":"max-snippet:-1","max-image-preview":"max-image-preview:large","max-video-preview":"max-video-preview:-1"},"canonical":"https:\/\/laligue53.org\/usep\/documents-pedagosiques\/rencontres-athletiques\/athetisme\/","og_locale":"fr_FR","og_type":"article","og_title":"Athl\u00e9tisme - Comit\u00e9 d\u00e9partemental USEP(53) Mayenne","og_description":"Ateliers athl\u00e9tisme USEP D\u00e9roulement rencontre athl\u00e9tisme USEP Anim&rsquo;Athl\u00e9 (JEUX) : Niveau GS-CP Anim&rsquo;Athl\u00e9 (JEUX): Niveau CE1-CE2 Anim&rsquo;Athl\u00e9 (JEUX) : Niveau CM1-CM2 &nbsp; Lire la suite","og_url":"https:\/\/laligue53.org\/usep\/documents-pedagosiques\/rencontres-athletiques\/athetisme\/","og_site_name":"Comit\u00e9 d\u00e9partemental USEP(53) Mayenne","article_modified_time":"2016-11-02T15:35:31+00:00","schema":{"@context":"https:\/\/schema.org","@graph":[{"@type":"WebPage","@id":"https:\/\/laligue53.org\/usep\/documents-pedagosiques\/rencontres-athletiques\/athetisme\/","url":"https:\/\/laligue53.org\/usep\/documents-pedagosiques\/rencontres-athletiques\/athetisme\/","name":"Athl\u00e9tisme - Comit\u00e9 d\u00e9partemental USEP(53) Mayenne","isPartOf":{"@id":"https:\/\/laligue53.org\/usep\/#website"},"datePublished":"2015-12-08T17:06:36+00:00","dateModified":"2016-11-02T15:35:31+00:00","breadcrumb":{"@id":"https:\/\/laligue53.org\/usep\/documents-pedagosiques\/rencontres-athletiques\/athetisme\/#breadcrumb"},"inLanguage":"fr-FR","potentialAction":[{"@type":"ReadAction","target":["https:\/\/laligue53.org\/usep\/documents-pedagosiques\/rencontres-athletiques\/athetisme\/"]}]},{"@type":"BreadcrumbList","@id":"https:\/\/laligue53.org\/usep\/documents-pedagosiques\/rencontres-athletiques\/athetisme\/#breadcrumb","itemListElement":[{"@type":"ListItem","position":1,"name":"Accueil","item":"https:\/\/laligue53.org\/usep\/"},{"@type":"ListItem","position":2,"name":"Dynamique Sportive (documents p\u00e9dagogiques)","item":"https:\/\/laligue53.org\/usep\/documents-pedagosiques\/"},{"@type":"ListItem","position":3,"name":"Rencontres athl\u00e9tiques","item":"https:\/\/laligue53.org\/usep\/documents-pedagosiques\/rencontres-athletiques\/"},{"@type":"ListItem","position":4,"name":"Athl\u00e9tisme"}]},{"@type":"WebSite","@id":"https:\/\/laligue53.org\/usep\/#website","url":"https:\/\/laligue53.org\/usep\/","name":"Comit\u00e9 d\u00e9partemental USEP(53) Mayenne","description":"USEP 53 l&#039;Union Sportive de l&#039;Enseignement du Premier degr\u00e9","potentialAction":[{"@type":"SearchAction","target":{"@type":"EntryPoint","urlTemplate":"https:\/\/laligue53.org\/usep\/?s={search_term_string}"},"query-input":"required name=search_term_string"}],"inLanguage":"fr-FR"}]}},"_links":{"self":[{"href":"https:\/\/laligue53.org\/usep\/wp-json\/wp\/v2\/pages\/628"}],"collection":[{"href":"https:\/\/laligue53.org\/usep\/wp-json\/wp\/v2\/pages"}],"about":[{"href":"https:\/\/laligue53.org\/usep\/wp-json\/wp\/v2\/types\/page"}],"author":[{"embeddable":true,"href":"https:\/\/laligue53.org\/usep\/wp-json\/wp\/v2\/users\/1"}],"replies":[{"embeddable":true,"href":"https:\/\/laligue53.org\/usep\/wp-json\/wp\/v2\/comments?post=628"}],"version-history":[{"count":5,"href":"https:\/\/laligue53.org\/usep\/wp-json\/wp\/v2\/pages\/628\/revisions"}],"predecessor-version":[{"id":907,"href":"https:\/\/laligue53.org\/usep\/wp-json\/wp\/v2\/pages\/628\/revisions\/907"}],"up":[{"embeddable":true,"href":"https:\/\/laligue53.org\/usep\/wp-json\/wp\/v2\/pages\/630"}],"wp:attachment":[{"href":"https:\/\/laligue53.org\/usep\/wp-json\/wp\/v2\/media?parent=628"}],"curies":[{"name":"wp","href":"https:\/\/api.w.org\/{rel}","templated":true}]}}