{"id":607,"date":"2015-12-08T16:17:02","date_gmt":"2015-12-08T16:17:02","guid":{"rendered":"http:\/\/laligue53.org\/usep\/?page_id=607"},"modified":"2016-09-29T13:17:26","modified_gmt":"2016-09-29T13:17:26","slug":"dynamique-associative","status":"publish","type":"page","link":"https:\/\/laligue53.org\/usep\/dynamique-associative\/","title":{"rendered":"Dynamique Associative"},"content":{"rendered":"<p>&nbsp;<\/p>\n<blockquote class=\"wp-embedded-content\" data-secret=\"hGG8FFoHS9\"><p><a href=\"https:\/\/laligue53.org\/usep\/dynamique-associative\/rebonds-et-compagnie\/\">Rebonds et compagnie<\/a><\/p><\/blockquote>\n<p><iframe loading=\"lazy\" class=\"wp-embedded-content\" sandbox=\"allow-scripts\" security=\"restricted\" style=\"position: absolute; clip: rect(1px, 1px, 1px, 1px);\" src=\"https:\/\/laligue53.org\/usep\/dynamique-associative\/rebonds-et-compagnie\/embed\/#?secret=hGG8FFoHS9\" data-secret=\"hGG8FFoHS9\" width=\"600\" height=\"338\" title=\"\u00ab\u00a0Rebonds et compagnie\u00a0\u00bb &#8212;   Comit\u00e9 d\u00e9partemental USEP(53) Mayenne\" frameborder=\"0\" marginwidth=\"0\" marginheight=\"0\" scrolling=\"no\"><\/iframe><\/p>\n<blockquote class=\"wp-embedded-content\" data-secret=\"0yksxohlRV\"><p><a href=\"https:\/\/laligue53.org\/usep\/dynamique-associative\/vivre-ensemble-a-lusep\/\">Vivre Ensemble \u00e0 l&#8217;USEP<\/a><\/p><\/blockquote>\n<p><iframe loading=\"lazy\" class=\"wp-embedded-content\" sandbox=\"allow-scripts\" security=\"restricted\" style=\"position: absolute; clip: rect(1px, 1px, 1px, 1px);\" src=\"https:\/\/laligue53.org\/usep\/dynamique-associative\/vivre-ensemble-a-lusep\/embed\/#?secret=0yksxohlRV\" data-secret=\"0yksxohlRV\" width=\"600\" height=\"338\" title=\"\u00ab\u00a0Vivre Ensemble \u00e0 l&#8217;USEP\u00a0\u00bb &#8212;   Comit\u00e9 d\u00e9partemental USEP(53) Mayenne\" frameborder=\"0\" marginwidth=\"0\" marginheight=\"0\" scrolling=\"no\"><\/iframe><\/p>\n<blockquote class=\"wp-embedded-content\" data-secret=\"1Tm5t2i9Pz\"><p><a href=\"https:\/\/laligue53.org\/usep\/dynamique-associative\/la-rencontre-sportive-usep\/\">La rencontre sportive USEP<\/a><\/p><\/blockquote>\n<p><iframe loading=\"lazy\" class=\"wp-embedded-content\" sandbox=\"allow-scripts\" security=\"restricted\" style=\"position: absolute; clip: rect(1px, 1px, 1px, 1px);\" src=\"https:\/\/laligue53.org\/usep\/dynamique-associative\/la-rencontre-sportive-usep\/embed\/#?secret=1Tm5t2i9Pz\" data-secret=\"1Tm5t2i9Pz\" width=\"600\" height=\"338\" title=\"\u00ab\u00a0La rencontre sportive USEP\u00a0\u00bb &#8212;   Comit\u00e9 d\u00e9partemental USEP(53) Mayenne\" frameborder=\"0\" marginwidth=\"0\" marginheight=\"0\" scrolling=\"no\"><\/iframe><\/p>\n<blockquote class=\"wp-embedded-content\" data-secret=\"wuPGq6N3Ux\"><p><a href=\"https:\/\/laligue53.org\/usep\/dynamique-associative\/sport-et-sante\/\">Sport et Sant\u00e9<\/a><\/p><\/blockquote>\n<p><iframe loading=\"lazy\" class=\"wp-embedded-content\" sandbox=\"allow-scripts\" security=\"restricted\" style=\"position: absolute; clip: rect(1px, 1px, 1px, 1px);\" src=\"https:\/\/laligue53.org\/usep\/dynamique-associative\/sport-et-sante\/embed\/#?secret=wuPGq6N3Ux\" data-secret=\"wuPGq6N3Ux\" width=\"600\" height=\"338\" title=\"\u00ab\u00a0Sport et Sant\u00e9\u00a0\u00bb &#8212;   Comit\u00e9 d\u00e9partemental USEP(53) Mayenne\" frameborder=\"0\" marginwidth=\"0\" marginheight=\"0\" scrolling=\"no\"><\/iframe><\/p>\n<blockquote class=\"wp-embedded-content\" data-secret=\"clukc6pgvT\"><p><a href=\"https:\/\/laligue53.org\/usep\/dynamique-associative\/sport-et-handicap\/\">Sport et handicap<\/a><\/p><\/blockquote>\n<p><iframe loading=\"lazy\" class=\"wp-embedded-content\" sandbox=\"allow-scripts\" security=\"restricted\" style=\"position: absolute; clip: rect(1px, 1px, 1px, 1px);\" src=\"https:\/\/laligue53.org\/usep\/dynamique-associative\/sport-et-handicap\/embed\/#?secret=clukc6pgvT\" data-secret=\"clukc6pgvT\" width=\"600\" height=\"338\" title=\"\u00ab\u00a0Sport et handicap\u00a0\u00bb &#8212;   Comit\u00e9 d\u00e9partemental USEP(53) Mayenne\" frameborder=\"0\" marginwidth=\"0\" marginheight=\"0\" scrolling=\"no\"><\/iframe><\/p>\n<blockquote class=\"wp-embedded-content\" data-secret=\"vRNEW3W1Ul\"><p><a href=\"https:\/\/laligue53.org\/usep\/dynamique-associative\/le-debat-associatif\/\">Le d\u00e9bat associatif<\/a><\/p><\/blockquote>\n<p><iframe loading=\"lazy\" class=\"wp-embedded-content\" sandbox=\"allow-scripts\" security=\"restricted\" style=\"position: absolute; clip: rect(1px, 1px, 1px, 1px);\" src=\"https:\/\/laligue53.org\/usep\/dynamique-associative\/le-debat-associatif\/embed\/#?secret=vRNEW3W1Ul\" data-secret=\"vRNEW3W1Ul\" width=\"600\" height=\"338\" title=\"\u00ab\u00a0Le d\u00e9bat associatif\u00a0\u00bb &#8212;   Comit\u00e9 d\u00e9partemental USEP(53) Mayenne\" frameborder=\"0\" marginwidth=\"0\" marginheight=\"0\" scrolling=\"no\"><\/iframe><\/p>\n<blockquote class=\"wp-embedded-content\" data-secret=\"UHyRt6lRAK\"><p><a href=\"https:\/\/laligue53.org\/usep\/dynamique-associative\/le-remue-meninges-usep\/\">Le Remue m\u00e9ninges USEP<\/a><\/p><\/blockquote>\n<p><iframe loading=\"lazy\" class=\"wp-embedded-content\" sandbox=\"allow-scripts\" security=\"restricted\" style=\"position: absolute; clip: rect(1px, 1px, 1px, 1px);\" src=\"https:\/\/laligue53.org\/usep\/dynamique-associative\/le-remue-meninges-usep\/embed\/#?secret=UHyRt6lRAK\" data-secret=\"UHyRt6lRAK\" width=\"600\" height=\"338\" title=\"\u00ab\u00a0Le Remue m\u00e9ninges USEP\u00a0\u00bb &#8212;   Comit\u00e9 d\u00e9partemental USEP(53) Mayenne\" frameborder=\"0\" marginwidth=\"0\" marginheight=\"0\" scrolling=\"no\"><\/iframe><\/p>\n","protected":false},"excerpt":{"rendered":"<p>&nbsp; Rebonds et compagnie Vivre Ensemble \u00e0 l&#8217;USEP La rencontre sportive USEP Sport et Sant\u00e9 Sport et handicap Le d\u00e9bat associatif Le Remue m\u00e9ninges USEP<\/p>\n<p class=\"continue-reading-button\"> <a class=\"continue-reading-link\" href=\"https:\/\/laligue53.org\/usep\/dynamique-associative\/\">Lire la suite<i class=\"crycon-right-dir\"><\/i><\/a><\/p>\n","protected":false},"author":1,"featured_media":0,"parent":0,"menu_order":0,"comment_status":"closed","ping_status":"open","template":"","meta":{"footnotes":""},"class_list":["post-607","page","type-page","status-publish","hentry"],"yoast_head":"<!-- This site is optimized with the Yoast SEO plugin v19.6.1 - https:\/\/yoast.com\/wordpress\/plugins\/seo\/ -->\n<title>Dynamique Associative - Comit\u00e9 d\u00e9partemental USEP(53) Mayenne<\/title>\n<meta name=\"robots\" content=\"index, follow, max-snippet:-1, max-image-preview:large, max-video-preview:-1\" \/>\n<link rel=\"canonical\" href=\"https:\/\/laligue53.org\/usep\/dynamique-associative\/\" \/>\n<meta property=\"og:locale\" content=\"fr_FR\" \/>\n<meta property=\"og:type\" content=\"article\" \/>\n<meta property=\"og:title\" content=\"Dynamique Associative - Comit\u00e9 d\u00e9partemental USEP(53) Mayenne\" \/>\n<meta property=\"og:description\" content=\"&nbsp; Rebonds et compagnie Vivre Ensemble \u00e0 l&#8217;USEP La rencontre sportive USEP Sport et Sant\u00e9 Sport et handicap Le d\u00e9bat associatif Le Remue m\u00e9ninges USEP Lire la suite\" \/>\n<meta property=\"og:url\" content=\"https:\/\/laligue53.org\/usep\/dynamique-associative\/\" \/>\n<meta property=\"og:site_name\" content=\"Comit\u00e9 d\u00e9partemental USEP(53) Mayenne\" \/>\n<meta property=\"article:modified_time\" content=\"2016-09-29T13:17:26+00:00\" \/>\n<script type=\"application\/ld+json\" class=\"yoast-schema-graph\">{\"@context\":\"https:\/\/schema.org\",\"@graph\":[{\"@type\":\"WebPage\",\"@id\":\"https:\/\/laligue53.org\/usep\/dynamique-associative\/\",\"url\":\"https:\/\/laligue53.org\/usep\/dynamique-associative\/\",\"name\":\"Dynamique Associative - Comit\u00e9 d\u00e9partemental USEP(53) Mayenne\",\"isPartOf\":{\"@id\":\"https:\/\/laligue53.org\/usep\/#website\"},\"datePublished\":\"2015-12-08T16:17:02+00:00\",\"dateModified\":\"2016-09-29T13:17:26+00:00\",\"breadcrumb\":{\"@id\":\"https:\/\/laligue53.org\/usep\/dynamique-associative\/#breadcrumb\"},\"inLanguage\":\"fr-FR\",\"potentialAction\":[{\"@type\":\"ReadAction\",\"target\":[\"https:\/\/laligue53.org\/usep\/dynamique-associative\/\"]}]},{\"@type\":\"BreadcrumbList\",\"@id\":\"https:\/\/laligue53.org\/usep\/dynamique-associative\/#breadcrumb\",\"itemListElement\":[{\"@type\":\"ListItem\",\"position\":1,\"name\":\"Accueil\",\"item\":\"https:\/\/laligue53.org\/usep\/\"},{\"@type\":\"ListItem\",\"position\":2,\"name\":\"Dynamique Associative\"}]},{\"@type\":\"WebSite\",\"@id\":\"https:\/\/laligue53.org\/usep\/#website\",\"url\":\"https:\/\/laligue53.org\/usep\/\",\"name\":\"Comit\u00e9 d\u00e9partemental USEP(53) Mayenne\",\"description\":\"USEP 53 l&#039;Union Sportive de l&#039;Enseignement du Premier degr\u00e9\",\"potentialAction\":[{\"@type\":\"SearchAction\",\"target\":{\"@type\":\"EntryPoint\",\"urlTemplate\":\"https:\/\/laligue53.org\/usep\/?s={search_term_string}\"},\"query-input\":\"required name=search_term_string\"}],\"inLanguage\":\"fr-FR\"}]}<\/script>\n<!-- \/ Yoast SEO plugin. -->","yoast_head_json":{"title":"Dynamique Associative - Comit\u00e9 d\u00e9partemental USEP(53) Mayenne","robots":{"index":"index","follow":"follow","max-snippet":"max-snippet:-1","max-image-preview":"max-image-preview:large","max-video-preview":"max-video-preview:-1"},"canonical":"https:\/\/laligue53.org\/usep\/dynamique-associative\/","og_locale":"fr_FR","og_type":"article","og_title":"Dynamique Associative - Comit\u00e9 d\u00e9partemental USEP(53) Mayenne","og_description":"&nbsp; Rebonds et compagnie Vivre Ensemble \u00e0 l&#8217;USEP La rencontre sportive USEP Sport et Sant\u00e9 Sport et handicap Le d\u00e9bat associatif Le Remue m\u00e9ninges USEP Lire la suite","og_url":"https:\/\/laligue53.org\/usep\/dynamique-associative\/","og_site_name":"Comit\u00e9 d\u00e9partemental USEP(53) Mayenne","article_modified_time":"2016-09-29T13:17:26+00:00","schema":{"@context":"https:\/\/schema.org","@graph":[{"@type":"WebPage","@id":"https:\/\/laligue53.org\/usep\/dynamique-associative\/","url":"https:\/\/laligue53.org\/usep\/dynamique-associative\/","name":"Dynamique Associative - Comit\u00e9 d\u00e9partemental USEP(53) Mayenne","isPartOf":{"@id":"https:\/\/laligue53.org\/usep\/#website"},"datePublished":"2015-12-08T16:17:02+00:00","dateModified":"2016-09-29T13:17:26+00:00","breadcrumb":{"@id":"https:\/\/laligue53.org\/usep\/dynamique-associative\/#breadcrumb"},"inLanguage":"fr-FR","potentialAction":[{"@type":"ReadAction","target":["https:\/\/laligue53.org\/usep\/dynamique-associative\/"]}]},{"@type":"BreadcrumbList","@id":"https:\/\/laligue53.org\/usep\/dynamique-associative\/#breadcrumb","itemListElement":[{"@type":"ListItem","position":1,"name":"Accueil","item":"https:\/\/laligue53.org\/usep\/"},{"@type":"ListItem","position":2,"name":"Dynamique Associative"}]},{"@type":"WebSite","@id":"https:\/\/laligue53.org\/usep\/#website","url":"https:\/\/laligue53.org\/usep\/","name":"Comit\u00e9 d\u00e9partemental USEP(53) Mayenne","description":"USEP 53 l&#039;Union Sportive de l&#039;Enseignement du Premier degr\u00e9","potentialAction":[{"@type":"SearchAction","target":{"@type":"EntryPoint","urlTemplate":"https:\/\/laligue53.org\/usep\/?s={search_term_string}"},"query-input":"required name=search_term_string"}],"inLanguage":"fr-FR"}]}},"_links":{"self":[{"href":"https:\/\/laligue53.org\/usep\/wp-json\/wp\/v2\/pages\/607"}],"collection":[{"href":"https:\/\/laligue53.org\/usep\/wp-json\/wp\/v2\/pages"}],"about":[{"href":"https:\/\/laligue53.org\/usep\/wp-json\/wp\/v2\/types\/page"}],"author":[{"embeddable":true,"href":"https:\/\/laligue53.org\/usep\/wp-json\/wp\/v2\/users\/1"}],"replies":[{"embeddable":true,"href":"https:\/\/laligue53.org\/usep\/wp-json\/wp\/v2\/comments?post=607"}],"version-history":[{"count":10,"href":"https:\/\/laligue53.org\/usep\/wp-json\/wp\/v2\/pages\/607\/revisions"}],"predecessor-version":[{"id":882,"href":"https:\/\/laligue53.org\/usep\/wp-json\/wp\/v2\/pages\/607\/revisions\/882"}],"wp:attachment":[{"href":"https:\/\/laligue53.org\/usep\/wp-json\/wp\/v2\/media?parent=607"}],"curies":[{"name":"wp","href":"https:\/\/api.w.org\/{rel}","templated":true}]}}