{"id":350,"date":"2015-01-22T10:22:12","date_gmt":"2015-01-22T10:22:12","guid":{"rendered":"http:\/\/laligue53.org\/usep\/?page_id=350"},"modified":"2025-01-16T09:13:33","modified_gmt":"2025-01-16T09:13:33","slug":"rugby","status":"publish","type":"page","link":"https:\/\/laligue53.org\/usep\/documents-pedagosiques\/athletisme\/rugby\/","title":{"rendered":"Rugby"},"content":{"rendered":"<ul>\n<li><strong><em>Outils p\u00e9dagogiques et axe culturel:<\/em><\/strong><\/li>\n<\/ul>\n<p><a style=\"color: #000000;\" href=\"http:\/\/laligue53.org\/usep53\/Les_origines_du_rugby.pdf\" target=\"_blank\" rel=\"noopener\">Les origines du Rugby<\/a><\/p>\n<p><span style=\"color: #000000;\"><a style=\"color: #000000;\" href=\"http:\/\/laligue53.org\/usep53\/Questionnairedelecture.doc\" target=\"_blank\" rel=\"noopener\">Questionnaire de lecture<\/a><\/span><\/p>\n<div>\n<p><a href=\"https:\/\/laligue53.org\/usep\/wp-content\/uploads\/2023\/02\/UA-Rugby-2022-Ligue-PDL-USEP-53_compressed.pdf\">Unit\u00e9 d&rsquo;apprentissage Rugby C2-C<\/a>3<\/p>\n<p><a href=\"https:\/\/laligue53.org\/usep\/wp-content\/uploads\/2025\/01\/Dossier-pedagogique-rugby-C1.pdf\">Unit\u00e9 d&rsquo;apprentissage Rugby C1<\/a><\/p>\n<\/div>\n","protected":false},"excerpt":{"rendered":"<p>Outils p\u00e9dagogiques et axe culturel: Les origines du Rugby Questionnaire de lecture Unit\u00e9 d&rsquo;apprentissage Rugby C2-C3 Unit\u00e9 d&rsquo;apprentissage Rugby C1<\/p>\n<p class=\"continue-reading-button\"> <a class=\"continue-reading-link\" href=\"https:\/\/laligue53.org\/usep\/documents-pedagosiques\/athletisme\/rugby\/\">Lire la suite<i class=\"crycon-right-dir\"><\/i><\/a><\/p>\n","protected":false},"author":1,"featured_media":0,"parent":362,"menu_order":0,"comment_status":"closed","ping_status":"open","template":"","meta":{"footnotes":""},"class_list":["post-350","page","type-page","status-publish","hentry"],"yoast_head":"<!-- This site is optimized with the Yoast SEO plugin v19.6.1 - https:\/\/yoast.com\/wordpress\/plugins\/seo\/ -->\n<title>Rugby - Comit\u00e9 d\u00e9partemental USEP(53) Mayenne<\/title>\n<meta name=\"robots\" content=\"index, follow, max-snippet:-1, max-image-preview:large, max-video-preview:-1\" \/>\n<link rel=\"canonical\" href=\"https:\/\/laligue53.org\/usep\/documents-pedagosiques\/athletisme\/rugby\/\" \/>\n<meta property=\"og:locale\" content=\"fr_FR\" \/>\n<meta property=\"og:type\" content=\"article\" \/>\n<meta property=\"og:title\" content=\"Rugby - Comit\u00e9 d\u00e9partemental USEP(53) Mayenne\" \/>\n<meta property=\"og:description\" content=\"Outils p\u00e9dagogiques et axe culturel: Les origines du Rugby Questionnaire de lecture Unit\u00e9 d&rsquo;apprentissage Rugby C2-C3 Unit\u00e9 d&rsquo;apprentissage Rugby C1 Lire la suite\" \/>\n<meta property=\"og:url\" content=\"https:\/\/laligue53.org\/usep\/documents-pedagosiques\/athletisme\/rugby\/\" \/>\n<meta property=\"og:site_name\" content=\"Comit\u00e9 d\u00e9partemental USEP(53) Mayenne\" \/>\n<meta property=\"article:modified_time\" content=\"2025-01-16T09:13:33+00:00\" \/>\n<meta name=\"twitter:label1\" content=\"Dur\u00e9e de lecture estim\u00e9e\" \/>\n\t<meta name=\"twitter:data1\" content=\"1 minute\" \/>\n<script type=\"application\/ld+json\" class=\"yoast-schema-graph\">{\"@context\":\"https:\/\/schema.org\",\"@graph\":[{\"@type\":\"WebPage\",\"@id\":\"https:\/\/laligue53.org\/usep\/documents-pedagosiques\/athletisme\/rugby\/\",\"url\":\"https:\/\/laligue53.org\/usep\/documents-pedagosiques\/athletisme\/rugby\/\",\"name\":\"Rugby - Comit\u00e9 d\u00e9partemental USEP(53) Mayenne\",\"isPartOf\":{\"@id\":\"https:\/\/laligue53.org\/usep\/#website\"},\"datePublished\":\"2015-01-22T10:22:12+00:00\",\"dateModified\":\"2025-01-16T09:13:33+00:00\",\"breadcrumb\":{\"@id\":\"https:\/\/laligue53.org\/usep\/documents-pedagosiques\/athletisme\/rugby\/#breadcrumb\"},\"inLanguage\":\"fr-FR\",\"potentialAction\":[{\"@type\":\"ReadAction\",\"target\":[\"https:\/\/laligue53.org\/usep\/documents-pedagosiques\/athletisme\/rugby\/\"]}]},{\"@type\":\"BreadcrumbList\",\"@id\":\"https:\/\/laligue53.org\/usep\/documents-pedagosiques\/athletisme\/rugby\/#breadcrumb\",\"itemListElement\":[{\"@type\":\"ListItem\",\"position\":1,\"name\":\"Accueil\",\"item\":\"https:\/\/laligue53.org\/usep\/\"},{\"@type\":\"ListItem\",\"position\":2,\"name\":\"Dynamique Sportive (documents p\u00e9dagogiques)\",\"item\":\"https:\/\/laligue53.org\/usep\/documents-pedagosiques\/\"},{\"@type\":\"ListItem\",\"position\":3,\"name\":\"Sports collectifs\",\"item\":\"https:\/\/laligue53.org\/usep\/documents-pedagosiques\/athletisme\/\"},{\"@type\":\"ListItem\",\"position\":4,\"name\":\"Rugby\"}]},{\"@type\":\"WebSite\",\"@id\":\"https:\/\/laligue53.org\/usep\/#website\",\"url\":\"https:\/\/laligue53.org\/usep\/\",\"name\":\"Comit\u00e9 d\u00e9partemental USEP(53) Mayenne\",\"description\":\"USEP 53 l&#039;Union Sportive de l&#039;Enseignement du Premier degr\u00e9\",\"potentialAction\":[{\"@type\":\"SearchAction\",\"target\":{\"@type\":\"EntryPoint\",\"urlTemplate\":\"https:\/\/laligue53.org\/usep\/?s={search_term_string}\"},\"query-input\":\"required name=search_term_string\"}],\"inLanguage\":\"fr-FR\"}]}<\/script>\n<!-- \/ Yoast SEO plugin. -->","yoast_head_json":{"title":"Rugby - Comit\u00e9 d\u00e9partemental USEP(53) Mayenne","robots":{"index":"index","follow":"follow","max-snippet":"max-snippet:-1","max-image-preview":"max-image-preview:large","max-video-preview":"max-video-preview:-1"},"canonical":"https:\/\/laligue53.org\/usep\/documents-pedagosiques\/athletisme\/rugby\/","og_locale":"fr_FR","og_type":"article","og_title":"Rugby - Comit\u00e9 d\u00e9partemental USEP(53) Mayenne","og_description":"Outils p\u00e9dagogiques et axe culturel: Les origines du Rugby Questionnaire de lecture Unit\u00e9 d&rsquo;apprentissage Rugby C2-C3 Unit\u00e9 d&rsquo;apprentissage Rugby C1 Lire la suite","og_url":"https:\/\/laligue53.org\/usep\/documents-pedagosiques\/athletisme\/rugby\/","og_site_name":"Comit\u00e9 d\u00e9partemental USEP(53) Mayenne","article_modified_time":"2025-01-16T09:13:33+00:00","twitter_misc":{"Dur\u00e9e de lecture estim\u00e9e":"1 minute"},"schema":{"@context":"https:\/\/schema.org","@graph":[{"@type":"WebPage","@id":"https:\/\/laligue53.org\/usep\/documents-pedagosiques\/athletisme\/rugby\/","url":"https:\/\/laligue53.org\/usep\/documents-pedagosiques\/athletisme\/rugby\/","name":"Rugby - Comit\u00e9 d\u00e9partemental USEP(53) Mayenne","isPartOf":{"@id":"https:\/\/laligue53.org\/usep\/#website"},"datePublished":"2015-01-22T10:22:12+00:00","dateModified":"2025-01-16T09:13:33+00:00","breadcrumb":{"@id":"https:\/\/laligue53.org\/usep\/documents-pedagosiques\/athletisme\/rugby\/#breadcrumb"},"inLanguage":"fr-FR","potentialAction":[{"@type":"ReadAction","target":["https:\/\/laligue53.org\/usep\/documents-pedagosiques\/athletisme\/rugby\/"]}]},{"@type":"BreadcrumbList","@id":"https:\/\/laligue53.org\/usep\/documents-pedagosiques\/athletisme\/rugby\/#breadcrumb","itemListElement":[{"@type":"ListItem","position":1,"name":"Accueil","item":"https:\/\/laligue53.org\/usep\/"},{"@type":"ListItem","position":2,"name":"Dynamique Sportive (documents p\u00e9dagogiques)","item":"https:\/\/laligue53.org\/usep\/documents-pedagosiques\/"},{"@type":"ListItem","position":3,"name":"Sports collectifs","item":"https:\/\/laligue53.org\/usep\/documents-pedagosiques\/athletisme\/"},{"@type":"ListItem","position":4,"name":"Rugby"}]},{"@type":"WebSite","@id":"https:\/\/laligue53.org\/usep\/#website","url":"https:\/\/laligue53.org\/usep\/","name":"Comit\u00e9 d\u00e9partemental USEP(53) Mayenne","description":"USEP 53 l&#039;Union Sportive de l&#039;Enseignement du Premier degr\u00e9","potentialAction":[{"@type":"SearchAction","target":{"@type":"EntryPoint","urlTemplate":"https:\/\/laligue53.org\/usep\/?s={search_term_string}"},"query-input":"required name=search_term_string"}],"inLanguage":"fr-FR"}]}},"_links":{"self":[{"href":"https:\/\/laligue53.org\/usep\/wp-json\/wp\/v2\/pages\/350"}],"collection":[{"href":"https:\/\/laligue53.org\/usep\/wp-json\/wp\/v2\/pages"}],"about":[{"href":"https:\/\/laligue53.org\/usep\/wp-json\/wp\/v2\/types\/page"}],"author":[{"embeddable":true,"href":"https:\/\/laligue53.org\/usep\/wp-json\/wp\/v2\/users\/1"}],"replies":[{"embeddable":true,"href":"https:\/\/laligue53.org\/usep\/wp-json\/wp\/v2\/comments?post=350"}],"version-history":[{"count":23,"href":"https:\/\/laligue53.org\/usep\/wp-json\/wp\/v2\/pages\/350\/revisions"}],"predecessor-version":[{"id":1482,"href":"https:\/\/laligue53.org\/usep\/wp-json\/wp\/v2\/pages\/350\/revisions\/1482"}],"up":[{"embeddable":true,"href":"https:\/\/laligue53.org\/usep\/wp-json\/wp\/v2\/pages\/362"}],"wp:attachment":[{"href":"https:\/\/laligue53.org\/usep\/wp-json\/wp\/v2\/media?parent=350"}],"curies":[{"name":"wp","href":"https:\/\/api.w.org\/{rel}","templated":true}]}}