{"id":256,"date":"2015-01-20T15:20:10","date_gmt":"2015-01-20T15:20:10","guid":{"rendered":"http:\/\/laligue53.org\/usep\/?page_id=256"},"modified":"2015-01-20T15:20:10","modified_gmt":"2015-01-20T15:20:10","slug":"plan-dacces","status":"publish","type":"page","link":"https:\/\/laligue53.org\/usep\/cest-quoi-lusep\/plan-dacces\/","title":{"rendered":"Plan d&rsquo;acc\u00e8s"},"content":{"rendered":"<p><iframe loading=\"lazy\" style=\"border: 0;\" src=\"https:\/\/www.google.com\/maps\/embed?pb=!1m14!1m8!1m3!1d2665.9437681952154!2d-0.7737293000000001!3d48.072728299999994!3m2!1i1024!2i768!4f13.1!3m3!1m2!1s0x4808fdf361f27ba7%3A0xfbdd902930671a39!2s33+All%C3%A9e+du+Vieux+Saint-Louis%2C+53000+Laval!5e0!3m2!1sfr!2sfr!4v1421767194641\" width=\"600\" height=\"450\" frameborder=\"0\"><\/iframe><\/p>\n","protected":false},"excerpt":{"rendered":"<p class=\"continue-reading-button\"> <a class=\"continue-reading-link\" href=\"https:\/\/laligue53.org\/usep\/cest-quoi-lusep\/plan-dacces\/\">Lire la suite<i class=\"crycon-right-dir\"><\/i><\/a><\/p>\n","protected":false},"author":1,"featured_media":0,"parent":12,"menu_order":0,"comment_status":"closed","ping_status":"open","template":"","meta":{"footnotes":""},"class_list":["post-256","page","type-page","status-publish","hentry"],"yoast_head":"<!-- This site is optimized with the Yoast SEO plugin v19.6.1 - https:\/\/yoast.com\/wordpress\/plugins\/seo\/ -->\n<title>Plan d&#039;acc\u00e8s - Comit\u00e9 d\u00e9partemental USEP(53) Mayenne<\/title>\n<meta name=\"robots\" content=\"index, follow, max-snippet:-1, max-image-preview:large, max-video-preview:-1\" \/>\n<link rel=\"canonical\" href=\"https:\/\/laligue53.org\/usep\/cest-quoi-lusep\/plan-dacces\/\" \/>\n<meta property=\"og:locale\" content=\"fr_FR\" \/>\n<meta property=\"og:type\" content=\"article\" \/>\n<meta property=\"og:title\" content=\"Plan d&#039;acc\u00e8s - Comit\u00e9 d\u00e9partemental USEP(53) Mayenne\" \/>\n<meta property=\"og:description\" content=\"Lire la suite\" \/>\n<meta property=\"og:url\" content=\"https:\/\/laligue53.org\/usep\/cest-quoi-lusep\/plan-dacces\/\" \/>\n<meta property=\"og:site_name\" content=\"Comit\u00e9 d\u00e9partemental USEP(53) Mayenne\" \/>\n<script type=\"application\/ld+json\" class=\"yoast-schema-graph\">{\"@context\":\"https:\/\/schema.org\",\"@graph\":[{\"@type\":\"WebPage\",\"@id\":\"https:\/\/laligue53.org\/usep\/cest-quoi-lusep\/plan-dacces\/\",\"url\":\"https:\/\/laligue53.org\/usep\/cest-quoi-lusep\/plan-dacces\/\",\"name\":\"Plan d'acc\u00e8s - Comit\u00e9 d\u00e9partemental USEP(53) Mayenne\",\"isPartOf\":{\"@id\":\"https:\/\/laligue53.org\/usep\/#website\"},\"datePublished\":\"2015-01-20T15:20:10+00:00\",\"dateModified\":\"2015-01-20T15:20:10+00:00\",\"breadcrumb\":{\"@id\":\"https:\/\/laligue53.org\/usep\/cest-quoi-lusep\/plan-dacces\/#breadcrumb\"},\"inLanguage\":\"fr-FR\",\"potentialAction\":[{\"@type\":\"ReadAction\",\"target\":[\"https:\/\/laligue53.org\/usep\/cest-quoi-lusep\/plan-dacces\/\"]}]},{\"@type\":\"BreadcrumbList\",\"@id\":\"https:\/\/laligue53.org\/usep\/cest-quoi-lusep\/plan-dacces\/#breadcrumb\",\"itemListElement\":[{\"@type\":\"ListItem\",\"position\":1,\"name\":\"Accueil\",\"item\":\"https:\/\/laligue53.org\/usep\/\"},{\"@type\":\"ListItem\",\"position\":2,\"name\":\"C&rsquo;est quoi l&rsquo;USEP ?\",\"item\":\"https:\/\/laligue53.org\/usep\/cest-quoi-lusep\/\"},{\"@type\":\"ListItem\",\"position\":3,\"name\":\"Plan d&rsquo;acc\u00e8s\"}]},{\"@type\":\"WebSite\",\"@id\":\"https:\/\/laligue53.org\/usep\/#website\",\"url\":\"https:\/\/laligue53.org\/usep\/\",\"name\":\"Comit\u00e9 d\u00e9partemental USEP(53) Mayenne\",\"description\":\"USEP 53 l&#039;Union Sportive de l&#039;Enseignement du Premier degr\u00e9\",\"potentialAction\":[{\"@type\":\"SearchAction\",\"target\":{\"@type\":\"EntryPoint\",\"urlTemplate\":\"https:\/\/laligue53.org\/usep\/?s={search_term_string}\"},\"query-input\":\"required name=search_term_string\"}],\"inLanguage\":\"fr-FR\"}]}<\/script>\n<!-- \/ Yoast SEO plugin. -->","yoast_head_json":{"title":"Plan d'acc\u00e8s - Comit\u00e9 d\u00e9partemental USEP(53) Mayenne","robots":{"index":"index","follow":"follow","max-snippet":"max-snippet:-1","max-image-preview":"max-image-preview:large","max-video-preview":"max-video-preview:-1"},"canonical":"https:\/\/laligue53.org\/usep\/cest-quoi-lusep\/plan-dacces\/","og_locale":"fr_FR","og_type":"article","og_title":"Plan d'acc\u00e8s - Comit\u00e9 d\u00e9partemental USEP(53) Mayenne","og_description":"Lire la suite","og_url":"https:\/\/laligue53.org\/usep\/cest-quoi-lusep\/plan-dacces\/","og_site_name":"Comit\u00e9 d\u00e9partemental USEP(53) Mayenne","schema":{"@context":"https:\/\/schema.org","@graph":[{"@type":"WebPage","@id":"https:\/\/laligue53.org\/usep\/cest-quoi-lusep\/plan-dacces\/","url":"https:\/\/laligue53.org\/usep\/cest-quoi-lusep\/plan-dacces\/","name":"Plan d'acc\u00e8s - Comit\u00e9 d\u00e9partemental USEP(53) Mayenne","isPartOf":{"@id":"https:\/\/laligue53.org\/usep\/#website"},"datePublished":"2015-01-20T15:20:10+00:00","dateModified":"2015-01-20T15:20:10+00:00","breadcrumb":{"@id":"https:\/\/laligue53.org\/usep\/cest-quoi-lusep\/plan-dacces\/#breadcrumb"},"inLanguage":"fr-FR","potentialAction":[{"@type":"ReadAction","target":["https:\/\/laligue53.org\/usep\/cest-quoi-lusep\/plan-dacces\/"]}]},{"@type":"BreadcrumbList","@id":"https:\/\/laligue53.org\/usep\/cest-quoi-lusep\/plan-dacces\/#breadcrumb","itemListElement":[{"@type":"ListItem","position":1,"name":"Accueil","item":"https:\/\/laligue53.org\/usep\/"},{"@type":"ListItem","position":2,"name":"C&rsquo;est quoi l&rsquo;USEP ?","item":"https:\/\/laligue53.org\/usep\/cest-quoi-lusep\/"},{"@type":"ListItem","position":3,"name":"Plan d&rsquo;acc\u00e8s"}]},{"@type":"WebSite","@id":"https:\/\/laligue53.org\/usep\/#website","url":"https:\/\/laligue53.org\/usep\/","name":"Comit\u00e9 d\u00e9partemental USEP(53) Mayenne","description":"USEP 53 l&#039;Union Sportive de l&#039;Enseignement du Premier degr\u00e9","potentialAction":[{"@type":"SearchAction","target":{"@type":"EntryPoint","urlTemplate":"https:\/\/laligue53.org\/usep\/?s={search_term_string}"},"query-input":"required name=search_term_string"}],"inLanguage":"fr-FR"}]}},"_links":{"self":[{"href":"https:\/\/laligue53.org\/usep\/wp-json\/wp\/v2\/pages\/256"}],"collection":[{"href":"https:\/\/laligue53.org\/usep\/wp-json\/wp\/v2\/pages"}],"about":[{"href":"https:\/\/laligue53.org\/usep\/wp-json\/wp\/v2\/types\/page"}],"author":[{"embeddable":true,"href":"https:\/\/laligue53.org\/usep\/wp-json\/wp\/v2\/users\/1"}],"replies":[{"embeddable":true,"href":"https:\/\/laligue53.org\/usep\/wp-json\/wp\/v2\/comments?post=256"}],"version-history":[{"count":2,"href":"https:\/\/laligue53.org\/usep\/wp-json\/wp\/v2\/pages\/256\/revisions"}],"predecessor-version":[{"id":1468,"href":"https:\/\/laligue53.org\/usep\/wp-json\/wp\/v2\/pages\/256\/revisions\/1468"}],"up":[{"embeddable":true,"href":"https:\/\/laligue53.org\/usep\/wp-json\/wp\/v2\/pages\/12"}],"wp:attachment":[{"href":"https:\/\/laligue53.org\/usep\/wp-json\/wp\/v2\/media?parent=256"}],"curies":[{"name":"wp","href":"https:\/\/api.w.org\/{rel}","templated":true}]}}