{"id":239,"date":"2015-01-20T15:05:28","date_gmt":"2015-01-20T15:05:28","guid":{"rendered":"http:\/\/laligue53.org\/usep\/?page_id=239"},"modified":"2021-09-22T08:51:56","modified_gmt":"2021-09-22T08:51:56","slug":"presentation","status":"publish","type":"page","link":"https:\/\/laligue53.org\/usep\/cest-quoi-lusep\/presentation\/","title":{"rendered":"Pr\u00e9sentation"},"content":{"rendered":"<div class=\"box-titre\">\n<h2 style=\"text-align: center;\">Union Sportive de l&rsquo;Enseignement du Premier degr\u00e9<\/h2>\n<\/div>\n<div class=\"box-content\">\n<p><a href=\"http:\/\/usep53.over-blog.com\/\"><img decoding=\"async\" class=\" aligncenter\" src=\"http:\/\/fdata.over-blog.net\/3\/72\/80\/10\/avatar-blog-1147841451-tmpphpqMhhRL.jpeg\" alt=\"Union Sportive de l'Enseignement du Premier degr\u00e9\" \/><\/a><\/p>\n<p style=\"text-align: center;\"><strong>Description :<\/strong> 31 all\u00e9e du Vieux St Louis 53014 LAVAL<\/p>\n<\/div>\n\n\n<figure class=\"wp-block-gallery columns-3 is-cropped wp-block-gallery-1 is-layout-flex wp-block-gallery-is-layout-flex\"><ul class=\"blocks-gallery-grid\"><li class=\"blocks-gallery-item\"><figure><img loading=\"lazy\" decoding=\"async\" width=\"313\" height=\"208\" src=\"https:\/\/laligue53.org\/usep\/wp-content\/uploads\/2021\/09\/Signatures-de-mail_Fabien-3-1.png\" alt=\"\" data-id=\"1225\" data-full-url=\"https:\/\/laligue53.org\/usep\/wp-content\/uploads\/2021\/09\/Signatures-de-mail_Fabien-3-1.png\" data-link=\"https:\/\/laligue53.org\/usep\/cest-quoi-lusep\/presentation\/signatures-de-mail_fabien-3-1\/\" class=\"wp-image-1225\" srcset=\"https:\/\/laligue53.org\/usep\/wp-content\/uploads\/2021\/09\/Signatures-de-mail_Fabien-3-1.png 313w, https:\/\/laligue53.org\/usep\/wp-content\/uploads\/2021\/09\/Signatures-de-mail_Fabien-3-1-300x199.png 300w, https:\/\/laligue53.org\/usep\/wp-content\/uploads\/2021\/09\/Signatures-de-mail_Fabien-3-1-150x100.png 150w\" sizes=\"(max-width: 313px) 100vw, 313px\" \/><\/figure><\/li><li class=\"blocks-gallery-item\"><figure><img loading=\"lazy\" decoding=\"async\" width=\"313\" height=\"208\" src=\"https:\/\/laligue53.org\/usep\/wp-content\/uploads\/2021\/09\/Signatures-de-mail_Jojo-1.png\" alt=\"\" data-id=\"1226\" data-full-url=\"https:\/\/laligue53.org\/usep\/wp-content\/uploads\/2021\/09\/Signatures-de-mail_Jojo-1.png\" data-link=\"https:\/\/laligue53.org\/usep\/cest-quoi-lusep\/presentation\/signatures-de-mail_jojo-1\/\" class=\"wp-image-1226\" srcset=\"https:\/\/laligue53.org\/usep\/wp-content\/uploads\/2021\/09\/Signatures-de-mail_Jojo-1.png 313w, https:\/\/laligue53.org\/usep\/wp-content\/uploads\/2021\/09\/Signatures-de-mail_Jojo-1-300x199.png 300w, https:\/\/laligue53.org\/usep\/wp-content\/uploads\/2021\/09\/Signatures-de-mail_Jojo-1-150x100.png 150w\" sizes=\"(max-width: 313px) 100vw, 313px\" \/><\/figure><\/li><li class=\"blocks-gallery-item\"><figure><img loading=\"lazy\" decoding=\"async\" width=\"333\" height=\"183\" src=\"https:\/\/laligue53.org\/usep\/wp-content\/uploads\/2021\/09\/Signatures-de-mail_Stephane-2-1.png\" alt=\"\" data-id=\"1227\" data-full-url=\"https:\/\/laligue53.org\/usep\/wp-content\/uploads\/2021\/09\/Signatures-de-mail_Stephane-2-1.png\" data-link=\"https:\/\/laligue53.org\/usep\/cest-quoi-lusep\/presentation\/signatures-de-mail_stephane-2-1\/\" class=\"wp-image-1227\" srcset=\"https:\/\/laligue53.org\/usep\/wp-content\/uploads\/2021\/09\/Signatures-de-mail_Stephane-2-1.png 333w, https:\/\/laligue53.org\/usep\/wp-content\/uploads\/2021\/09\/Signatures-de-mail_Stephane-2-1-300x165.png 300w, https:\/\/laligue53.org\/usep\/wp-content\/uploads\/2021\/09\/Signatures-de-mail_Stephane-2-1-150x82.png 150w\" sizes=\"(max-width: 333px) 100vw, 333px\" \/><\/figure><\/li><\/ul><\/figure>\n","protected":false},"excerpt":{"rendered":"<p>Union Sportive de l&rsquo;Enseignement du Premier degr\u00e9 Description : 31 all\u00e9e du Vieux St Louis 53014 LAVAL<\/p>\n<p class=\"continue-reading-button\"> <a class=\"continue-reading-link\" href=\"https:\/\/laligue53.org\/usep\/cest-quoi-lusep\/presentation\/\">Lire la suite<i class=\"crycon-right-dir\"><\/i><\/a><\/p>\n","protected":false},"author":1,"featured_media":0,"parent":12,"menu_order":0,"comment_status":"closed","ping_status":"open","template":"","meta":{"footnotes":""},"class_list":["post-239","page","type-page","status-publish","hentry"],"yoast_head":"<!-- This site is optimized with the Yoast SEO plugin v19.6.1 - https:\/\/yoast.com\/wordpress\/plugins\/seo\/ -->\n<title>Pr\u00e9sentation - Comit\u00e9 d\u00e9partemental USEP(53) Mayenne<\/title>\n<meta name=\"robots\" content=\"index, follow, max-snippet:-1, max-image-preview:large, max-video-preview:-1\" \/>\n<link rel=\"canonical\" href=\"https:\/\/laligue53.org\/usep\/cest-quoi-lusep\/presentation\/\" \/>\n<meta property=\"og:locale\" content=\"fr_FR\" \/>\n<meta property=\"og:type\" content=\"article\" \/>\n<meta property=\"og:title\" content=\"Pr\u00e9sentation - Comit\u00e9 d\u00e9partemental USEP(53) Mayenne\" \/>\n<meta property=\"og:description\" content=\"Union Sportive de l&rsquo;Enseignement du Premier degr\u00e9 Description : 31 all\u00e9e du Vieux St Louis 53014 LAVAL Lire la suite\" \/>\n<meta property=\"og:url\" content=\"https:\/\/laligue53.org\/usep\/cest-quoi-lusep\/presentation\/\" \/>\n<meta property=\"og:site_name\" content=\"Comit\u00e9 d\u00e9partemental USEP(53) Mayenne\" \/>\n<meta property=\"article:modified_time\" content=\"2021-09-22T08:51:56+00:00\" \/>\n<meta property=\"og:image\" content=\"http:\/\/fdata.over-blog.net\/3\/72\/80\/10\/avatar-blog-1147841451-tmpphpqMhhRL.jpeg\" \/>\n<script type=\"application\/ld+json\" class=\"yoast-schema-graph\">{\"@context\":\"https:\/\/schema.org\",\"@graph\":[{\"@type\":\"WebPage\",\"@id\":\"https:\/\/laligue53.org\/usep\/cest-quoi-lusep\/presentation\/\",\"url\":\"https:\/\/laligue53.org\/usep\/cest-quoi-lusep\/presentation\/\",\"name\":\"Pr\u00e9sentation - Comit\u00e9 d\u00e9partemental USEP(53) Mayenne\",\"isPartOf\":{\"@id\":\"https:\/\/laligue53.org\/usep\/#website\"},\"datePublished\":\"2015-01-20T15:05:28+00:00\",\"dateModified\":\"2021-09-22T08:51:56+00:00\",\"breadcrumb\":{\"@id\":\"https:\/\/laligue53.org\/usep\/cest-quoi-lusep\/presentation\/#breadcrumb\"},\"inLanguage\":\"fr-FR\",\"potentialAction\":[{\"@type\":\"ReadAction\",\"target\":[\"https:\/\/laligue53.org\/usep\/cest-quoi-lusep\/presentation\/\"]}]},{\"@type\":\"BreadcrumbList\",\"@id\":\"https:\/\/laligue53.org\/usep\/cest-quoi-lusep\/presentation\/#breadcrumb\",\"itemListElement\":[{\"@type\":\"ListItem\",\"position\":1,\"name\":\"Accueil\",\"item\":\"https:\/\/laligue53.org\/usep\/\"},{\"@type\":\"ListItem\",\"position\":2,\"name\":\"C&rsquo;est quoi l&rsquo;USEP ?\",\"item\":\"https:\/\/laligue53.org\/usep\/cest-quoi-lusep\/\"},{\"@type\":\"ListItem\",\"position\":3,\"name\":\"Pr\u00e9sentation\"}]},{\"@type\":\"WebSite\",\"@id\":\"https:\/\/laligue53.org\/usep\/#website\",\"url\":\"https:\/\/laligue53.org\/usep\/\",\"name\":\"Comit\u00e9 d\u00e9partemental USEP(53) Mayenne\",\"description\":\"USEP 53 l&#039;Union Sportive de l&#039;Enseignement du Premier degr\u00e9\",\"potentialAction\":[{\"@type\":\"SearchAction\",\"target\":{\"@type\":\"EntryPoint\",\"urlTemplate\":\"https:\/\/laligue53.org\/usep\/?s={search_term_string}\"},\"query-input\":\"required name=search_term_string\"}],\"inLanguage\":\"fr-FR\"}]}<\/script>\n<!-- \/ Yoast SEO plugin. -->","yoast_head_json":{"title":"Pr\u00e9sentation - Comit\u00e9 d\u00e9partemental USEP(53) Mayenne","robots":{"index":"index","follow":"follow","max-snippet":"max-snippet:-1","max-image-preview":"max-image-preview:large","max-video-preview":"max-video-preview:-1"},"canonical":"https:\/\/laligue53.org\/usep\/cest-quoi-lusep\/presentation\/","og_locale":"fr_FR","og_type":"article","og_title":"Pr\u00e9sentation - Comit\u00e9 d\u00e9partemental USEP(53) Mayenne","og_description":"Union Sportive de l&rsquo;Enseignement du Premier degr\u00e9 Description : 31 all\u00e9e du Vieux St Louis 53014 LAVAL Lire la suite","og_url":"https:\/\/laligue53.org\/usep\/cest-quoi-lusep\/presentation\/","og_site_name":"Comit\u00e9 d\u00e9partemental USEP(53) Mayenne","article_modified_time":"2021-09-22T08:51:56+00:00","og_image":[{"url":"http:\/\/fdata.over-blog.net\/3\/72\/80\/10\/avatar-blog-1147841451-tmpphpqMhhRL.jpeg"}],"schema":{"@context":"https:\/\/schema.org","@graph":[{"@type":"WebPage","@id":"https:\/\/laligue53.org\/usep\/cest-quoi-lusep\/presentation\/","url":"https:\/\/laligue53.org\/usep\/cest-quoi-lusep\/presentation\/","name":"Pr\u00e9sentation - Comit\u00e9 d\u00e9partemental USEP(53) Mayenne","isPartOf":{"@id":"https:\/\/laligue53.org\/usep\/#website"},"datePublished":"2015-01-20T15:05:28+00:00","dateModified":"2021-09-22T08:51:56+00:00","breadcrumb":{"@id":"https:\/\/laligue53.org\/usep\/cest-quoi-lusep\/presentation\/#breadcrumb"},"inLanguage":"fr-FR","potentialAction":[{"@type":"ReadAction","target":["https:\/\/laligue53.org\/usep\/cest-quoi-lusep\/presentation\/"]}]},{"@type":"BreadcrumbList","@id":"https:\/\/laligue53.org\/usep\/cest-quoi-lusep\/presentation\/#breadcrumb","itemListElement":[{"@type":"ListItem","position":1,"name":"Accueil","item":"https:\/\/laligue53.org\/usep\/"},{"@type":"ListItem","position":2,"name":"C&rsquo;est quoi l&rsquo;USEP ?","item":"https:\/\/laligue53.org\/usep\/cest-quoi-lusep\/"},{"@type":"ListItem","position":3,"name":"Pr\u00e9sentation"}]},{"@type":"WebSite","@id":"https:\/\/laligue53.org\/usep\/#website","url":"https:\/\/laligue53.org\/usep\/","name":"Comit\u00e9 d\u00e9partemental USEP(53) Mayenne","description":"USEP 53 l&#039;Union Sportive de l&#039;Enseignement du Premier degr\u00e9","potentialAction":[{"@type":"SearchAction","target":{"@type":"EntryPoint","urlTemplate":"https:\/\/laligue53.org\/usep\/?s={search_term_string}"},"query-input":"required name=search_term_string"}],"inLanguage":"fr-FR"}]}},"_links":{"self":[{"href":"https:\/\/laligue53.org\/usep\/wp-json\/wp\/v2\/pages\/239"}],"collection":[{"href":"https:\/\/laligue53.org\/usep\/wp-json\/wp\/v2\/pages"}],"about":[{"href":"https:\/\/laligue53.org\/usep\/wp-json\/wp\/v2\/types\/page"}],"author":[{"embeddable":true,"href":"https:\/\/laligue53.org\/usep\/wp-json\/wp\/v2\/users\/1"}],"replies":[{"embeddable":true,"href":"https:\/\/laligue53.org\/usep\/wp-json\/wp\/v2\/comments?post=239"}],"version-history":[{"count":15,"href":"https:\/\/laligue53.org\/usep\/wp-json\/wp\/v2\/pages\/239\/revisions"}],"predecessor-version":[{"id":1228,"href":"https:\/\/laligue53.org\/usep\/wp-json\/wp\/v2\/pages\/239\/revisions\/1228"}],"up":[{"embeddable":true,"href":"https:\/\/laligue53.org\/usep\/wp-json\/wp\/v2\/pages\/12"}],"wp:attachment":[{"href":"https:\/\/laligue53.org\/usep\/wp-json\/wp\/v2\/media?parent=239"}],"curies":[{"name":"wp","href":"https:\/\/api.w.org\/{rel}","templated":true}]}}