{"id":1472,"date":"2024-11-12T13:56:45","date_gmt":"2024-11-12T13:56:45","guid":{"rendered":"https:\/\/laligue53.org\/usep\/?page_id=1472"},"modified":"2024-11-12T14:05:45","modified_gmt":"2024-11-12T14:05:45","slug":"basket","status":"publish","type":"page","link":"https:\/\/laligue53.org\/usep\/documents-pedagosiques\/athletisme\/basket\/","title":{"rendered":"Basket"},"content":{"rendered":"\n<p><a href=\"https:\/\/laligue53.org\/usep\/wp-content\/uploads\/2024\/11\/Projet-peda-C1-sept-2024-CD-basket-DSDEN-USEP.pdf\">Dossier p\u00e9dagogique Basket C1<\/a><\/p>\n\n\n\n<p><a href=\"https:\/\/laligue53.org\/usep\/wp-content\/uploads\/2024\/11\/Projet-peda-C2-C3-dec-2023-CD-basket-DSDEN-USEP.pdf\">Dossier p\u00e9dagogique Basket C2-C3<\/a><\/p>\n\n\n\n<p><\/p>\n","protected":false},"excerpt":{"rendered":"<p>Dossier p\u00e9dagogique Basket C1 Dossier p\u00e9dagogique Basket C2-C3<\/p>\n<p class=\"continue-reading-button\"> <a class=\"continue-reading-link\" href=\"https:\/\/laligue53.org\/usep\/documents-pedagosiques\/athletisme\/basket\/\">Lire la suite<i class=\"crycon-right-dir\"><\/i><\/a><\/p>\n","protected":false},"author":1,"featured_media":0,"parent":362,"menu_order":0,"comment_status":"closed","ping_status":"closed","template":"","meta":{"footnotes":""},"class_list":["post-1472","page","type-page","status-publish","hentry"],"yoast_head":"<!-- This site is optimized with the Yoast SEO plugin v19.6.1 - https:\/\/yoast.com\/wordpress\/plugins\/seo\/ -->\n<title>Basket - Comit\u00e9 d\u00e9partemental USEP(53) Mayenne<\/title>\n<meta name=\"robots\" content=\"index, follow, max-snippet:-1, max-image-preview:large, max-video-preview:-1\" \/>\n<link rel=\"canonical\" href=\"https:\/\/laligue53.org\/usep\/documents-pedagosiques\/athletisme\/basket\/\" \/>\n<meta property=\"og:locale\" content=\"fr_FR\" \/>\n<meta property=\"og:type\" content=\"article\" \/>\n<meta property=\"og:title\" content=\"Basket - Comit\u00e9 d\u00e9partemental USEP(53) Mayenne\" \/>\n<meta property=\"og:description\" content=\"Dossier p\u00e9dagogique Basket C1 Dossier p\u00e9dagogique Basket C2-C3 Lire la suite\" \/>\n<meta property=\"og:url\" content=\"https:\/\/laligue53.org\/usep\/documents-pedagosiques\/athletisme\/basket\/\" \/>\n<meta property=\"og:site_name\" content=\"Comit\u00e9 d\u00e9partemental USEP(53) Mayenne\" \/>\n<meta property=\"article:modified_time\" content=\"2024-11-12T14:05:45+00:00\" \/>\n<meta name=\"twitter:label1\" content=\"Dur\u00e9e de lecture estim\u00e9e\" \/>\n\t<meta name=\"twitter:data1\" content=\"1 minute\" \/>\n<script type=\"application\/ld+json\" class=\"yoast-schema-graph\">{\"@context\":\"https:\/\/schema.org\",\"@graph\":[{\"@type\":\"WebPage\",\"@id\":\"https:\/\/laligue53.org\/usep\/documents-pedagosiques\/athletisme\/basket\/\",\"url\":\"https:\/\/laligue53.org\/usep\/documents-pedagosiques\/athletisme\/basket\/\",\"name\":\"Basket - Comit\u00e9 d\u00e9partemental USEP(53) Mayenne\",\"isPartOf\":{\"@id\":\"https:\/\/laligue53.org\/usep\/#website\"},\"datePublished\":\"2024-11-12T13:56:45+00:00\",\"dateModified\":\"2024-11-12T14:05:45+00:00\",\"breadcrumb\":{\"@id\":\"https:\/\/laligue53.org\/usep\/documents-pedagosiques\/athletisme\/basket\/#breadcrumb\"},\"inLanguage\":\"fr-FR\",\"potentialAction\":[{\"@type\":\"ReadAction\",\"target\":[\"https:\/\/laligue53.org\/usep\/documents-pedagosiques\/athletisme\/basket\/\"]}]},{\"@type\":\"BreadcrumbList\",\"@id\":\"https:\/\/laligue53.org\/usep\/documents-pedagosiques\/athletisme\/basket\/#breadcrumb\",\"itemListElement\":[{\"@type\":\"ListItem\",\"position\":1,\"name\":\"Accueil\",\"item\":\"https:\/\/laligue53.org\/usep\/\"},{\"@type\":\"ListItem\",\"position\":2,\"name\":\"Dynamique Sportive (documents p\u00e9dagogiques)\",\"item\":\"https:\/\/laligue53.org\/usep\/documents-pedagosiques\/\"},{\"@type\":\"ListItem\",\"position\":3,\"name\":\"Sports collectifs\",\"item\":\"https:\/\/laligue53.org\/usep\/documents-pedagosiques\/athletisme\/\"},{\"@type\":\"ListItem\",\"position\":4,\"name\":\"Basket\"}]},{\"@type\":\"WebSite\",\"@id\":\"https:\/\/laligue53.org\/usep\/#website\",\"url\":\"https:\/\/laligue53.org\/usep\/\",\"name\":\"Comit\u00e9 d\u00e9partemental USEP(53) Mayenne\",\"description\":\"USEP 53 l&#039;Union Sportive de l&#039;Enseignement du Premier degr\u00e9\",\"potentialAction\":[{\"@type\":\"SearchAction\",\"target\":{\"@type\":\"EntryPoint\",\"urlTemplate\":\"https:\/\/laligue53.org\/usep\/?s={search_term_string}\"},\"query-input\":\"required name=search_term_string\"}],\"inLanguage\":\"fr-FR\"}]}<\/script>\n<!-- \/ Yoast SEO plugin. -->","yoast_head_json":{"title":"Basket - Comit\u00e9 d\u00e9partemental USEP(53) Mayenne","robots":{"index":"index","follow":"follow","max-snippet":"max-snippet:-1","max-image-preview":"max-image-preview:large","max-video-preview":"max-video-preview:-1"},"canonical":"https:\/\/laligue53.org\/usep\/documents-pedagosiques\/athletisme\/basket\/","og_locale":"fr_FR","og_type":"article","og_title":"Basket - Comit\u00e9 d\u00e9partemental USEP(53) Mayenne","og_description":"Dossier p\u00e9dagogique Basket C1 Dossier p\u00e9dagogique Basket C2-C3 Lire la suite","og_url":"https:\/\/laligue53.org\/usep\/documents-pedagosiques\/athletisme\/basket\/","og_site_name":"Comit\u00e9 d\u00e9partemental USEP(53) Mayenne","article_modified_time":"2024-11-12T14:05:45+00:00","twitter_misc":{"Dur\u00e9e de lecture estim\u00e9e":"1 minute"},"schema":{"@context":"https:\/\/schema.org","@graph":[{"@type":"WebPage","@id":"https:\/\/laligue53.org\/usep\/documents-pedagosiques\/athletisme\/basket\/","url":"https:\/\/laligue53.org\/usep\/documents-pedagosiques\/athletisme\/basket\/","name":"Basket - Comit\u00e9 d\u00e9partemental USEP(53) Mayenne","isPartOf":{"@id":"https:\/\/laligue53.org\/usep\/#website"},"datePublished":"2024-11-12T13:56:45+00:00","dateModified":"2024-11-12T14:05:45+00:00","breadcrumb":{"@id":"https:\/\/laligue53.org\/usep\/documents-pedagosiques\/athletisme\/basket\/#breadcrumb"},"inLanguage":"fr-FR","potentialAction":[{"@type":"ReadAction","target":["https:\/\/laligue53.org\/usep\/documents-pedagosiques\/athletisme\/basket\/"]}]},{"@type":"BreadcrumbList","@id":"https:\/\/laligue53.org\/usep\/documents-pedagosiques\/athletisme\/basket\/#breadcrumb","itemListElement":[{"@type":"ListItem","position":1,"name":"Accueil","item":"https:\/\/laligue53.org\/usep\/"},{"@type":"ListItem","position":2,"name":"Dynamique Sportive (documents p\u00e9dagogiques)","item":"https:\/\/laligue53.org\/usep\/documents-pedagosiques\/"},{"@type":"ListItem","position":3,"name":"Sports collectifs","item":"https:\/\/laligue53.org\/usep\/documents-pedagosiques\/athletisme\/"},{"@type":"ListItem","position":4,"name":"Basket"}]},{"@type":"WebSite","@id":"https:\/\/laligue53.org\/usep\/#website","url":"https:\/\/laligue53.org\/usep\/","name":"Comit\u00e9 d\u00e9partemental USEP(53) Mayenne","description":"USEP 53 l&#039;Union Sportive de l&#039;Enseignement du Premier degr\u00e9","potentialAction":[{"@type":"SearchAction","target":{"@type":"EntryPoint","urlTemplate":"https:\/\/laligue53.org\/usep\/?s={search_term_string}"},"query-input":"required name=search_term_string"}],"inLanguage":"fr-FR"}]}},"_links":{"self":[{"href":"https:\/\/laligue53.org\/usep\/wp-json\/wp\/v2\/pages\/1472"}],"collection":[{"href":"https:\/\/laligue53.org\/usep\/wp-json\/wp\/v2\/pages"}],"about":[{"href":"https:\/\/laligue53.org\/usep\/wp-json\/wp\/v2\/types\/page"}],"author":[{"embeddable":true,"href":"https:\/\/laligue53.org\/usep\/wp-json\/wp\/v2\/users\/1"}],"replies":[{"embeddable":true,"href":"https:\/\/laligue53.org\/usep\/wp-json\/wp\/v2\/comments?post=1472"}],"version-history":[{"count":5,"href":"https:\/\/laligue53.org\/usep\/wp-json\/wp\/v2\/pages\/1472\/revisions"}],"predecessor-version":[{"id":1476,"href":"https:\/\/laligue53.org\/usep\/wp-json\/wp\/v2\/pages\/1472\/revisions\/1476"}],"up":[{"embeddable":true,"href":"https:\/\/laligue53.org\/usep\/wp-json\/wp\/v2\/pages\/362"}],"wp:attachment":[{"href":"https:\/\/laligue53.org\/usep\/wp-json\/wp\/v2\/media?parent=1472"}],"curies":[{"name":"wp","href":"https:\/\/api.w.org\/{rel}","templated":true}]}}