{"id":1414,"date":"2023-12-04T14:02:51","date_gmt":"2023-12-04T14:02:51","guid":{"rendered":"https:\/\/laligue53.org\/usep\/?page_id=1414"},"modified":"2023-12-04T14:05:57","modified_gmt":"2023-12-04T14:05:57","slug":"banque-de-ressources-sur-lolympisme","status":"publish","type":"page","link":"https:\/\/laligue53.org\/usep\/banque-de-ressources-sur-lolympisme\/","title":{"rendered":"Banque de ressources sur l&rsquo;Olympisme"},"content":{"rendered":"\n<p><a href=\"https:\/\/cloud.framaligue.org\/s\/oseib659CbWbZtH\">Banque de ressources<\/a><\/p>\n","protected":false},"excerpt":{"rendered":"<p>Banque de ressources<\/p>\n<p class=\"continue-reading-button\"> <a class=\"continue-reading-link\" href=\"https:\/\/laligue53.org\/usep\/banque-de-ressources-sur-lolympisme\/\">Lire la suite<i class=\"crycon-right-dir\"><\/i><\/a><\/p>\n","protected":false},"author":1,"featured_media":0,"parent":0,"menu_order":0,"comment_status":"closed","ping_status":"closed","template":"","meta":{"footnotes":""},"class_list":["post-1414","page","type-page","status-publish","hentry"],"yoast_head":"<!-- This site is optimized with the Yoast SEO plugin v19.6.1 - https:\/\/yoast.com\/wordpress\/plugins\/seo\/ -->\n<title>Banque de ressources sur l&#039;Olympisme - Comit\u00e9 d\u00e9partemental USEP(53) Mayenne<\/title>\n<meta name=\"robots\" content=\"index, follow, max-snippet:-1, max-image-preview:large, max-video-preview:-1\" \/>\n<link rel=\"canonical\" href=\"https:\/\/laligue53.org\/usep\/banque-de-ressources-sur-lolympisme\/\" \/>\n<meta property=\"og:locale\" content=\"fr_FR\" \/>\n<meta property=\"og:type\" content=\"article\" \/>\n<meta property=\"og:title\" content=\"Banque de ressources sur l&#039;Olympisme - Comit\u00e9 d\u00e9partemental USEP(53) Mayenne\" \/>\n<meta property=\"og:description\" content=\"Banque de ressources Lire la suite\" \/>\n<meta property=\"og:url\" content=\"https:\/\/laligue53.org\/usep\/banque-de-ressources-sur-lolympisme\/\" \/>\n<meta property=\"og:site_name\" content=\"Comit\u00e9 d\u00e9partemental USEP(53) Mayenne\" \/>\n<meta property=\"article:modified_time\" content=\"2023-12-04T14:05:57+00:00\" \/>\n<meta name=\"twitter:label1\" content=\"Dur\u00e9e de lecture estim\u00e9e\" \/>\n\t<meta name=\"twitter:data1\" content=\"1 minute\" \/>\n<script type=\"application\/ld+json\" class=\"yoast-schema-graph\">{\"@context\":\"https:\/\/schema.org\",\"@graph\":[{\"@type\":\"WebPage\",\"@id\":\"https:\/\/laligue53.org\/usep\/banque-de-ressources-sur-lolympisme\/\",\"url\":\"https:\/\/laligue53.org\/usep\/banque-de-ressources-sur-lolympisme\/\",\"name\":\"Banque de ressources sur l'Olympisme - Comit\u00e9 d\u00e9partemental USEP(53) Mayenne\",\"isPartOf\":{\"@id\":\"https:\/\/laligue53.org\/usep\/#website\"},\"datePublished\":\"2023-12-04T14:02:51+00:00\",\"dateModified\":\"2023-12-04T14:05:57+00:00\",\"breadcrumb\":{\"@id\":\"https:\/\/laligue53.org\/usep\/banque-de-ressources-sur-lolympisme\/#breadcrumb\"},\"inLanguage\":\"fr-FR\",\"potentialAction\":[{\"@type\":\"ReadAction\",\"target\":[\"https:\/\/laligue53.org\/usep\/banque-de-ressources-sur-lolympisme\/\"]}]},{\"@type\":\"BreadcrumbList\",\"@id\":\"https:\/\/laligue53.org\/usep\/banque-de-ressources-sur-lolympisme\/#breadcrumb\",\"itemListElement\":[{\"@type\":\"ListItem\",\"position\":1,\"name\":\"Accueil\",\"item\":\"https:\/\/laligue53.org\/usep\/\"},{\"@type\":\"ListItem\",\"position\":2,\"name\":\"Banque de ressources sur l&rsquo;Olympisme\"}]},{\"@type\":\"WebSite\",\"@id\":\"https:\/\/laligue53.org\/usep\/#website\",\"url\":\"https:\/\/laligue53.org\/usep\/\",\"name\":\"Comit\u00e9 d\u00e9partemental USEP(53) Mayenne\",\"description\":\"USEP 53 l&#039;Union Sportive de l&#039;Enseignement du Premier degr\u00e9\",\"potentialAction\":[{\"@type\":\"SearchAction\",\"target\":{\"@type\":\"EntryPoint\",\"urlTemplate\":\"https:\/\/laligue53.org\/usep\/?s={search_term_string}\"},\"query-input\":\"required name=search_term_string\"}],\"inLanguage\":\"fr-FR\"}]}<\/script>\n<!-- \/ Yoast SEO plugin. -->","yoast_head_json":{"title":"Banque de ressources sur l'Olympisme - Comit\u00e9 d\u00e9partemental USEP(53) Mayenne","robots":{"index":"index","follow":"follow","max-snippet":"max-snippet:-1","max-image-preview":"max-image-preview:large","max-video-preview":"max-video-preview:-1"},"canonical":"https:\/\/laligue53.org\/usep\/banque-de-ressources-sur-lolympisme\/","og_locale":"fr_FR","og_type":"article","og_title":"Banque de ressources sur l'Olympisme - Comit\u00e9 d\u00e9partemental USEP(53) Mayenne","og_description":"Banque de ressources Lire la suite","og_url":"https:\/\/laligue53.org\/usep\/banque-de-ressources-sur-lolympisme\/","og_site_name":"Comit\u00e9 d\u00e9partemental USEP(53) Mayenne","article_modified_time":"2023-12-04T14:05:57+00:00","twitter_misc":{"Dur\u00e9e de lecture estim\u00e9e":"1 minute"},"schema":{"@context":"https:\/\/schema.org","@graph":[{"@type":"WebPage","@id":"https:\/\/laligue53.org\/usep\/banque-de-ressources-sur-lolympisme\/","url":"https:\/\/laligue53.org\/usep\/banque-de-ressources-sur-lolympisme\/","name":"Banque de ressources sur l'Olympisme - Comit\u00e9 d\u00e9partemental USEP(53) Mayenne","isPartOf":{"@id":"https:\/\/laligue53.org\/usep\/#website"},"datePublished":"2023-12-04T14:02:51+00:00","dateModified":"2023-12-04T14:05:57+00:00","breadcrumb":{"@id":"https:\/\/laligue53.org\/usep\/banque-de-ressources-sur-lolympisme\/#breadcrumb"},"inLanguage":"fr-FR","potentialAction":[{"@type":"ReadAction","target":["https:\/\/laligue53.org\/usep\/banque-de-ressources-sur-lolympisme\/"]}]},{"@type":"BreadcrumbList","@id":"https:\/\/laligue53.org\/usep\/banque-de-ressources-sur-lolympisme\/#breadcrumb","itemListElement":[{"@type":"ListItem","position":1,"name":"Accueil","item":"https:\/\/laligue53.org\/usep\/"},{"@type":"ListItem","position":2,"name":"Banque de ressources sur l&rsquo;Olympisme"}]},{"@type":"WebSite","@id":"https:\/\/laligue53.org\/usep\/#website","url":"https:\/\/laligue53.org\/usep\/","name":"Comit\u00e9 d\u00e9partemental USEP(53) Mayenne","description":"USEP 53 l&#039;Union Sportive de l&#039;Enseignement du Premier degr\u00e9","potentialAction":[{"@type":"SearchAction","target":{"@type":"EntryPoint","urlTemplate":"https:\/\/laligue53.org\/usep\/?s={search_term_string}"},"query-input":"required name=search_term_string"}],"inLanguage":"fr-FR"}]}},"_links":{"self":[{"href":"https:\/\/laligue53.org\/usep\/wp-json\/wp\/v2\/pages\/1414"}],"collection":[{"href":"https:\/\/laligue53.org\/usep\/wp-json\/wp\/v2\/pages"}],"about":[{"href":"https:\/\/laligue53.org\/usep\/wp-json\/wp\/v2\/types\/page"}],"author":[{"embeddable":true,"href":"https:\/\/laligue53.org\/usep\/wp-json\/wp\/v2\/users\/1"}],"replies":[{"embeddable":true,"href":"https:\/\/laligue53.org\/usep\/wp-json\/wp\/v2\/comments?post=1414"}],"version-history":[{"count":1,"href":"https:\/\/laligue53.org\/usep\/wp-json\/wp\/v2\/pages\/1414\/revisions"}],"predecessor-version":[{"id":1415,"href":"https:\/\/laligue53.org\/usep\/wp-json\/wp\/v2\/pages\/1414\/revisions\/1415"}],"wp:attachment":[{"href":"https:\/\/laligue53.org\/usep\/wp-json\/wp\/v2\/media?parent=1414"}],"curies":[{"name":"wp","href":"https:\/\/api.w.org\/{rel}","templated":true}]}}