{"id":1318,"date":"2022-09-08T08:29:52","date_gmt":"2022-09-08T08:29:52","guid":{"rendered":"https:\/\/laligue53.org\/usep\/?page_id=1318"},"modified":"2022-09-08T08:29:54","modified_gmt":"2022-09-08T08:29:54","slug":"disciplines-enchainees","status":"publish","type":"page","link":"https:\/\/laligue53.org\/usep\/documents-pedagosiques\/disciplines-enchainees\/","title":{"rendered":"Disciplines encha\u00een\u00e9es"},"content":{"rendered":"\n<figure class=\"wp-block-image size-full\"><img loading=\"lazy\" decoding=\"async\" width=\"467\" height=\"140\" src=\"https:\/\/laligue53.org\/usep\/wp-content\/uploads\/2022\/09\/disciplines-enchainees.jpg\" alt=\"\" class=\"wp-image-1320\" srcset=\"https:\/\/laligue53.org\/usep\/wp-content\/uploads\/2022\/09\/disciplines-enchainees.jpg 467w, https:\/\/laligue53.org\/usep\/wp-content\/uploads\/2022\/09\/disciplines-enchainees-300x90.jpg 300w, https:\/\/laligue53.org\/usep\/wp-content\/uploads\/2022\/09\/disciplines-enchainees-150x45.jpg 150w\" sizes=\"(max-width: 467px) 100vw, 467px\" \/><\/figure>\n\n\n<p>Il s\u2019agit de mener un projet autour de 3 activit\u00e9s sportives (engins roulants, jeux d\u2019adresse et orientation) avec pour finalit\u00e9 l\u2019enchainement de ces disciplines.<\/p>\n<p>Le jour de la rencontre les \u00e9l\u00e8ves enchaineront ces activit\u00e9s sous forme de relais collectif.<\/p>\n<p><a href=\"https:\/\/laligue53.org\/usep\/wp-content\/uploads\/2022\/09\/Dossier-disciplines-enchainees-C1-MAJ-05-11-20.pdf\">Dossier p\u00e9dagogique disciplines encha\u00een\u00e9es<\/a><\/p>\n\n\n<p><\/p>\n","protected":false},"excerpt":{"rendered":"<p>Il s\u2019agit de mener un projet autour de 3 activit\u00e9s sportives (engins roulants, jeux d\u2019adresse et orientation) avec pour finalit\u00e9 l\u2019enchainement de ces disciplines. Le jour de la rencontre les \u00e9l\u00e8ves enchaineront ces activit\u00e9s sous [\u2026]<\/p>\n<p class=\"continue-reading-button\"> <a class=\"continue-reading-link\" href=\"https:\/\/laligue53.org\/usep\/documents-pedagosiques\/disciplines-enchainees\/\">Lire la suite<i class=\"crycon-right-dir\"><\/i><\/a><\/p>\n","protected":false},"author":1,"featured_media":0,"parent":315,"menu_order":-1,"comment_status":"closed","ping_status":"closed","template":"","meta":{"footnotes":""},"class_list":["post-1318","page","type-page","status-publish","hentry"],"yoast_head":"<!-- This site is optimized with the Yoast SEO plugin v19.6.1 - https:\/\/yoast.com\/wordpress\/plugins\/seo\/ -->\n<title>Disciplines encha\u00een\u00e9es - Comit\u00e9 d\u00e9partemental USEP(53) Mayenne<\/title>\n<meta name=\"robots\" content=\"index, follow, max-snippet:-1, max-image-preview:large, max-video-preview:-1\" \/>\n<link rel=\"canonical\" href=\"https:\/\/laligue53.org\/usep\/documents-pedagosiques\/disciplines-enchainees\/\" \/>\n<meta property=\"og:locale\" content=\"fr_FR\" \/>\n<meta property=\"og:type\" content=\"article\" \/>\n<meta property=\"og:title\" content=\"Disciplines encha\u00een\u00e9es - Comit\u00e9 d\u00e9partemental USEP(53) Mayenne\" \/>\n<meta property=\"og:description\" content=\"Il s\u2019agit de mener un projet autour de 3 activit\u00e9s sportives (engins roulants, jeux d\u2019adresse et orientation) avec pour finalit\u00e9 l\u2019enchainement de ces disciplines. Le jour de la rencontre les \u00e9l\u00e8ves enchaineront ces activit\u00e9s sous [\u2026] Lire la suite\" \/>\n<meta property=\"og:url\" content=\"https:\/\/laligue53.org\/usep\/documents-pedagosiques\/disciplines-enchainees\/\" \/>\n<meta property=\"og:site_name\" content=\"Comit\u00e9 d\u00e9partemental USEP(53) Mayenne\" \/>\n<meta property=\"article:modified_time\" content=\"2022-09-08T08:29:54+00:00\" \/>\n<meta property=\"og:image\" content=\"https:\/\/laligue53.org\/usep\/wp-content\/uploads\/2022\/09\/disciplines-enchainees.jpg\" \/>\n<meta name=\"twitter:label1\" content=\"Dur\u00e9e de lecture estim\u00e9e\" \/>\n\t<meta name=\"twitter:data1\" content=\"1 minute\" \/>\n<script type=\"application\/ld+json\" class=\"yoast-schema-graph\">{\"@context\":\"https:\/\/schema.org\",\"@graph\":[{\"@type\":\"WebPage\",\"@id\":\"https:\/\/laligue53.org\/usep\/documents-pedagosiques\/disciplines-enchainees\/\",\"url\":\"https:\/\/laligue53.org\/usep\/documents-pedagosiques\/disciplines-enchainees\/\",\"name\":\"Disciplines encha\u00een\u00e9es - Comit\u00e9 d\u00e9partemental USEP(53) Mayenne\",\"isPartOf\":{\"@id\":\"https:\/\/laligue53.org\/usep\/#website\"},\"datePublished\":\"2022-09-08T08:29:52+00:00\",\"dateModified\":\"2022-09-08T08:29:54+00:00\",\"breadcrumb\":{\"@id\":\"https:\/\/laligue53.org\/usep\/documents-pedagosiques\/disciplines-enchainees\/#breadcrumb\"},\"inLanguage\":\"fr-FR\",\"potentialAction\":[{\"@type\":\"ReadAction\",\"target\":[\"https:\/\/laligue53.org\/usep\/documents-pedagosiques\/disciplines-enchainees\/\"]}]},{\"@type\":\"BreadcrumbList\",\"@id\":\"https:\/\/laligue53.org\/usep\/documents-pedagosiques\/disciplines-enchainees\/#breadcrumb\",\"itemListElement\":[{\"@type\":\"ListItem\",\"position\":1,\"name\":\"Accueil\",\"item\":\"https:\/\/laligue53.org\/usep\/\"},{\"@type\":\"ListItem\",\"position\":2,\"name\":\"Dynamique Sportive (documents p\u00e9dagogiques)\",\"item\":\"https:\/\/laligue53.org\/usep\/documents-pedagosiques\/\"},{\"@type\":\"ListItem\",\"position\":3,\"name\":\"Disciplines encha\u00een\u00e9es\"}]},{\"@type\":\"WebSite\",\"@id\":\"https:\/\/laligue53.org\/usep\/#website\",\"url\":\"https:\/\/laligue53.org\/usep\/\",\"name\":\"Comit\u00e9 d\u00e9partemental USEP(53) Mayenne\",\"description\":\"USEP 53 l&#039;Union Sportive de l&#039;Enseignement du Premier degr\u00e9\",\"potentialAction\":[{\"@type\":\"SearchAction\",\"target\":{\"@type\":\"EntryPoint\",\"urlTemplate\":\"https:\/\/laligue53.org\/usep\/?s={search_term_string}\"},\"query-input\":\"required name=search_term_string\"}],\"inLanguage\":\"fr-FR\"}]}<\/script>\n<!-- \/ Yoast SEO plugin. -->","yoast_head_json":{"title":"Disciplines encha\u00een\u00e9es - Comit\u00e9 d\u00e9partemental USEP(53) Mayenne","robots":{"index":"index","follow":"follow","max-snippet":"max-snippet:-1","max-image-preview":"max-image-preview:large","max-video-preview":"max-video-preview:-1"},"canonical":"https:\/\/laligue53.org\/usep\/documents-pedagosiques\/disciplines-enchainees\/","og_locale":"fr_FR","og_type":"article","og_title":"Disciplines encha\u00een\u00e9es - Comit\u00e9 d\u00e9partemental USEP(53) Mayenne","og_description":"Il s\u2019agit de mener un projet autour de 3 activit\u00e9s sportives (engins roulants, jeux d\u2019adresse et orientation) avec pour finalit\u00e9 l\u2019enchainement de ces disciplines. Le jour de la rencontre les \u00e9l\u00e8ves enchaineront ces activit\u00e9s sous [\u2026] Lire la suite","og_url":"https:\/\/laligue53.org\/usep\/documents-pedagosiques\/disciplines-enchainees\/","og_site_name":"Comit\u00e9 d\u00e9partemental USEP(53) Mayenne","article_modified_time":"2022-09-08T08:29:54+00:00","og_image":[{"url":"https:\/\/laligue53.org\/usep\/wp-content\/uploads\/2022\/09\/disciplines-enchainees.jpg"}],"twitter_misc":{"Dur\u00e9e de lecture estim\u00e9e":"1 minute"},"schema":{"@context":"https:\/\/schema.org","@graph":[{"@type":"WebPage","@id":"https:\/\/laligue53.org\/usep\/documents-pedagosiques\/disciplines-enchainees\/","url":"https:\/\/laligue53.org\/usep\/documents-pedagosiques\/disciplines-enchainees\/","name":"Disciplines encha\u00een\u00e9es - Comit\u00e9 d\u00e9partemental USEP(53) Mayenne","isPartOf":{"@id":"https:\/\/laligue53.org\/usep\/#website"},"datePublished":"2022-09-08T08:29:52+00:00","dateModified":"2022-09-08T08:29:54+00:00","breadcrumb":{"@id":"https:\/\/laligue53.org\/usep\/documents-pedagosiques\/disciplines-enchainees\/#breadcrumb"},"inLanguage":"fr-FR","potentialAction":[{"@type":"ReadAction","target":["https:\/\/laligue53.org\/usep\/documents-pedagosiques\/disciplines-enchainees\/"]}]},{"@type":"BreadcrumbList","@id":"https:\/\/laligue53.org\/usep\/documents-pedagosiques\/disciplines-enchainees\/#breadcrumb","itemListElement":[{"@type":"ListItem","position":1,"name":"Accueil","item":"https:\/\/laligue53.org\/usep\/"},{"@type":"ListItem","position":2,"name":"Dynamique Sportive (documents p\u00e9dagogiques)","item":"https:\/\/laligue53.org\/usep\/documents-pedagosiques\/"},{"@type":"ListItem","position":3,"name":"Disciplines encha\u00een\u00e9es"}]},{"@type":"WebSite","@id":"https:\/\/laligue53.org\/usep\/#website","url":"https:\/\/laligue53.org\/usep\/","name":"Comit\u00e9 d\u00e9partemental USEP(53) Mayenne","description":"USEP 53 l&#039;Union Sportive de l&#039;Enseignement du Premier degr\u00e9","potentialAction":[{"@type":"SearchAction","target":{"@type":"EntryPoint","urlTemplate":"https:\/\/laligue53.org\/usep\/?s={search_term_string}"},"query-input":"required name=search_term_string"}],"inLanguage":"fr-FR"}]}},"_links":{"self":[{"href":"https:\/\/laligue53.org\/usep\/wp-json\/wp\/v2\/pages\/1318"}],"collection":[{"href":"https:\/\/laligue53.org\/usep\/wp-json\/wp\/v2\/pages"}],"about":[{"href":"https:\/\/laligue53.org\/usep\/wp-json\/wp\/v2\/types\/page"}],"author":[{"embeddable":true,"href":"https:\/\/laligue53.org\/usep\/wp-json\/wp\/v2\/users\/1"}],"replies":[{"embeddable":true,"href":"https:\/\/laligue53.org\/usep\/wp-json\/wp\/v2\/comments?post=1318"}],"version-history":[{"count":4,"href":"https:\/\/laligue53.org\/usep\/wp-json\/wp\/v2\/pages\/1318\/revisions"}],"predecessor-version":[{"id":1323,"href":"https:\/\/laligue53.org\/usep\/wp-json\/wp\/v2\/pages\/1318\/revisions\/1323"}],"up":[{"embeddable":true,"href":"https:\/\/laligue53.org\/usep\/wp-json\/wp\/v2\/pages\/315"}],"wp:attachment":[{"href":"https:\/\/laligue53.org\/usep\/wp-json\/wp\/v2\/media?parent=1318"}],"curies":[{"name":"wp","href":"https:\/\/api.w.org\/{rel}","templated":true}]}}