{"id":12,"date":"2015-01-19T10:32:36","date_gmt":"2015-01-19T10:32:36","guid":{"rendered":"http:\/\/laligue53.org\/usep\/?page_id=12"},"modified":"2015-01-21T13:29:56","modified_gmt":"2015-01-21T13:29:56","slug":"cest-quoi-lusep","status":"publish","type":"page","link":"https:\/\/laligue53.org\/usep\/cest-quoi-lusep\/","title":{"rendered":"C&rsquo;est quoi l&rsquo;USEP ?"},"content":{"rendered":"<p>F\u00e9d\u00e9ration sportive regroupant 860 000 licenci\u00e9s et mobilisant pr\u00e8s de 2 000 000 d&rsquo;enfants \u00e0 l&rsquo;\u00e9cole primaire, l&rsquo;USEP est charg\u00e9e d&rsquo;une mission de service public.<\/p>\n<p>En signant sa 1\u00e8re licence sportive, l\u2019enfant doit d\u00e9couvrir des activit\u00e9s sportives vari\u00e9es mais aussi la vie associative.<\/p>\n<p>L&rsquo;USEP est la 4e f\u00e9d\u00e9ration sportive fran\u00e7aise, tous sports confondus.<\/p>\n<p><iframe loading=\"lazy\" src=\"\/\/www.dailymotion.com\/embed\/video\/k1UuK6FFvflq1y2oqz9\" width=\"480\" height=\"270\" frameborder=\"0\" allowfullscreen=\"allowfullscreen\"><\/iframe><br \/>\n<a href=\"http:\/\/www.dailymotion.com\/video\/k1UuK6FFvflq1y2oqz9\" target=\"_blank\">C&rsquo;est quoi l&rsquo;USEP ?<\/a> <i>par <a href=\"http:\/\/www.dailymotion.com\/USEP53\" target=\"_blank\">USEP53<\/a><\/i><\/p>\n","protected":false},"excerpt":{"rendered":"<p>F\u00e9d\u00e9ration sportive regroupant 860 000 licenci\u00e9s et mobilisant pr\u00e8s de 2 000 000 d&rsquo;enfants \u00e0 l&rsquo;\u00e9cole primaire, l&rsquo;USEP est charg\u00e9e d&rsquo;une mission de service public. En signant sa 1\u00e8re licence sportive, l\u2019enfant doit d\u00e9couvrir des [\u2026]<\/p>\n<p class=\"continue-reading-button\"> <a class=\"continue-reading-link\" href=\"https:\/\/laligue53.org\/usep\/cest-quoi-lusep\/\">Lire la suite<i class=\"crycon-right-dir\"><\/i><\/a><\/p>\n","protected":false},"author":1,"featured_media":0,"parent":0,"menu_order":0,"comment_status":"closed","ping_status":"closed","template":"","meta":{"footnotes":""},"class_list":["post-12","page","type-page","status-publish","hentry"],"yoast_head":"<!-- This site is optimized with the Yoast SEO plugin v19.6.1 - https:\/\/yoast.com\/wordpress\/plugins\/seo\/ -->\n<title>C&#039;est quoi l&#039;USEP ? - Comit\u00e9 d\u00e9partemental USEP(53) Mayenne<\/title>\n<meta name=\"robots\" content=\"index, follow, max-snippet:-1, max-image-preview:large, max-video-preview:-1\" \/>\n<link rel=\"canonical\" href=\"https:\/\/laligue53.org\/usep\/cest-quoi-lusep\/\" \/>\n<meta property=\"og:locale\" content=\"fr_FR\" \/>\n<meta property=\"og:type\" content=\"article\" \/>\n<meta property=\"og:title\" content=\"C&#039;est quoi l&#039;USEP ? - Comit\u00e9 d\u00e9partemental USEP(53) Mayenne\" \/>\n<meta property=\"og:description\" content=\"F\u00e9d\u00e9ration sportive regroupant 860 000 licenci\u00e9s et mobilisant pr\u00e8s de 2 000 000 d&rsquo;enfants \u00e0 l&rsquo;\u00e9cole primaire, l&rsquo;USEP est charg\u00e9e d&rsquo;une mission de service public. En signant sa 1\u00e8re licence sportive, l\u2019enfant doit d\u00e9couvrir des [\u2026] Lire la suite\" \/>\n<meta property=\"og:url\" content=\"https:\/\/laligue53.org\/usep\/cest-quoi-lusep\/\" \/>\n<meta property=\"og:site_name\" content=\"Comit\u00e9 d\u00e9partemental USEP(53) Mayenne\" \/>\n<meta property=\"article:modified_time\" content=\"2015-01-21T13:29:56+00:00\" \/>\n<script type=\"application\/ld+json\" class=\"yoast-schema-graph\">{\"@context\":\"https:\/\/schema.org\",\"@graph\":[{\"@type\":\"WebPage\",\"@id\":\"https:\/\/laligue53.org\/usep\/cest-quoi-lusep\/\",\"url\":\"https:\/\/laligue53.org\/usep\/cest-quoi-lusep\/\",\"name\":\"C'est quoi l'USEP ? - Comit\u00e9 d\u00e9partemental USEP(53) Mayenne\",\"isPartOf\":{\"@id\":\"https:\/\/laligue53.org\/usep\/#website\"},\"datePublished\":\"2015-01-19T10:32:36+00:00\",\"dateModified\":\"2015-01-21T13:29:56+00:00\",\"breadcrumb\":{\"@id\":\"https:\/\/laligue53.org\/usep\/cest-quoi-lusep\/#breadcrumb\"},\"inLanguage\":\"fr-FR\",\"potentialAction\":[{\"@type\":\"ReadAction\",\"target\":[\"https:\/\/laligue53.org\/usep\/cest-quoi-lusep\/\"]}]},{\"@type\":\"BreadcrumbList\",\"@id\":\"https:\/\/laligue53.org\/usep\/cest-quoi-lusep\/#breadcrumb\",\"itemListElement\":[{\"@type\":\"ListItem\",\"position\":1,\"name\":\"Accueil\",\"item\":\"https:\/\/laligue53.org\/usep\/\"},{\"@type\":\"ListItem\",\"position\":2,\"name\":\"C&rsquo;est quoi l&rsquo;USEP ?\"}]},{\"@type\":\"WebSite\",\"@id\":\"https:\/\/laligue53.org\/usep\/#website\",\"url\":\"https:\/\/laligue53.org\/usep\/\",\"name\":\"Comit\u00e9 d\u00e9partemental USEP(53) Mayenne\",\"description\":\"USEP 53 l&#039;Union Sportive de l&#039;Enseignement du Premier degr\u00e9\",\"potentialAction\":[{\"@type\":\"SearchAction\",\"target\":{\"@type\":\"EntryPoint\",\"urlTemplate\":\"https:\/\/laligue53.org\/usep\/?s={search_term_string}\"},\"query-input\":\"required name=search_term_string\"}],\"inLanguage\":\"fr-FR\"}]}<\/script>\n<!-- \/ Yoast SEO plugin. -->","yoast_head_json":{"title":"C'est quoi l'USEP ? - Comit\u00e9 d\u00e9partemental USEP(53) Mayenne","robots":{"index":"index","follow":"follow","max-snippet":"max-snippet:-1","max-image-preview":"max-image-preview:large","max-video-preview":"max-video-preview:-1"},"canonical":"https:\/\/laligue53.org\/usep\/cest-quoi-lusep\/","og_locale":"fr_FR","og_type":"article","og_title":"C'est quoi l'USEP ? - Comit\u00e9 d\u00e9partemental USEP(53) Mayenne","og_description":"F\u00e9d\u00e9ration sportive regroupant 860 000 licenci\u00e9s et mobilisant pr\u00e8s de 2 000 000 d&rsquo;enfants \u00e0 l&rsquo;\u00e9cole primaire, l&rsquo;USEP est charg\u00e9e d&rsquo;une mission de service public. En signant sa 1\u00e8re licence sportive, l\u2019enfant doit d\u00e9couvrir des [\u2026] Lire la suite","og_url":"https:\/\/laligue53.org\/usep\/cest-quoi-lusep\/","og_site_name":"Comit\u00e9 d\u00e9partemental USEP(53) Mayenne","article_modified_time":"2015-01-21T13:29:56+00:00","schema":{"@context":"https:\/\/schema.org","@graph":[{"@type":"WebPage","@id":"https:\/\/laligue53.org\/usep\/cest-quoi-lusep\/","url":"https:\/\/laligue53.org\/usep\/cest-quoi-lusep\/","name":"C'est quoi l'USEP ? - Comit\u00e9 d\u00e9partemental USEP(53) Mayenne","isPartOf":{"@id":"https:\/\/laligue53.org\/usep\/#website"},"datePublished":"2015-01-19T10:32:36+00:00","dateModified":"2015-01-21T13:29:56+00:00","breadcrumb":{"@id":"https:\/\/laligue53.org\/usep\/cest-quoi-lusep\/#breadcrumb"},"inLanguage":"fr-FR","potentialAction":[{"@type":"ReadAction","target":["https:\/\/laligue53.org\/usep\/cest-quoi-lusep\/"]}]},{"@type":"BreadcrumbList","@id":"https:\/\/laligue53.org\/usep\/cest-quoi-lusep\/#breadcrumb","itemListElement":[{"@type":"ListItem","position":1,"name":"Accueil","item":"https:\/\/laligue53.org\/usep\/"},{"@type":"ListItem","position":2,"name":"C&rsquo;est quoi l&rsquo;USEP ?"}]},{"@type":"WebSite","@id":"https:\/\/laligue53.org\/usep\/#website","url":"https:\/\/laligue53.org\/usep\/","name":"Comit\u00e9 d\u00e9partemental USEP(53) Mayenne","description":"USEP 53 l&#039;Union Sportive de l&#039;Enseignement du Premier degr\u00e9","potentialAction":[{"@type":"SearchAction","target":{"@type":"EntryPoint","urlTemplate":"https:\/\/laligue53.org\/usep\/?s={search_term_string}"},"query-input":"required name=search_term_string"}],"inLanguage":"fr-FR"}]}},"_links":{"self":[{"href":"https:\/\/laligue53.org\/usep\/wp-json\/wp\/v2\/pages\/12"}],"collection":[{"href":"https:\/\/laligue53.org\/usep\/wp-json\/wp\/v2\/pages"}],"about":[{"href":"https:\/\/laligue53.org\/usep\/wp-json\/wp\/v2\/types\/page"}],"author":[{"embeddable":true,"href":"https:\/\/laligue53.org\/usep\/wp-json\/wp\/v2\/users\/1"}],"replies":[{"embeddable":true,"href":"https:\/\/laligue53.org\/usep\/wp-json\/wp\/v2\/comments?post=12"}],"version-history":[{"count":2,"href":"https:\/\/laligue53.org\/usep\/wp-json\/wp\/v2\/pages\/12\/revisions"}],"predecessor-version":[{"id":284,"href":"https:\/\/laligue53.org\/usep\/wp-json\/wp\/v2\/pages\/12\/revisions\/284"}],"wp:attachment":[{"href":"https:\/\/laligue53.org\/usep\/wp-json\/wp\/v2\/media?parent=12"}],"curies":[{"name":"wp","href":"https:\/\/api.w.org\/{rel}","templated":true}]}}