{"id":1113,"date":"2017-11-20T13:02:21","date_gmt":"2017-11-20T13:02:21","guid":{"rendered":"http:\/\/laligue53.org\/usep\/?page_id=1113"},"modified":"2017-11-20T13:02:21","modified_gmt":"2017-11-20T13:02:21","slug":"creation-dune-association-usep-dune-section","status":"publish","type":"page","link":"https:\/\/laligue53.org\/usep\/affiliation\/creation-dune-association-usep-dune-section\/","title":{"rendered":"Cr\u00e9ation d&rsquo;une association USEP ou d&rsquo;une section"},"content":{"rendered":"<p class=\"surlignable\"><span style=\"color: #003300;\"><strong>Les liens utiles:<\/strong><\/span><\/p>\n<p class=\"surlignable\"><span style=\"color: #003300;\"><a style=\"color: #003300;\" href=\"http:\/\/laligue53.org\/usep53\/guide.pdf\" target=\"_blank\" rel=\"noopener\">Guide de l&rsquo;association USEP<\/a><\/span><\/p>\n<p><span style=\"color: #003300;\"><a style=\"color: #003300;\" href=\"http:\/\/laligue53.org\/usep\/wp-content\/uploads\/2017\/11\/Dossier-Cr\u00e9ation-dAssociation-1.doc\">Cr\u00e9ation d&rsquo;une association USEP<\/a><\/span><\/p>\n<div class=\"surlignable\">\n<p class=\"surlignable\"><span style=\"color: #003300;\">Comment cr\u00e9er une section USEP \u00e0 l&rsquo;int\u00e9rieur d&rsquo;une association de parents d&rsquo;\u00e9l\u00e8ves ou d&rsquo;une Amicale La\u00efque ?<\/span><\/p>\n<ul>\n<li class=\"surlignable\"><span style=\"color: #003300;\"><a style=\"color: #003300;\" title=\"null\" href=\"http:\/\/laligue53.org\/usep53\/sectionAPE.doc\" target=\"_blank\" rel=\"noopener\">Section USEP d&rsquo;une association de parents d&rsquo;\u00e9l\u00e8ves<\/a><\/span><\/li>\n<li class=\"surlignable\"><span style=\"color: #003300;\"><a style=\"color: #003300;\" href=\"http:\/\/laligue53.org\/usep53\/declaration.doc\" target=\"_blank\" rel=\"noopener\">D\u00e9claration des modifications apport\u00e9es aux statues\u00a0<\/a><\/span><\/li>\n<li class=\"surlignable\"><span style=\"color: #003300;\"><a style=\"color: #003300;\" href=\"http:\/\/laligue53.org\/usep53\/fiche_bureau.doc\" target=\"_blank\" rel=\"noopener\">Liste des personnes charg\u00e9es de l&rsquo;administration ou de la direction de l&rsquo;association\u00a0<\/a><\/span><\/li>\n<\/ul>\n<\/div>\n","protected":false},"excerpt":{"rendered":"<p>Les liens utiles: Guide de l&rsquo;association USEP Cr\u00e9ation d&rsquo;une association USEP Comment cr\u00e9er une section USEP \u00e0 l&rsquo;int\u00e9rieur d&rsquo;une association de parents d&rsquo;\u00e9l\u00e8ves ou d&rsquo;une Amicale La\u00efque ? Section USEP d&rsquo;une association de parents d&rsquo;\u00e9l\u00e8ves [\u2026]<\/p>\n<p class=\"continue-reading-button\"> <a class=\"continue-reading-link\" href=\"https:\/\/laligue53.org\/usep\/affiliation\/creation-dune-association-usep-dune-section\/\">Lire la suite<i class=\"crycon-right-dir\"><\/i><\/a><\/p>\n","protected":false},"author":1,"featured_media":0,"parent":1102,"menu_order":0,"comment_status":"closed","ping_status":"closed","template":"","meta":{"footnotes":""},"class_list":["post-1113","page","type-page","status-publish","hentry"],"yoast_head":"<!-- This site is optimized with the Yoast SEO plugin v19.6.1 - https:\/\/yoast.com\/wordpress\/plugins\/seo\/ -->\n<title>Cr\u00e9ation d&#039;une association USEP ou d&#039;une section - Comit\u00e9 d\u00e9partemental USEP(53) Mayenne<\/title>\n<meta name=\"robots\" content=\"index, follow, max-snippet:-1, max-image-preview:large, max-video-preview:-1\" \/>\n<link rel=\"canonical\" href=\"https:\/\/laligue53.org\/usep\/affiliation\/creation-dune-association-usep-dune-section\/\" \/>\n<meta property=\"og:locale\" content=\"fr_FR\" \/>\n<meta property=\"og:type\" content=\"article\" \/>\n<meta property=\"og:title\" content=\"Cr\u00e9ation d&#039;une association USEP ou d&#039;une section - Comit\u00e9 d\u00e9partemental USEP(53) Mayenne\" \/>\n<meta property=\"og:description\" content=\"Les liens utiles: Guide de l&rsquo;association USEP Cr\u00e9ation d&rsquo;une association USEP Comment cr\u00e9er une section USEP \u00e0 l&rsquo;int\u00e9rieur d&rsquo;une association de parents d&rsquo;\u00e9l\u00e8ves ou d&rsquo;une Amicale La\u00efque ? Section USEP d&rsquo;une association de parents d&rsquo;\u00e9l\u00e8ves [\u2026] Lire la suite\" \/>\n<meta property=\"og:url\" content=\"https:\/\/laligue53.org\/usep\/affiliation\/creation-dune-association-usep-dune-section\/\" \/>\n<meta property=\"og:site_name\" content=\"Comit\u00e9 d\u00e9partemental USEP(53) Mayenne\" \/>\n<script type=\"application\/ld+json\" class=\"yoast-schema-graph\">{\"@context\":\"https:\/\/schema.org\",\"@graph\":[{\"@type\":\"WebPage\",\"@id\":\"https:\/\/laligue53.org\/usep\/affiliation\/creation-dune-association-usep-dune-section\/\",\"url\":\"https:\/\/laligue53.org\/usep\/affiliation\/creation-dune-association-usep-dune-section\/\",\"name\":\"Cr\u00e9ation d'une association USEP ou d'une section - Comit\u00e9 d\u00e9partemental USEP(53) Mayenne\",\"isPartOf\":{\"@id\":\"https:\/\/laligue53.org\/usep\/#website\"},\"datePublished\":\"2017-11-20T13:02:21+00:00\",\"dateModified\":\"2017-11-20T13:02:21+00:00\",\"breadcrumb\":{\"@id\":\"https:\/\/laligue53.org\/usep\/affiliation\/creation-dune-association-usep-dune-section\/#breadcrumb\"},\"inLanguage\":\"fr-FR\",\"potentialAction\":[{\"@type\":\"ReadAction\",\"target\":[\"https:\/\/laligue53.org\/usep\/affiliation\/creation-dune-association-usep-dune-section\/\"]}]},{\"@type\":\"BreadcrumbList\",\"@id\":\"https:\/\/laligue53.org\/usep\/affiliation\/creation-dune-association-usep-dune-section\/#breadcrumb\",\"itemListElement\":[{\"@type\":\"ListItem\",\"position\":1,\"name\":\"Accueil\",\"item\":\"https:\/\/laligue53.org\/usep\/\"},{\"@type\":\"ListItem\",\"position\":2,\"name\":\"Affiliation\",\"item\":\"https:\/\/laligue53.org\/usep\/affiliation\/\"},{\"@type\":\"ListItem\",\"position\":3,\"name\":\"Cr\u00e9ation d&rsquo;une association USEP ou d&rsquo;une section\"}]},{\"@type\":\"WebSite\",\"@id\":\"https:\/\/laligue53.org\/usep\/#website\",\"url\":\"https:\/\/laligue53.org\/usep\/\",\"name\":\"Comit\u00e9 d\u00e9partemental USEP(53) Mayenne\",\"description\":\"USEP 53 l&#039;Union Sportive de l&#039;Enseignement du Premier degr\u00e9\",\"potentialAction\":[{\"@type\":\"SearchAction\",\"target\":{\"@type\":\"EntryPoint\",\"urlTemplate\":\"https:\/\/laligue53.org\/usep\/?s={search_term_string}\"},\"query-input\":\"required name=search_term_string\"}],\"inLanguage\":\"fr-FR\"}]}<\/script>\n<!-- \/ Yoast SEO plugin. -->","yoast_head_json":{"title":"Cr\u00e9ation d'une association USEP ou d'une section - Comit\u00e9 d\u00e9partemental USEP(53) Mayenne","robots":{"index":"index","follow":"follow","max-snippet":"max-snippet:-1","max-image-preview":"max-image-preview:large","max-video-preview":"max-video-preview:-1"},"canonical":"https:\/\/laligue53.org\/usep\/affiliation\/creation-dune-association-usep-dune-section\/","og_locale":"fr_FR","og_type":"article","og_title":"Cr\u00e9ation d'une association USEP ou d'une section - Comit\u00e9 d\u00e9partemental USEP(53) Mayenne","og_description":"Les liens utiles: Guide de l&rsquo;association USEP Cr\u00e9ation d&rsquo;une association USEP Comment cr\u00e9er une section USEP \u00e0 l&rsquo;int\u00e9rieur d&rsquo;une association de parents d&rsquo;\u00e9l\u00e8ves ou d&rsquo;une Amicale La\u00efque ? Section USEP d&rsquo;une association de parents d&rsquo;\u00e9l\u00e8ves [\u2026] Lire la suite","og_url":"https:\/\/laligue53.org\/usep\/affiliation\/creation-dune-association-usep-dune-section\/","og_site_name":"Comit\u00e9 d\u00e9partemental USEP(53) Mayenne","schema":{"@context":"https:\/\/schema.org","@graph":[{"@type":"WebPage","@id":"https:\/\/laligue53.org\/usep\/affiliation\/creation-dune-association-usep-dune-section\/","url":"https:\/\/laligue53.org\/usep\/affiliation\/creation-dune-association-usep-dune-section\/","name":"Cr\u00e9ation d'une association USEP ou d'une section - Comit\u00e9 d\u00e9partemental USEP(53) Mayenne","isPartOf":{"@id":"https:\/\/laligue53.org\/usep\/#website"},"datePublished":"2017-11-20T13:02:21+00:00","dateModified":"2017-11-20T13:02:21+00:00","breadcrumb":{"@id":"https:\/\/laligue53.org\/usep\/affiliation\/creation-dune-association-usep-dune-section\/#breadcrumb"},"inLanguage":"fr-FR","potentialAction":[{"@type":"ReadAction","target":["https:\/\/laligue53.org\/usep\/affiliation\/creation-dune-association-usep-dune-section\/"]}]},{"@type":"BreadcrumbList","@id":"https:\/\/laligue53.org\/usep\/affiliation\/creation-dune-association-usep-dune-section\/#breadcrumb","itemListElement":[{"@type":"ListItem","position":1,"name":"Accueil","item":"https:\/\/laligue53.org\/usep\/"},{"@type":"ListItem","position":2,"name":"Affiliation","item":"https:\/\/laligue53.org\/usep\/affiliation\/"},{"@type":"ListItem","position":3,"name":"Cr\u00e9ation d&rsquo;une association USEP ou d&rsquo;une section"}]},{"@type":"WebSite","@id":"https:\/\/laligue53.org\/usep\/#website","url":"https:\/\/laligue53.org\/usep\/","name":"Comit\u00e9 d\u00e9partemental USEP(53) Mayenne","description":"USEP 53 l&#039;Union Sportive de l&#039;Enseignement du Premier degr\u00e9","potentialAction":[{"@type":"SearchAction","target":{"@type":"EntryPoint","urlTemplate":"https:\/\/laligue53.org\/usep\/?s={search_term_string}"},"query-input":"required name=search_term_string"}],"inLanguage":"fr-FR"}]}},"_links":{"self":[{"href":"https:\/\/laligue53.org\/usep\/wp-json\/wp\/v2\/pages\/1113"}],"collection":[{"href":"https:\/\/laligue53.org\/usep\/wp-json\/wp\/v2\/pages"}],"about":[{"href":"https:\/\/laligue53.org\/usep\/wp-json\/wp\/v2\/types\/page"}],"author":[{"embeddable":true,"href":"https:\/\/laligue53.org\/usep\/wp-json\/wp\/v2\/users\/1"}],"replies":[{"embeddable":true,"href":"https:\/\/laligue53.org\/usep\/wp-json\/wp\/v2\/comments?post=1113"}],"version-history":[{"count":1,"href":"https:\/\/laligue53.org\/usep\/wp-json\/wp\/v2\/pages\/1113\/revisions"}],"predecessor-version":[{"id":1114,"href":"https:\/\/laligue53.org\/usep\/wp-json\/wp\/v2\/pages\/1113\/revisions\/1114"}],"up":[{"embeddable":true,"href":"https:\/\/laligue53.org\/usep\/wp-json\/wp\/v2\/pages\/1102"}],"wp:attachment":[{"href":"https:\/\/laligue53.org\/usep\/wp-json\/wp\/v2\/media?parent=1113"}],"curies":[{"name":"wp","href":"https:\/\/api.w.org\/{rel}","templated":true}]}}