{"id":1111,"date":"2017-11-20T13:01:08","date_gmt":"2017-11-20T13:01:08","guid":{"rendered":"http:\/\/laligue53.org\/usep\/?page_id=1111"},"modified":"2025-08-29T09:22:24","modified_gmt":"2025-08-29T09:22:24","slug":"https-laligue53-org-usep-wp-content-uploads-2020-08-affiliation-usep-53-2020-2021-pdf","status":"publish","type":"page","link":"https:\/\/laligue53.org\/usep\/affiliation\/https-laligue53-org-usep-wp-content-uploads-2020-08-affiliation-usep-53-2020-2021-pdf\/","title":{"rendered":"Affiliation 2025-2026"},"content":{"rendered":"<p><a title=\"Affiliation 2014-2015\" href=\"https:\/\/laligue53.org\/usep\/wp-content\/uploads\/2025\/08\/Affiliation-USEP-53-2025-2026.doc\" target=\"_blank\" rel=\"noopener\">Bordereau d&rsquo;affiliation 2025-2026<\/a><\/p>\n\n\n<p><\/p>\n","protected":false},"excerpt":{"rendered":"<p>Bordereau d&rsquo;affiliation 2025-2026<\/p>\n<p class=\"continue-reading-button\"> <a class=\"continue-reading-link\" href=\"https:\/\/laligue53.org\/usep\/affiliation\/https-laligue53-org-usep-wp-content-uploads-2020-08-affiliation-usep-53-2020-2021-pdf\/\">Lire la suite<i class=\"crycon-right-dir\"><\/i><\/a><\/p>\n","protected":false},"author":1,"featured_media":0,"parent":1102,"menu_order":0,"comment_status":"closed","ping_status":"closed","template":"","meta":{"footnotes":""},"class_list":["post-1111","page","type-page","status-publish","hentry"],"yoast_head":"<!-- This site is optimized with the Yoast SEO plugin v19.6.1 - https:\/\/yoast.com\/wordpress\/plugins\/seo\/ -->\n<title>Affiliation 2025-2026 - Comit\u00e9 d\u00e9partemental USEP(53) Mayenne<\/title>\n<meta name=\"robots\" content=\"index, follow, max-snippet:-1, max-image-preview:large, max-video-preview:-1\" \/>\n<link rel=\"canonical\" href=\"https:\/\/laligue53.org\/usep\/affiliation\/https-laligue53-org-usep-wp-content-uploads-2020-08-affiliation-usep-53-2020-2021-pdf\/\" \/>\n<meta property=\"og:locale\" content=\"fr_FR\" \/>\n<meta property=\"og:type\" content=\"article\" \/>\n<meta property=\"og:title\" content=\"Affiliation 2025-2026 - Comit\u00e9 d\u00e9partemental USEP(53) Mayenne\" \/>\n<meta property=\"og:description\" content=\"Bordereau d&rsquo;affiliation 2025-2026 Lire la suite\" \/>\n<meta property=\"og:url\" content=\"https:\/\/laligue53.org\/usep\/affiliation\/https-laligue53-org-usep-wp-content-uploads-2020-08-affiliation-usep-53-2020-2021-pdf\/\" \/>\n<meta property=\"og:site_name\" content=\"Comit\u00e9 d\u00e9partemental USEP(53) Mayenne\" \/>\n<meta property=\"article:modified_time\" content=\"2025-08-29T09:22:24+00:00\" \/>\n<meta name=\"twitter:label1\" content=\"Dur\u00e9e de lecture estim\u00e9e\" \/>\n\t<meta name=\"twitter:data1\" content=\"1 minute\" \/>\n<script type=\"application\/ld+json\" class=\"yoast-schema-graph\">{\"@context\":\"https:\/\/schema.org\",\"@graph\":[{\"@type\":\"WebPage\",\"@id\":\"https:\/\/laligue53.org\/usep\/affiliation\/https-laligue53-org-usep-wp-content-uploads-2020-08-affiliation-usep-53-2020-2021-pdf\/\",\"url\":\"https:\/\/laligue53.org\/usep\/affiliation\/https-laligue53-org-usep-wp-content-uploads-2020-08-affiliation-usep-53-2020-2021-pdf\/\",\"name\":\"Affiliation 2025-2026 - Comit\u00e9 d\u00e9partemental USEP(53) Mayenne\",\"isPartOf\":{\"@id\":\"https:\/\/laligue53.org\/usep\/#website\"},\"datePublished\":\"2017-11-20T13:01:08+00:00\",\"dateModified\":\"2025-08-29T09:22:24+00:00\",\"breadcrumb\":{\"@id\":\"https:\/\/laligue53.org\/usep\/affiliation\/https-laligue53-org-usep-wp-content-uploads-2020-08-affiliation-usep-53-2020-2021-pdf\/#breadcrumb\"},\"inLanguage\":\"fr-FR\",\"potentialAction\":[{\"@type\":\"ReadAction\",\"target\":[\"https:\/\/laligue53.org\/usep\/affiliation\/https-laligue53-org-usep-wp-content-uploads-2020-08-affiliation-usep-53-2020-2021-pdf\/\"]}]},{\"@type\":\"BreadcrumbList\",\"@id\":\"https:\/\/laligue53.org\/usep\/affiliation\/https-laligue53-org-usep-wp-content-uploads-2020-08-affiliation-usep-53-2020-2021-pdf\/#breadcrumb\",\"itemListElement\":[{\"@type\":\"ListItem\",\"position\":1,\"name\":\"Accueil\",\"item\":\"https:\/\/laligue53.org\/usep\/\"},{\"@type\":\"ListItem\",\"position\":2,\"name\":\"Affiliation\",\"item\":\"https:\/\/laligue53.org\/usep\/affiliation\/\"},{\"@type\":\"ListItem\",\"position\":3,\"name\":\"Affiliation 2025-2026\"}]},{\"@type\":\"WebSite\",\"@id\":\"https:\/\/laligue53.org\/usep\/#website\",\"url\":\"https:\/\/laligue53.org\/usep\/\",\"name\":\"Comit\u00e9 d\u00e9partemental USEP(53) Mayenne\",\"description\":\"USEP 53 l&#039;Union Sportive de l&#039;Enseignement du Premier degr\u00e9\",\"potentialAction\":[{\"@type\":\"SearchAction\",\"target\":{\"@type\":\"EntryPoint\",\"urlTemplate\":\"https:\/\/laligue53.org\/usep\/?s={search_term_string}\"},\"query-input\":\"required name=search_term_string\"}],\"inLanguage\":\"fr-FR\"}]}<\/script>\n<!-- \/ Yoast SEO plugin. -->","yoast_head_json":{"title":"Affiliation 2025-2026 - Comit\u00e9 d\u00e9partemental USEP(53) Mayenne","robots":{"index":"index","follow":"follow","max-snippet":"max-snippet:-1","max-image-preview":"max-image-preview:large","max-video-preview":"max-video-preview:-1"},"canonical":"https:\/\/laligue53.org\/usep\/affiliation\/https-laligue53-org-usep-wp-content-uploads-2020-08-affiliation-usep-53-2020-2021-pdf\/","og_locale":"fr_FR","og_type":"article","og_title":"Affiliation 2025-2026 - Comit\u00e9 d\u00e9partemental USEP(53) Mayenne","og_description":"Bordereau d&rsquo;affiliation 2025-2026 Lire la suite","og_url":"https:\/\/laligue53.org\/usep\/affiliation\/https-laligue53-org-usep-wp-content-uploads-2020-08-affiliation-usep-53-2020-2021-pdf\/","og_site_name":"Comit\u00e9 d\u00e9partemental USEP(53) Mayenne","article_modified_time":"2025-08-29T09:22:24+00:00","twitter_misc":{"Dur\u00e9e de lecture estim\u00e9e":"1 minute"},"schema":{"@context":"https:\/\/schema.org","@graph":[{"@type":"WebPage","@id":"https:\/\/laligue53.org\/usep\/affiliation\/https-laligue53-org-usep-wp-content-uploads-2020-08-affiliation-usep-53-2020-2021-pdf\/","url":"https:\/\/laligue53.org\/usep\/affiliation\/https-laligue53-org-usep-wp-content-uploads-2020-08-affiliation-usep-53-2020-2021-pdf\/","name":"Affiliation 2025-2026 - Comit\u00e9 d\u00e9partemental USEP(53) Mayenne","isPartOf":{"@id":"https:\/\/laligue53.org\/usep\/#website"},"datePublished":"2017-11-20T13:01:08+00:00","dateModified":"2025-08-29T09:22:24+00:00","breadcrumb":{"@id":"https:\/\/laligue53.org\/usep\/affiliation\/https-laligue53-org-usep-wp-content-uploads-2020-08-affiliation-usep-53-2020-2021-pdf\/#breadcrumb"},"inLanguage":"fr-FR","potentialAction":[{"@type":"ReadAction","target":["https:\/\/laligue53.org\/usep\/affiliation\/https-laligue53-org-usep-wp-content-uploads-2020-08-affiliation-usep-53-2020-2021-pdf\/"]}]},{"@type":"BreadcrumbList","@id":"https:\/\/laligue53.org\/usep\/affiliation\/https-laligue53-org-usep-wp-content-uploads-2020-08-affiliation-usep-53-2020-2021-pdf\/#breadcrumb","itemListElement":[{"@type":"ListItem","position":1,"name":"Accueil","item":"https:\/\/laligue53.org\/usep\/"},{"@type":"ListItem","position":2,"name":"Affiliation","item":"https:\/\/laligue53.org\/usep\/affiliation\/"},{"@type":"ListItem","position":3,"name":"Affiliation 2025-2026"}]},{"@type":"WebSite","@id":"https:\/\/laligue53.org\/usep\/#website","url":"https:\/\/laligue53.org\/usep\/","name":"Comit\u00e9 d\u00e9partemental USEP(53) Mayenne","description":"USEP 53 l&#039;Union Sportive de l&#039;Enseignement du Premier degr\u00e9","potentialAction":[{"@type":"SearchAction","target":{"@type":"EntryPoint","urlTemplate":"https:\/\/laligue53.org\/usep\/?s={search_term_string}"},"query-input":"required name=search_term_string"}],"inLanguage":"fr-FR"}]}},"_links":{"self":[{"href":"https:\/\/laligue53.org\/usep\/wp-json\/wp\/v2\/pages\/1111"}],"collection":[{"href":"https:\/\/laligue53.org\/usep\/wp-json\/wp\/v2\/pages"}],"about":[{"href":"https:\/\/laligue53.org\/usep\/wp-json\/wp\/v2\/types\/page"}],"author":[{"embeddable":true,"href":"https:\/\/laligue53.org\/usep\/wp-json\/wp\/v2\/users\/1"}],"replies":[{"embeddable":true,"href":"https:\/\/laligue53.org\/usep\/wp-json\/wp\/v2\/comments?post=1111"}],"version-history":[{"count":13,"href":"https:\/\/laligue53.org\/usep\/wp-json\/wp\/v2\/pages\/1111\/revisions"}],"predecessor-version":[{"id":1487,"href":"https:\/\/laligue53.org\/usep\/wp-json\/wp\/v2\/pages\/1111\/revisions\/1487"}],"up":[{"embeddable":true,"href":"https:\/\/laligue53.org\/usep\/wp-json\/wp\/v2\/pages\/1102"}],"wp:attachment":[{"href":"https:\/\/laligue53.org\/usep\/wp-json\/wp\/v2\/media?parent=1111"}],"curies":[{"name":"wp","href":"https:\/\/api.w.org\/{rel}","templated":true}]}}