{"id":1094,"date":"2017-11-20T11:03:58","date_gmt":"2017-11-20T11:03:58","guid":{"rendered":"http:\/\/laligue53.org\/usep\/?page_id=1094"},"modified":"2022-09-15T07:37:14","modified_gmt":"2022-09-15T07:37:14","slug":"jeux-dopposition-vers-judo","status":"publish","type":"page","link":"https:\/\/laligue53.org\/usep\/documents-pedagosiques\/jeux-dopposition-duel\/jeux-dopposition-vers-judo\/","title":{"rendered":"Jeux d&rsquo;opposition &#8211; vers le judo"},"content":{"rendered":"<p><a href=\"https:\/\/laligue53.org\/usep\/wp-content\/uploads\/2022\/09\/UA-jeux-doppo-C1-USEP-oct-2021.pdf\">Unit\u00e9 d&rsquo;apprentissage Jeux d&rsquo;opposition cycle 1<\/a><\/p>\n<p><a href=\"http:\/\/laligue53.org\/usep\/wp-content\/uploads\/2017\/11\/module-lutte-C2.pdf\">Unit\u00e9 d&rsquo;apprentissage jeux d&rsquo;opposition<\/a><\/p>\n<p><a href=\"http:\/\/laligue53.org\/usep\/wp-content\/uploads\/2017\/11\/savoirs-jeux-doppo.pdf\">Savoirs en jeux d&rsquo;opposition<\/a><\/p>\n<p><a href=\"http:\/\/laligue53.org\/usep\/wp-content\/uploads\/2017\/11\/Cycle_2_-FF-Judo.pdf\">FF Judo \u00e0 l&rsquo;\u00e9cole<\/a><\/p>\n","protected":false},"excerpt":{"rendered":"<p>Unit\u00e9 d&rsquo;apprentissage Jeux d&rsquo;opposition cycle 1 Unit\u00e9 d&rsquo;apprentissage jeux d&rsquo;opposition Savoirs en jeux d&rsquo;opposition FF Judo \u00e0 l&rsquo;\u00e9cole<\/p>\n<p class=\"continue-reading-button\"> <a class=\"continue-reading-link\" href=\"https:\/\/laligue53.org\/usep\/documents-pedagosiques\/jeux-dopposition-duel\/jeux-dopposition-vers-judo\/\">Lire la suite<i class=\"crycon-right-dir\"><\/i><\/a><\/p>\n","protected":false},"author":1,"featured_media":0,"parent":702,"menu_order":0,"comment_status":"closed","ping_status":"closed","template":"","meta":{"footnotes":""},"class_list":["post-1094","page","type-page","status-publish","hentry"],"yoast_head":"<!-- This site is optimized with the Yoast SEO plugin v19.6.1 - https:\/\/yoast.com\/wordpress\/plugins\/seo\/ -->\n<title>Jeux d&#039;opposition - vers le judo - Comit\u00e9 d\u00e9partemental USEP(53) Mayenne<\/title>\n<meta name=\"robots\" content=\"index, follow, max-snippet:-1, max-image-preview:large, max-video-preview:-1\" \/>\n<link rel=\"canonical\" href=\"https:\/\/laligue53.org\/usep\/documents-pedagosiques\/jeux-dopposition-duel\/jeux-dopposition-vers-judo\/\" \/>\n<meta property=\"og:locale\" content=\"fr_FR\" \/>\n<meta property=\"og:type\" content=\"article\" \/>\n<meta property=\"og:title\" content=\"Jeux d&#039;opposition - vers le judo - Comit\u00e9 d\u00e9partemental USEP(53) Mayenne\" \/>\n<meta property=\"og:description\" content=\"Unit\u00e9 d&rsquo;apprentissage Jeux d&rsquo;opposition cycle 1 Unit\u00e9 d&rsquo;apprentissage jeux d&rsquo;opposition Savoirs en jeux d&rsquo;opposition FF Judo \u00e0 l&rsquo;\u00e9cole Lire la suite\" \/>\n<meta property=\"og:url\" content=\"https:\/\/laligue53.org\/usep\/documents-pedagosiques\/jeux-dopposition-duel\/jeux-dopposition-vers-judo\/\" \/>\n<meta property=\"og:site_name\" content=\"Comit\u00e9 d\u00e9partemental USEP(53) Mayenne\" \/>\n<meta property=\"article:modified_time\" content=\"2022-09-15T07:37:14+00:00\" \/>\n<meta name=\"twitter:label1\" content=\"Dur\u00e9e de lecture estim\u00e9e\" \/>\n\t<meta name=\"twitter:data1\" content=\"1 minute\" \/>\n<script type=\"application\/ld+json\" class=\"yoast-schema-graph\">{\"@context\":\"https:\/\/schema.org\",\"@graph\":[{\"@type\":\"WebPage\",\"@id\":\"https:\/\/laligue53.org\/usep\/documents-pedagosiques\/jeux-dopposition-duel\/jeux-dopposition-vers-judo\/\",\"url\":\"https:\/\/laligue53.org\/usep\/documents-pedagosiques\/jeux-dopposition-duel\/jeux-dopposition-vers-judo\/\",\"name\":\"Jeux d'opposition - vers le judo - Comit\u00e9 d\u00e9partemental USEP(53) Mayenne\",\"isPartOf\":{\"@id\":\"https:\/\/laligue53.org\/usep\/#website\"},\"datePublished\":\"2017-11-20T11:03:58+00:00\",\"dateModified\":\"2022-09-15T07:37:14+00:00\",\"breadcrumb\":{\"@id\":\"https:\/\/laligue53.org\/usep\/documents-pedagosiques\/jeux-dopposition-duel\/jeux-dopposition-vers-judo\/#breadcrumb\"},\"inLanguage\":\"fr-FR\",\"potentialAction\":[{\"@type\":\"ReadAction\",\"target\":[\"https:\/\/laligue53.org\/usep\/documents-pedagosiques\/jeux-dopposition-duel\/jeux-dopposition-vers-judo\/\"]}]},{\"@type\":\"BreadcrumbList\",\"@id\":\"https:\/\/laligue53.org\/usep\/documents-pedagosiques\/jeux-dopposition-duel\/jeux-dopposition-vers-judo\/#breadcrumb\",\"itemListElement\":[{\"@type\":\"ListItem\",\"position\":1,\"name\":\"Accueil\",\"item\":\"https:\/\/laligue53.org\/usep\/\"},{\"@type\":\"ListItem\",\"position\":2,\"name\":\"Dynamique Sportive (documents p\u00e9dagogiques)\",\"item\":\"https:\/\/laligue53.org\/usep\/documents-pedagosiques\/\"},{\"@type\":\"ListItem\",\"position\":3,\"name\":\"Jeux d&rsquo;opposition duel\",\"item\":\"https:\/\/laligue53.org\/usep\/documents-pedagosiques\/jeux-dopposition-duel\/\"},{\"@type\":\"ListItem\",\"position\":4,\"name\":\"Jeux d&rsquo;opposition &#8211; vers le judo\"}]},{\"@type\":\"WebSite\",\"@id\":\"https:\/\/laligue53.org\/usep\/#website\",\"url\":\"https:\/\/laligue53.org\/usep\/\",\"name\":\"Comit\u00e9 d\u00e9partemental USEP(53) Mayenne\",\"description\":\"USEP 53 l&#039;Union Sportive de l&#039;Enseignement du Premier degr\u00e9\",\"potentialAction\":[{\"@type\":\"SearchAction\",\"target\":{\"@type\":\"EntryPoint\",\"urlTemplate\":\"https:\/\/laligue53.org\/usep\/?s={search_term_string}\"},\"query-input\":\"required name=search_term_string\"}],\"inLanguage\":\"fr-FR\"}]}<\/script>\n<!-- \/ Yoast SEO plugin. -->","yoast_head_json":{"title":"Jeux d'opposition - vers le judo - Comit\u00e9 d\u00e9partemental USEP(53) Mayenne","robots":{"index":"index","follow":"follow","max-snippet":"max-snippet:-1","max-image-preview":"max-image-preview:large","max-video-preview":"max-video-preview:-1"},"canonical":"https:\/\/laligue53.org\/usep\/documents-pedagosiques\/jeux-dopposition-duel\/jeux-dopposition-vers-judo\/","og_locale":"fr_FR","og_type":"article","og_title":"Jeux d'opposition - vers le judo - Comit\u00e9 d\u00e9partemental USEP(53) Mayenne","og_description":"Unit\u00e9 d&rsquo;apprentissage Jeux d&rsquo;opposition cycle 1 Unit\u00e9 d&rsquo;apprentissage jeux d&rsquo;opposition Savoirs en jeux d&rsquo;opposition FF Judo \u00e0 l&rsquo;\u00e9cole Lire la suite","og_url":"https:\/\/laligue53.org\/usep\/documents-pedagosiques\/jeux-dopposition-duel\/jeux-dopposition-vers-judo\/","og_site_name":"Comit\u00e9 d\u00e9partemental USEP(53) Mayenne","article_modified_time":"2022-09-15T07:37:14+00:00","twitter_misc":{"Dur\u00e9e de lecture estim\u00e9e":"1 minute"},"schema":{"@context":"https:\/\/schema.org","@graph":[{"@type":"WebPage","@id":"https:\/\/laligue53.org\/usep\/documents-pedagosiques\/jeux-dopposition-duel\/jeux-dopposition-vers-judo\/","url":"https:\/\/laligue53.org\/usep\/documents-pedagosiques\/jeux-dopposition-duel\/jeux-dopposition-vers-judo\/","name":"Jeux d'opposition - vers le judo - Comit\u00e9 d\u00e9partemental USEP(53) Mayenne","isPartOf":{"@id":"https:\/\/laligue53.org\/usep\/#website"},"datePublished":"2017-11-20T11:03:58+00:00","dateModified":"2022-09-15T07:37:14+00:00","breadcrumb":{"@id":"https:\/\/laligue53.org\/usep\/documents-pedagosiques\/jeux-dopposition-duel\/jeux-dopposition-vers-judo\/#breadcrumb"},"inLanguage":"fr-FR","potentialAction":[{"@type":"ReadAction","target":["https:\/\/laligue53.org\/usep\/documents-pedagosiques\/jeux-dopposition-duel\/jeux-dopposition-vers-judo\/"]}]},{"@type":"BreadcrumbList","@id":"https:\/\/laligue53.org\/usep\/documents-pedagosiques\/jeux-dopposition-duel\/jeux-dopposition-vers-judo\/#breadcrumb","itemListElement":[{"@type":"ListItem","position":1,"name":"Accueil","item":"https:\/\/laligue53.org\/usep\/"},{"@type":"ListItem","position":2,"name":"Dynamique Sportive (documents p\u00e9dagogiques)","item":"https:\/\/laligue53.org\/usep\/documents-pedagosiques\/"},{"@type":"ListItem","position":3,"name":"Jeux d&rsquo;opposition duel","item":"https:\/\/laligue53.org\/usep\/documents-pedagosiques\/jeux-dopposition-duel\/"},{"@type":"ListItem","position":4,"name":"Jeux d&rsquo;opposition &#8211; vers le judo"}]},{"@type":"WebSite","@id":"https:\/\/laligue53.org\/usep\/#website","url":"https:\/\/laligue53.org\/usep\/","name":"Comit\u00e9 d\u00e9partemental USEP(53) Mayenne","description":"USEP 53 l&#039;Union Sportive de l&#039;Enseignement du Premier degr\u00e9","potentialAction":[{"@type":"SearchAction","target":{"@type":"EntryPoint","urlTemplate":"https:\/\/laligue53.org\/usep\/?s={search_term_string}"},"query-input":"required name=search_term_string"}],"inLanguage":"fr-FR"}]}},"_links":{"self":[{"href":"https:\/\/laligue53.org\/usep\/wp-json\/wp\/v2\/pages\/1094"}],"collection":[{"href":"https:\/\/laligue53.org\/usep\/wp-json\/wp\/v2\/pages"}],"about":[{"href":"https:\/\/laligue53.org\/usep\/wp-json\/wp\/v2\/types\/page"}],"author":[{"embeddable":true,"href":"https:\/\/laligue53.org\/usep\/wp-json\/wp\/v2\/users\/1"}],"replies":[{"embeddable":true,"href":"https:\/\/laligue53.org\/usep\/wp-json\/wp\/v2\/comments?post=1094"}],"version-history":[{"count":4,"href":"https:\/\/laligue53.org\/usep\/wp-json\/wp\/v2\/pages\/1094\/revisions"}],"predecessor-version":[{"id":1356,"href":"https:\/\/laligue53.org\/usep\/wp-json\/wp\/v2\/pages\/1094\/revisions\/1356"}],"up":[{"embeddable":true,"href":"https:\/\/laligue53.org\/usep\/wp-json\/wp\/v2\/pages\/702"}],"wp:attachment":[{"href":"https:\/\/laligue53.org\/usep\/wp-json\/wp\/v2\/media?parent=1094"}],"curies":[{"name":"wp","href":"https:\/\/api.w.org\/{rel}","templated":true}]}}