{"id":5466,"date":"2022-05-16T16:56:24","date_gmt":"2022-05-16T14:56:24","guid":{"rendered":"https:\/\/laligue53.org\/?page_id=5466"},"modified":"2024-12-10T10:29:38","modified_gmt":"2024-12-10T09:29:38","slug":"offres-demploi","status":"publish","type":"page","link":"https:\/\/laligue53.org\/index.php\/offres-demploi\/","title":{"rendered":"Offres d&#8217;emploi"},"content":{"rendered":"\t\t<div data-elementor-type=\"wp-page\" data-elementor-id=\"5466\" class=\"elementor elementor-5466\" data-elementor-settings=\"{&quot;ha_cmc_init_switcher&quot;:&quot;no&quot;}\">\n\t\t\t\t\t\t<section class=\"elementor-section elementor-top-section elementor-element elementor-element-7c4652c4 elementor-section-height-full elementor-section-content-middle elementor-section-stretched elementor-section-boxed elementor-section-height-default elementor-section-items-middle exad-glass-effect-no wpr-equal-height-no exad-sticky-section-no\" data-id=\"7c4652c4\" data-element_type=\"section\" data-settings=\"{&quot;background_background&quot;:&quot;classic&quot;,&quot;stretch_section&quot;:&quot;section-stretched&quot;,&quot;_ha_eqh_enable&quot;:false}\">\n\t\t\t\t\t\t\t<div class=\"elementor-background-overlay\"><\/div>\n\t\t\t\t\t\t\t<div class=\"elementor-container elementor-column-gap-default\">\n\t\t\t\t\t<div class=\"elementor-column elementor-col-100 elementor-top-column elementor-element elementor-element-2f096f87 exad-glass-effect-no exad-sticky-section-no\" data-id=\"2f096f87\" data-element_type=\"column\">\n\t\t\t<div class=\"elementor-widget-wrap elementor-element-populated\">\n\t\t\t\t\t\t<div class=\"elementor-element elementor-element-5d24ed45 exad-sticky-section-no exad-glass-effect-no elementor-widget elementor-widget-heading\" data-id=\"5d24ed45\" data-element_type=\"widget\" data-widget_type=\"heading.default\">\n\t\t\t\t<div class=\"elementor-widget-container\">\n\t\t\t\t\t<h2 class=\"elementor-heading-title elementor-size-default\">Rejoignez l'\u00e9quipe !<\/h2>\t\t\t\t<\/div>\n\t\t\t\t<\/div>\n\t\t\t\t<div class=\"elementor-element elementor-element-fd4d3dc exad-sticky-section-no exad-glass-effect-no elementor-widget elementor-widget-heading\" data-id=\"fd4d3dc\" data-element_type=\"widget\" data-widget_type=\"heading.default\">\n\t\t\t\t<div class=\"elementor-widget-container\">\n\t\t\t\t\t<h4 class=\"elementor-heading-title elementor-size-default\"> consultez nos offres d'emploi <\/h4>\t\t\t\t<\/div>\n\t\t\t\t<\/div>\n\t\t\t\t\t<\/div>\n\t\t<\/div>\n\t\t\t\t\t<\/div>\n\t\t<\/section>\n\t\t\t\t<section class=\"elementor-section elementor-top-section elementor-element elementor-element-11e6a68d elementor-section-boxed elementor-section-height-default elementor-section-height-default exad-glass-effect-no wpr-equal-height-no exad-sticky-section-no\" data-id=\"11e6a68d\" data-element_type=\"section\" data-settings=\"{&quot;_ha_eqh_enable&quot;:false}\">\n\t\t\t\t\t\t<div class=\"elementor-container elementor-column-gap-default\">\n\t\t\t\t\t<div class=\"elementor-column elementor-col-100 elementor-top-column elementor-element elementor-element-5bad31f1 exad-glass-effect-no exad-sticky-section-no\" data-id=\"5bad31f1\" data-element_type=\"column\">\n\t\t\t<div class=\"elementor-widget-wrap elementor-element-populated\">\n\t\t\t\t\t\t<div class=\"elementor-element elementor-element-60da569 exad-sticky-section-no exad-glass-effect-no elementor-widget elementor-widget-spacer\" data-id=\"60da569\" data-element_type=\"widget\" data-widget_type=\"spacer.default\">\n\t\t\t\t<div class=\"elementor-widget-container\">\n\t\t\t\t\t\t\t<div class=\"elementor-spacer\">\n\t\t\t<div class=\"elementor-spacer-inner\"><\/div>\n\t\t<\/div>\n\t\t\t\t\t\t<\/div>\n\t\t\t\t<\/div>\n\t\t\t\t\t<\/div>\n\t\t<\/div>\n\t\t\t\t\t<\/div>\n\t\t<\/section>\n\t\t\t\t<section class=\"elementor-section elementor-top-section elementor-element elementor-element-f1fef01 elementor-section-boxed elementor-section-height-default elementor-section-height-default exad-glass-effect-no wpr-equal-height-no exad-sticky-section-no\" data-id=\"f1fef01\" data-element_type=\"section\" data-settings=\"{&quot;_ha_eqh_enable&quot;:false}\">\n\t\t\t\t\t\t<div class=\"elementor-container elementor-column-gap-default\">\n\t\t\t\t\t<div class=\"elementor-column elementor-col-100 elementor-top-column elementor-element elementor-element-b57130d exad-glass-effect-no exad-sticky-section-no\" data-id=\"b57130d\" data-element_type=\"column\">\n\t\t\t<div class=\"elementor-widget-wrap elementor-element-populated\">\n\t\t\t\t\t\t<div class=\"elementor-element elementor-element-0e0933a exad-sticky-section-no exad-glass-effect-no elementor-widget elementor-widget-heading\" data-id=\"0e0933a\" data-element_type=\"widget\" data-widget_type=\"heading.default\">\n\t\t\t\t<div class=\"elementor-widget-container\">\n\t\t\t\t\t<h4 class=\"elementor-heading-title elementor-size-default\">La Ligue de l'enseignement - FAL 53<\/h4>\t\t\t\t<\/div>\n\t\t\t\t<\/div>\n\t\t\t\t<div class=\"elementor-element elementor-element-c3fc5a9 exad-sticky-section-no exad-glass-effect-no elementor-widget elementor-widget-heading\" data-id=\"c3fc5a9\" data-element_type=\"widget\" data-widget_type=\"heading.default\">\n\t\t\t\t<div class=\"elementor-widget-container\">\n\t\t\t\t\t<h2 class=\"elementor-heading-title elementor-size-default\">Emplois &amp; stages<\/h2>\t\t\t\t<\/div>\n\t\t\t\t<\/div>\n\t\t\t\t<div class=\"elementor-element elementor-element-88e57e1 elementor-widget-divider--view-line exad-sticky-section-no exad-glass-effect-no elementor-widget elementor-widget-divider\" data-id=\"88e57e1\" data-element_type=\"widget\" data-widget_type=\"divider.default\">\n\t\t\t\t<div class=\"elementor-widget-container\">\n\t\t\t\t\t\t\t<div class=\"elementor-divider\">\n\t\t\t<span class=\"elementor-divider-separator\">\n\t\t\t\t\t\t<\/span>\n\t\t<\/div>\n\t\t\t\t\t\t<\/div>\n\t\t\t\t<\/div>\n\t\t\t\t\t<\/div>\n\t\t<\/div>\n\t\t\t\t\t<\/div>\n\t\t<\/section>\n\t\t\t\t<section class=\"elementor-section elementor-top-section elementor-element elementor-element-28ccbe7 elementor-section-boxed elementor-section-height-default elementor-section-height-default exad-glass-effect-no wpr-equal-height-no exad-sticky-section-no\" data-id=\"28ccbe7\" data-element_type=\"section\" data-settings=\"{&quot;_ha_eqh_enable&quot;:false}\">\n\t\t\t\t\t\t<div class=\"elementor-container elementor-column-gap-default\">\n\t\t\t\t\t<div class=\"elementor-column elementor-col-50 elementor-top-column elementor-element elementor-element-98db119 exad-glass-effect-no exad-sticky-section-no\" data-id=\"98db119\" data-element_type=\"column\">\n\t\t\t<div class=\"elementor-widget-wrap elementor-element-populated\">\n\t\t\t\t\t\t<div class=\"elementor-element elementor-element-f8c46ca premium-title-flex-start premium-title-color exad-sticky-section-no exad-glass-effect-no elementor-widget elementor-widget-premium-addon-title\" data-id=\"f8c46ca\" data-element_type=\"widget\" data-widget_type=\"premium-addon-title.default\">\n\t\t\t\t<div class=\"elementor-widget-container\">\n\t\t\t\t\t\n\t\t<div class=\"premium-title-container style4\">\n\t\t\t<h3 class=\"premium-title-header premium-title-style4\">\n\t\t\t\t\n\t\t\t\t\n\t\t\t\t\t\t\t\t\t\t\t\t<span class=\"premium-title-text\">\n\t\t\t\t\tOffre d'alternance\t\t\t\t<\/span>\n\t\t\t\t\t\n\t\t\t\t\t\t\t\t\n\t\t\t\t\t\t\t<\/h3>\n\n\t\t<\/div>\n\n\t\t\t\t\t\t<\/div>\n\t\t\t\t<\/div>\n\t\t\t\t<div class=\"elementor-element elementor-element-e721ccc exad-sticky-section-no exad-glass-effect-no elementor-widget elementor-widget-text-editor\" data-id=\"e721ccc\" data-element_type=\"widget\" data-widget_type=\"text-editor.default\">\n\t\t\t\t<div class=\"elementor-widget-container\">\n\t\t\t\t\t\t\t\t\t<p><span style=\"color: #ffffff;\">La Ligue de l&rsquo;enseignement &#8211; FAL 53 recherche un.e m\u00e9diateur.trice culturelle lecture, spectacle vivant, cin\u00e9ma en alternance.<\/span><\/p><ul><li><span style=\"color: #ffffff;\"><strong>Service :<\/strong> Culturel<\/span><\/li><li><span style=\"color: #ffffff;\"><strong>Prise de poste :<\/strong> septembre 2024 <\/span><\/li><li><span style=\"color: #ffffff;\"><strong>Type :<\/strong> Alternance<\/span><\/li><li><span style=\"color: #ffffff;\"><strong>Lieu du stage :<\/strong>\u00a0 Laval<\/span><\/li><li><span style=\"color: #ffffff;\"><strong>Candidature :<\/strong> \u00e0 envoyer avant le 12 juillet 2024<\/span><\/li><\/ul>\t\t\t\t\t\t\t\t<\/div>\n\t\t\t\t<\/div>\n\t\t\t\t<div class=\"elementor-element elementor-element-5fdfd12 pa-icon-pos-after e-transform premium-lq__none exad-sticky-section-no exad-glass-effect-no elementor-widget elementor-widget-premium-addon-button\" data-id=\"5fdfd12\" data-element_type=\"widget\" data-settings=\"{&quot;_animation_mobile&quot;:&quot;none&quot;,&quot;_transform_scale_effect&quot;:{&quot;unit&quot;:&quot;px&quot;,&quot;size&quot;:&quot;&quot;,&quot;sizes&quot;:[]},&quot;_transform_scale_effect_tablet&quot;:{&quot;unit&quot;:&quot;px&quot;,&quot;size&quot;:&quot;&quot;,&quot;sizes&quot;:[]},&quot;_transform_scale_effect_mobile&quot;:{&quot;unit&quot;:&quot;px&quot;,&quot;size&quot;:&quot;&quot;,&quot;sizes&quot;:[]}}\" data-widget_type=\"premium-addon-button.default\">\n\t\t\t\t<div class=\"elementor-widget-container\">\n\t\t\t\t\t\n\n\t\t<a class=\"premium-button premium-button-style3 premium-btn-block premium-button-style3-after\" target=\"_blank\">\n\t\t\t<div class=\"premium-button-text-icon-wrapper\">\n\t\t\t\t\n\t\t\t\t\t\t\t\t\t\t\t\t\t\t\t\t\t\t<svg class=\"svg-inline--fas-fa-arrow-alt-circle-right premium-drawable-icon premium-svg-nodraw\" aria-hidden='true' xmlns='http:\/\/www.w3.org\/2000\/svg' viewBox='0 0 512 512'><path d=\"M256 8c137 0 248 111 248 248S393 504 256 504 8 393 8 256 119 8 256 8zM140 300h116v70.9c0 10.7 13 16.1 20.5 8.5l114.3-114.9c4.7-4.7 4.7-12.2 0-16.9l-114.3-115c-7.6-7.6-20.5-2.2-20.5 8.5V212H140c-6.6 0-12 5.4-12 12v64c0 6.6 5.4 12 12 12z\"><\/path><\/svg>\t\t\t\t\t\t\t\t\t\t\t\t\t\t\t\n\t\t\t\t\t\t\t\t\t<span >\n\t\t\t\t\t\tD\u00e9tails de l'offre \t\t\t\t\t<\/span>\n\t\t\t\t\t\t\t<\/div>\n\n\t\t\t\n\t\t\t\n\t\t\t\n\t\t<\/a>\n\n\n\t\t\t\t\t\t<\/div>\n\t\t\t\t<\/div>\n\t\t\t\t\t<\/div>\n\t\t<\/div>\n\t\t\t\t<div class=\"elementor-column elementor-col-50 elementor-top-column elementor-element elementor-element-1f21552 exad-glass-effect-no exad-sticky-section-no\" data-id=\"1f21552\" data-element_type=\"column\">\n\t\t\t<div class=\"elementor-widget-wrap\">\n\t\t\t\t\t\t\t<\/div>\n\t\t<\/div>\n\t\t\t\t\t<\/div>\n\t\t<\/section>\n\t\t\t\t<section class=\"elementor-section elementor-top-section elementor-element elementor-element-d6468d8 elementor-section-boxed elementor-section-height-default elementor-section-height-default exad-glass-effect-no wpr-equal-height-no exad-sticky-section-no\" data-id=\"d6468d8\" data-element_type=\"section\" data-settings=\"{&quot;_ha_eqh_enable&quot;:false}\">\n\t\t\t\t\t\t<div class=\"elementor-container elementor-column-gap-default\">\n\t\t\t\t\t<div class=\"elementor-column elementor-col-100 elementor-top-column elementor-element elementor-element-2f670cf exad-glass-effect-no exad-sticky-section-no\" data-id=\"2f670cf\" data-element_type=\"column\">\n\t\t\t<div class=\"elementor-widget-wrap elementor-element-populated\">\n\t\t\t\t\t\t<div class=\"elementor-element elementor-element-14508bb exad-sticky-section-no exad-glass-effect-no elementor-widget elementor-widget-heading\" data-id=\"14508bb\" data-element_type=\"widget\" data-widget_type=\"heading.default\">\n\t\t\t\t<div class=\"elementor-widget-container\">\n\t\t\t\t\t<h4 class=\"elementor-heading-title elementor-size-default\">Notre r\u00e9seau<\/h4>\t\t\t\t<\/div>\n\t\t\t\t<\/div>\n\t\t\t\t<div class=\"elementor-element elementor-element-5fdc3c4 exad-sticky-section-no exad-glass-effect-no elementor-widget elementor-widget-heading\" data-id=\"5fdc3c4\" data-element_type=\"widget\" data-widget_type=\"heading.default\">\n\t\t\t\t<div class=\"elementor-widget-container\">\n\t\t\t\t\t<h2 class=\"elementor-heading-title elementor-size-default\">Emplois &amp; stages<\/h2>\t\t\t\t<\/div>\n\t\t\t\t<\/div>\n\t\t\t\t<div class=\"elementor-element elementor-element-3031c4d elementor-widget-divider--view-line exad-sticky-section-no exad-glass-effect-no elementor-widget elementor-widget-divider\" data-id=\"3031c4d\" data-element_type=\"widget\" data-widget_type=\"divider.default\">\n\t\t\t\t<div class=\"elementor-widget-container\">\n\t\t\t\t\t\t\t<div class=\"elementor-divider\">\n\t\t\t<span class=\"elementor-divider-separator\">\n\t\t\t\t\t\t<\/span>\n\t\t<\/div>\n\t\t\t\t\t\t<\/div>\n\t\t\t\t<\/div>\n\t\t\t\t\t<\/div>\n\t\t<\/div>\n\t\t\t\t\t<\/div>\n\t\t<\/section>\n\t\t\t\t<section class=\"elementor-section elementor-top-section elementor-element elementor-element-299e995 elementor-section-boxed elementor-section-height-default elementor-section-height-default exad-glass-effect-no wpr-equal-height-no exad-sticky-section-no\" data-id=\"299e995\" data-element_type=\"section\" data-settings=\"{&quot;_ha_eqh_enable&quot;:false}\">\n\t\t\t\t\t\t<div class=\"elementor-container elementor-column-gap-default\">\n\t\t\t\t\t<div class=\"elementor-column elementor-col-50 elementor-top-column elementor-element elementor-element-c9ee64f exad-glass-effect-no exad-sticky-section-no\" data-id=\"c9ee64f\" data-element_type=\"column\">\n\t\t\t<div class=\"elementor-widget-wrap\">\n\t\t\t\t\t\t\t<\/div>\n\t\t<\/div>\n\t\t\t\t<div class=\"elementor-column elementor-col-50 elementor-top-column elementor-element elementor-element-b76e1d8 exad-glass-effect-no exad-sticky-section-no\" data-id=\"b76e1d8\" data-element_type=\"column\">\n\t\t\t<div class=\"elementor-widget-wrap\">\n\t\t\t\t\t\t\t<\/div>\n\t\t<\/div>\n\t\t\t\t\t<\/div>\n\t\t<\/section>\n\t\t\t\t<\/div>\n\t\t","protected":false},"excerpt":{"rendered":"<p>Rejoignez l&rsquo;\u00e9quipe ! consultez nos offres d&#8217;emploi La Ligue de l&rsquo;enseignement &#8211; FAL 53 Emplois &amp; stages Offre d&rsquo;alternance La Ligue de l&rsquo;enseignement &#8211; FAL 53 recherche un.e m\u00e9diateur.trice culturelle lecture, spectacle vivant, cin\u00e9ma en alternance. Service : Culturel Prise de poste : septembre 2024 Type : Alternance Lieu du stage :\u00a0 Laval Candidature : \u00e0 envoyer avant le 12 juillet 2024 D\u00e9tails de l&rsquo;offre Notre r\u00e9seau Emplois &amp; stages<\/p>\n","protected":false},"author":1,"featured_media":0,"parent":0,"menu_order":0,"comment_status":"closed","ping_status":"closed","template":"elementor_theme","meta":{"_uag_custom_page_level_css":"","h5ap_radio_sources":[],"footnotes":""},"class_list":["post-5466","page","type-page","status-publish","hentry"],"yoast_head":"<!-- This site is optimized with the Yoast SEO plugin v27.3 - https:\/\/yoast.com\/product\/yoast-seo-wordpress\/ -->\n<title>Offres d&#039;emploi -<\/title>\n<meta name=\"robots\" content=\"index, follow, max-snippet:-1, max-image-preview:large, max-video-preview:-1\" \/>\n<link rel=\"canonical\" href=\"https:\/\/laligue53.org\/index.php\/offres-demploi\/\" \/>\n<meta property=\"og:locale\" content=\"fr_FR\" \/>\n<meta property=\"og:type\" content=\"article\" \/>\n<meta property=\"og:title\" content=\"Offres d&#039;emploi -\" \/>\n<meta property=\"og:description\" content=\"Rejoignez l&rsquo;\u00e9quipe ! consultez nos offres d&#8217;emploi La Ligue de l&rsquo;enseignement &#8211; FAL 53 Emplois &amp; stages Offre d&rsquo;alternance La Ligue de l&rsquo;enseignement &#8211; FAL 53 recherche un.e m\u00e9diateur.trice culturelle lecture, spectacle vivant, cin\u00e9ma en alternance. Service : Culturel Prise de poste : septembre 2024 Type : Alternance Lieu du stage :\u00a0 Laval Candidature : \u00e0 envoyer avant le 12 juillet 2024 D\u00e9tails de l&rsquo;offre Notre r\u00e9seau Emplois &amp; stages\" \/>\n<meta property=\"og:url\" content=\"https:\/\/laligue53.org\/index.php\/offres-demploi\/\" \/>\n<meta property=\"article:modified_time\" content=\"2024-12-10T09:29:38+00:00\" \/>\n<meta name=\"twitter:card\" content=\"summary_large_image\" \/>\n<meta name=\"twitter:label1\" content=\"Dur\u00e9e de lecture estim\u00e9e\" \/>\n\t<meta name=\"twitter:data1\" content=\"1 minute\" \/>\n<script type=\"application\/ld+json\" class=\"yoast-schema-graph\">{\"@context\":\"https:\\\/\\\/schema.org\",\"@graph\":[{\"@type\":\"WebPage\",\"@id\":\"https:\\\/\\\/laligue53.org\\\/index.php\\\/offres-demploi\\\/\",\"url\":\"https:\\\/\\\/laligue53.org\\\/index.php\\\/offres-demploi\\\/\",\"name\":\"Offres d'emploi -\",\"isPartOf\":{\"@id\":\"https:\\\/\\\/laligue53.org\\\/#website\"},\"datePublished\":\"2022-05-16T14:56:24+00:00\",\"dateModified\":\"2024-12-10T09:29:38+00:00\",\"breadcrumb\":{\"@id\":\"https:\\\/\\\/laligue53.org\\\/index.php\\\/offres-demploi\\\/#breadcrumb\"},\"inLanguage\":\"fr-FR\",\"potentialAction\":[{\"@type\":\"ReadAction\",\"target\":[\"https:\\\/\\\/laligue53.org\\\/index.php\\\/offres-demploi\\\/\"]}]},{\"@type\":\"BreadcrumbList\",\"@id\":\"https:\\\/\\\/laligue53.org\\\/index.php\\\/offres-demploi\\\/#breadcrumb\",\"itemListElement\":[{\"@type\":\"ListItem\",\"position\":1,\"name\":\"Accueil\",\"item\":\"https:\\\/\\\/laligue53.org\\\/\"},{\"@type\":\"ListItem\",\"position\":2,\"name\":\"Offres d&#8217;emploi\"}]},{\"@type\":\"WebSite\",\"@id\":\"https:\\\/\\\/laligue53.org\\\/#website\",\"url\":\"https:\\\/\\\/laligue53.org\\\/\",\"name\":\"\",\"description\":\"S&#039;associer est une force\",\"potentialAction\":[{\"@type\":\"SearchAction\",\"target\":{\"@type\":\"EntryPoint\",\"urlTemplate\":\"https:\\\/\\\/laligue53.org\\\/?s={search_term_string}\"},\"query-input\":{\"@type\":\"PropertyValueSpecification\",\"valueRequired\":true,\"valueName\":\"search_term_string\"}}],\"inLanguage\":\"fr-FR\"}]}<\/script>\n<!-- \/ Yoast SEO plugin. -->","yoast_head_json":{"title":"Offres d'emploi -","robots":{"index":"index","follow":"follow","max-snippet":"max-snippet:-1","max-image-preview":"max-image-preview:large","max-video-preview":"max-video-preview:-1"},"canonical":"https:\/\/laligue53.org\/index.php\/offres-demploi\/","og_locale":"fr_FR","og_type":"article","og_title":"Offres d'emploi -","og_description":"Rejoignez l&rsquo;\u00e9quipe ! consultez nos offres d&#8217;emploi La Ligue de l&rsquo;enseignement &#8211; FAL 53 Emplois &amp; stages Offre d&rsquo;alternance La Ligue de l&rsquo;enseignement &#8211; FAL 53 recherche un.e m\u00e9diateur.trice culturelle lecture, spectacle vivant, cin\u00e9ma en alternance. Service : Culturel Prise de poste : septembre 2024 Type : Alternance Lieu du stage :\u00a0 Laval Candidature : \u00e0 envoyer avant le 12 juillet 2024 D\u00e9tails de l&rsquo;offre Notre r\u00e9seau Emplois &amp; stages","og_url":"https:\/\/laligue53.org\/index.php\/offres-demploi\/","article_modified_time":"2024-12-10T09:29:38+00:00","twitter_card":"summary_large_image","twitter_misc":{"Dur\u00e9e de lecture estim\u00e9e":"1 minute"},"schema":{"@context":"https:\/\/schema.org","@graph":[{"@type":"WebPage","@id":"https:\/\/laligue53.org\/index.php\/offres-demploi\/","url":"https:\/\/laligue53.org\/index.php\/offres-demploi\/","name":"Offres d'emploi -","isPartOf":{"@id":"https:\/\/laligue53.org\/#website"},"datePublished":"2022-05-16T14:56:24+00:00","dateModified":"2024-12-10T09:29:38+00:00","breadcrumb":{"@id":"https:\/\/laligue53.org\/index.php\/offres-demploi\/#breadcrumb"},"inLanguage":"fr-FR","potentialAction":[{"@type":"ReadAction","target":["https:\/\/laligue53.org\/index.php\/offres-demploi\/"]}]},{"@type":"BreadcrumbList","@id":"https:\/\/laligue53.org\/index.php\/offres-demploi\/#breadcrumb","itemListElement":[{"@type":"ListItem","position":1,"name":"Accueil","item":"https:\/\/laligue53.org\/"},{"@type":"ListItem","position":2,"name":"Offres d&#8217;emploi"}]},{"@type":"WebSite","@id":"https:\/\/laligue53.org\/#website","url":"https:\/\/laligue53.org\/","name":"","description":"S&#039;associer est une force","potentialAction":[{"@type":"SearchAction","target":{"@type":"EntryPoint","urlTemplate":"https:\/\/laligue53.org\/?s={search_term_string}"},"query-input":{"@type":"PropertyValueSpecification","valueRequired":true,"valueName":"search_term_string"}}],"inLanguage":"fr-FR"}]}},"uagb_featured_image_src":{"full":false,"thumbnail":false,"medium":false,"medium_large":false,"large":false,"1536x1536":false,"2048x2048":false},"uagb_author_info":{"display_name":"solene","author_link":"https:\/\/laligue53.org\/index.php\/author\/solene\/"},"uagb_comment_info":0,"uagb_excerpt":"Rejoignez l&rsquo;\u00e9quipe ! consultez nos offres d&#8217;emploi La Ligue de l&rsquo;enseignement &#8211; FAL 53 Emplois &amp; stages Offre d&rsquo;alternance La Ligue de l&rsquo;enseignement &#8211; FAL 53 recherche un.e m\u00e9diateur.trice culturelle lecture, spectacle vivant, cin\u00e9ma en alternance. Service : Culturel Prise de poste : septembre 2024 Type : Alternance Lieu du stage :\u00a0 Laval Candidature :\u2026","_links":{"self":[{"href":"https:\/\/laligue53.org\/index.php\/wp-json\/wp\/v2\/pages\/5466","targetHints":{"allow":["GET"]}}],"collection":[{"href":"https:\/\/laligue53.org\/index.php\/wp-json\/wp\/v2\/pages"}],"about":[{"href":"https:\/\/laligue53.org\/index.php\/wp-json\/wp\/v2\/types\/page"}],"author":[{"embeddable":true,"href":"https:\/\/laligue53.org\/index.php\/wp-json\/wp\/v2\/users\/1"}],"replies":[{"embeddable":true,"href":"https:\/\/laligue53.org\/index.php\/wp-json\/wp\/v2\/comments?post=5466"}],"version-history":[{"count":232,"href":"https:\/\/laligue53.org\/index.php\/wp-json\/wp\/v2\/pages\/5466\/revisions"}],"predecessor-version":[{"id":10375,"href":"https:\/\/laligue53.org\/index.php\/wp-json\/wp\/v2\/pages\/5466\/revisions\/10375"}],"wp:attachment":[{"href":"https:\/\/laligue53.org\/index.php\/wp-json\/wp\/v2\/media?parent=5466"}],"curies":[{"name":"wp","href":"https:\/\/api.w.org\/{rel}","templated":true}]}}